{"id":5932,"date":"2023-01-26T11:31:55","date_gmt":"2023-01-26T10:31:55","guid":{"rendered":"https:\/\/visitmaacher.lu\/apps\/"},"modified":"2023-02-22T11:32:51","modified_gmt":"2023-02-22T10:32:51","slug":"apps","status":"publish","type":"page","link":"https:\/\/visitmaacher.lu\/fr\/apps\/","title":{"rendered":"La m\u00e9tropole de la Moselle sur votre smartphone"},"content":{"rendered":"<div class=\"wpb-content-wrapper\"><p>[vc_row css=&#8221;.vc_custom_1612360581128{padding-top: 100px !important;}&#8221;][vc_column width=&#8221;1\/3&#8243;][vc_single_image image=&#8221;5825&#8243; img_size=&#8221;medium&#8221;][\/vc_column][vc_column width=&#8221;2\/3&#8243;][vc_column_text]<\/p>\n<h3>Lauschtour<\/h3>\n<p>Avec les visites d&#8217;\u00e9coute, vous pouvez explorer les sentiers de randonn\u00e9e et les pistes cyclables, les villes et les mus\u00e9es d&#8217;une nouvelle mani\u00e8re.Vous pouvez en savoir plus sur les sites touristiques et les sites naturels d&#8217;un point d&#8217;\u00e9coute \u00e0 l&#8217;autre.<\/p>\n<p>Vous pouvez enregistrer \u00e0 l&#8217;avance tous les guides audio sur votre appareil &#8211; afin qu&#8217;ils fonctionnent m\u00eame sans connexion Internet sur place.<\/p>\n<p>Avec le GPS, les audios se d\u00e9clenchent automatiquement aux bons endroits \u00e0 l&#8217;ext\u00e9rieur, vous pouvez donc facilement glisser votre smartphone dans votre poche.[\/vc_column_text][vc_row_inner][vc_column_inner width=&#8221;1\/4&#8243;][vc_column_text]<a href=\"https:\/\/apps.apple.com\/lu\/app\/the-lauschtour-app\/id981033223\"><img class=\"alignleft wp-image-5834\" src=\"https:\/\/visitmaacher.lu\/wp-content\/uploads\/2023\/01\/image-2-300x104.png\" alt=\"\" width=\"150\" height=\"52\" srcset=\"https:\/\/visitmaacher.lu\/wp-content\/uploads\/2023\/01\/image-2-300x104.png 300w, https:\/\/visitmaacher.lu\/wp-content\/uploads\/2023\/01\/image-2-766x265.png 766w, https:\/\/visitmaacher.lu\/wp-content\/uploads\/2023\/01\/image-2.png 768w\" sizes=\"(max-width: 150px) 100vw, 150px\" \/><\/a>[\/vc_column_text][\/vc_column_inner][vc_column_inner width=&#8221;1\/4&#8243;][vc_column_text]<a href=\"https:\/\/play.google.com\/store\/apps\/details?id=com.locatify.guide.lauschtour&amp;hl=de&amp;gl=US&amp;pli=1\"><img class=\"alignleft wp-image-5841\" src=\"https:\/\/visitmaacher.lu\/wp-content\/uploads\/2023\/01\/image-3-300x104.png\" alt=\"\" width=\"150\" height=\"52\" srcset=\"https:\/\/visitmaacher.lu\/wp-content\/uploads\/2023\/01\/image-3-300x104.png 300w, https:\/\/visitmaacher.lu\/wp-content\/uploads\/2023\/01\/image-3.png 600w\" sizes=\"(max-width: 150px) 100vw, 150px\" \/><\/a>[\/vc_column_text][\/vc_column_inner][vc_column_inner width=&#8221;1\/4&#8243;][\/vc_column_inner][vc_column_inner width=&#8221;1\/4&#8243;][\/vc_column_inner][\/vc_row_inner][\/vc_column][\/vc_row][vc_row][vc_column]<div class=\"clearboth\"><\/div><style>#thegem-divider-69f26ee3eef99 {margin-top: 33px !important;}#thegem-divider-69f26ee3eef99 {margin-bottom: 66px !important;}<\/style><div id=\"thegem-divider-69f26ee3eef99\" class=\"gem-divider  \" style=\"border-color: #dddddd;\" ><\/div>[\/vc_column][\/vc_row][vc_row css=&#8221;.vc_custom_1612360559237{padding-bottom: 100px !important;}&#8221;][vc_column width=&#8221;1\/3&#8243;][vc_single_image image=&#8221;5830&#8243; img_size=&#8221;medium&#8221;][\/vc_column][vc_column width=&#8221;2\/3&#8243;][vc_column_text]<\/p>\n<h3>Argo &#8211; augmented archaeology<\/h3>\n<p>Laissez-vous guider vers les monuments arch\u00e9ologiques de la grande r\u00e9gion Rh\u00e9nanie-Palatinat et Luxembourg !<\/p>\n<p>Gr\u00e2ce \u00e0 la r\u00e9alit\u00e9 augment\u00e9e, votre appareil mobile donne vie aux sites arch\u00e9ologiques. Sur place, vous pourrez d\u00e9couvrir des objets historiques dans leur taille d&#8217;origine, qui se superposent au paysage r\u00e9el.<\/p>\n<p>L&#8217;application ARGO permet de visualiser un monument dans sa position correcte et ind\u00e9pendamment de son emplacement. Vous pouvez le regarder de tous les c\u00f4t\u00e9s, vous en approcher ou vous en \u00e9loigner &#8211; la vue est toujours automatiquement ajust\u00e9e \u00e0 votre position.[\/vc_column_text][vc_row_inner][vc_column_inner width=&#8221;1\/4&#8243;][vc_column_text]<a href=\"https:\/\/apps.apple.com\/lu\/app\/argo-augmented-archaeology\/id1609264509\"><img class=\"alignleft wp-image-5834\" src=\"https:\/\/visitmaacher.lu\/wp-content\/uploads\/2023\/01\/image-2-300x104.png\" alt=\"\" width=\"150\" height=\"52\" srcset=\"https:\/\/visitmaacher.lu\/wp-content\/uploads\/2023\/01\/image-2-300x104.png 300w, https:\/\/visitmaacher.lu\/wp-content\/uploads\/2023\/01\/image-2-766x265.png 766w, https:\/\/visitmaacher.lu\/wp-content\/uploads\/2023\/01\/image-2.png 768w\" sizes=\"(max-width: 150px) 100vw, 150px\" \/><\/a>[\/vc_column_text][\/vc_column_inner][vc_column_inner width=&#8221;1\/4&#8243;][vc_column_text]<a href=\"https:\/\/play.google.com\/store\/apps\/details?id=com.ARGOEdutainmentSolutions.ARGO&amp;hl=de&amp;gl=US\"><img class=\"alignleft wp-image-5841\" src=\"https:\/\/visitmaacher.lu\/wp-content\/uploads\/2023\/01\/image-3-300x104.png\" alt=\"\" width=\"150\" height=\"52\" srcset=\"https:\/\/visitmaacher.lu\/wp-content\/uploads\/2023\/01\/image-3-300x104.png 300w, https:\/\/visitmaacher.lu\/wp-content\/uploads\/2023\/01\/image-3.png 600w\" sizes=\"(max-width: 150px) 100vw, 150px\" \/><\/a>[\/vc_column_text][\/vc_column_inner][vc_column_inner width=&#8221;1\/4&#8243;][\/vc_column_inner][vc_column_inner width=&#8221;1\/4&#8243;][\/vc_column_inner][\/vc_row_inner][\/vc_column][\/vc_row]<\/p>\n<\/div>","protected":false},"excerpt":{"rendered":"<p>[vc_row css=&#8221;.vc_custom_1612360581128{padding-top: 100px !important;}&#8221;][vc_column width=&#8221;1\/3&#8243;][vc_single_image image=&#8221;5825&#8243; img_size=&#8221;medium&#8221;][\/vc_column][vc_column width=&#8221;2\/3&#8243;][vc_column_text] Lauschtour Avec les visites d&#8217;\u00e9coute, vous pouvez explorer les sentiers de randonn\u00e9e&#8230;<\/p>\n","protected":false},"author":1,"featured_media":0,"parent":0,"menu_order":0,"comment_status":"closed","ping_status":"closed","template":"","meta":{"inline_featured_image":false,"footnotes":""},"class_list":["post-5932","page","type-page","status-publish"],"_links":{"self":[{"href":"https:\/\/visitmaacher.lu\/fr\/wp-json\/wp\/v2\/pages\/5932","targetHints":{"allow":["GET"]}}],"collection":[{"href":"https:\/\/visitmaacher.lu\/fr\/wp-json\/wp\/v2\/pages"}],"about":[{"href":"https:\/\/visitmaacher.lu\/fr\/wp-json\/wp\/v2\/types\/page"}],"author":[{"embeddable":true,"href":"https:\/\/visitmaacher.lu\/fr\/wp-json\/wp\/v2\/users\/1"}],"replies":[{"embeddable":true,"href":"https:\/\/visitmaacher.lu\/fr\/wp-json\/wp\/v2\/comments?post=5932"}],"version-history":[{"count":3,"href":"https:\/\/visitmaacher.lu\/fr\/wp-json\/wp\/v2\/pages\/5932\/revisions"}],"predecessor-version":[{"id":5937,"href":"https:\/\/visitmaacher.lu\/fr\/wp-json\/wp\/v2\/pages\/5932\/revisions\/5937"}],"wp:attachment":[{"href":"https:\/\/visitmaacher.lu\/fr\/wp-json\/wp\/v2\/media?parent=5932"}],"curies":[{"name":"wp","href":"https:\/\/api.w.org\/{rel}","templated":true}]}}