{"id":3438,"date":"2020-11-20T09:24:56","date_gmt":"2020-11-20T08:24:56","guid":{"rendered":"http:\/\/visitmaacher.lu\/datenschutzerklaerung\/"},"modified":"2021-04-15T13:03:46","modified_gmt":"2021-04-15T11:03:46","slug":"datenschutzerklaerung","status":"publish","type":"page","link":"https:\/\/visitmaacher.lu\/fr\/datenschutzerklaerung\/","title":{"rendered":"Politique de confidentialit\u00e9"},"content":{"rendered":"\r\n<p><b>Edition\u2013conception\u2013d\u00e9veloppement du site<\/b><\/p>\r\n<p>Ce site est \u00e9dit\u00e9 par le Syndicat d&#8217;Initiative et de Tourisme Grevenmacher. L\u2019h\u00e9bergement du site est assur\u00e9 par root SA.<\/p>\r\n<p>Le Syndicat d&#8217;Initiative et de Tourisme Grevenmacher\u00a0alimente ce serveur en vue de promouvoir l\u2019acc\u00e8s du public aux informations relatives aux actions et actualit\u00e9s de l\u2019Administration communale.<\/p>\r\n<p>Notre objectif est de diffuser des informations actualis\u00e9es et exactes. Nous nous efforcerons de corriger les erreurs qui nous seront signal\u00e9es. Toutefois, le Syndicat d&#8217;Initiative et de Tourisme Grevenmacher\u00a0n\u2019assume aucune responsabilit\u00e9, quelle qu\u2019elle soit, quant au mat\u00e9riel qui figure sur ce site:<\/p>\r\n<p>Le Syndicat d&#8217;Initiative et de Tourisme Grevenmacher\u00a0d\u00e9cline toute responsabilit\u00e9 pour l\u2019utilisation de l\u2019information contenue dans les pages publi\u00e9es sur ce site.<br \/>Le contenu est donn\u00e9 \u00e0 titre indicatif. Il comporte des informations qui ne sont pas forc\u00e9ment compl\u00e8tes, exhaustives, exactes ou \u00e0 jour.<\/p>\r\n<p>En cas de divergences entre les textes publi\u00e9s sur ce site et les documents originaux, les documents originaux, tels qu\u2019ils ont \u00e9t\u00e9 publi\u00e9s sont applicables.<\/p>\r\n<p>Le site renvoie parfois \u00e0 des sites ext\u00e9rieurs sur lesquels le Syndicat d&#8217;Initiative et de Tourisme Grevenmacher\u00a0n\u2019a aucun contr\u00f4le et pour lesquels le Syndicat d&#8217;Initiative et de Tourisme Grevenmacher\u00a0d\u00e9cline toute responsabilit\u00e9.<\/p>\r\n<p>Le Syndicat d&#8217;Initiative et de Tourisme Grevenmacher\u00a0n\u2019est pas responsable d\u2019un dommage \u00e9ventuel caus\u00e9 \u00e0 votre installation informatique par l\u2019utilisation de ce site.<\/p>\r\n<p>La pr\u00e9sente clause de non responsabilit\u00e9 n\u2019a pas pour but de contourner les exigences pos\u00e9es dans les l\u00e9gislations applicables ou d\u2019exclure la responsabilit\u00e9 dans les cas o\u00f9 elle ne peut \u00eatre exclue en vertu des dites l\u00e9gislations.<\/p>\r\n<p><b>Politique de confidentialit\u00e9<\/b><\/p>\r\n<p>Entr\u00e9e en vigueur de la mise \u00e0 jour\u00a0:<span class=\"Apple-converted-space\">\u00a0 <\/span>15 avril 2021.<\/p>\r\n<p>Les pr\u00e9sentes r\u00e8gles sont relatives au r\u00e8glement (UE) 2016\/679 du 27 avril 2016 (appel\u00e9 ci-dessous \u00ab\u00a0RGPD\u00a0\u00bb ou \u00ab\u00a0GDPR\u00a0\u00bb) relatif \u00e0 la protection des personnes physiques \u00e0 l\u2019\u00e9gard du traitement des donn\u00e9es \u00e0 caract\u00e8re personnel et la loi Luxembourgeoise no 686 du 1 ao\u00fbt 2018 concernant la mise en \u0153uvre du r\u00e8glement Europ\u00e9en.<\/p>\r\n<p><b>Champ d\u2019application<\/b><\/p>\r\n<p>Ces conditions s\u2019appliquent aux donn\u00e9es personnelles trait\u00e9es sur le site Internet www.visitmoselle.lu<\/p>\r\n<p>Les donn\u00e9es personnelles d\u00e9signent toutes les donn\u00e9es li\u00e9es \u00e0 une personne identifi\u00e9e ou identifiable.<\/p>\r\n<p>Le Syndicat d&#8217;Initiative et de Tourisme Grevenmacher\u00a0pr\u00e9cise que les donn\u00e9es et informations collect\u00e9es et trait\u00e9es par ses servies font l\u2019objet d\u2019un traitement \u00e0 des fins d\u2019ex\u00e9cution des diff\u00e9rentes missions dont elle est investie, suivant les dispositions l\u00e9gales et r\u00e9glementaires en vigueur.<\/p>\r\n<p><b>Donn\u00e9es personnelles trait\u00e9es<\/b><\/p>\r\n<p>A la base le site ne collecte pas de donn\u00e9es \u00e0 caract\u00e8re personnel.<\/p>\r\n<p>Des formulaires sp\u00e9cifiques (comme par exemple \u00ab\u00a0contact \u00bb) peuvent proc\u00e9der \u00e0 la collecte de donn\u00e9es personnelles sp\u00e9cifiques, p.ex. formulaire de contact.<\/p>\r\n<p>En cas de collecte de donn\u00e9es \u00e0 caract\u00e8re personnel, celles-ci sont obtenues directement et librement aupr\u00e8s de l\u2019utilisateur du site en tant que personne concern\u00e9e (article 13 du RGPD).<\/p>\r\n<p>La base juridique est ainsi le \u00ab\u00a0consentement\u00a0\u00bb de l\u2019utilisateur qui saisit librement ses donn\u00e9es.<\/p>\r\n<p>Toutes les donn\u00e9es saisies sont destin\u00e9es \u00e0 la seule commune. La commune ne partage pas ces donn\u00e9es et ne proc\u00e8de \u00e0 aucun transfert (ni en national, ni en international).<\/p>\r\n<p><b>Responsable du traitement et le d\u00e9l\u00e9gu\u00e9 \u00e0 la protection des donn\u00e9es<\/b><\/p>\r\n<p>Le Syndicat d&#8217;Initiative et de Tourisme Grevenmacher est le responsable du traitement des donn\u00e9es.<br \/>Le d\u00e9l\u00e9gu\u00e9 \u00e0 la protection des donn\u00e9es peut \u00eatre contact\u00e9 soit \u00e0 l\u2019adresse mail<br \/>\u00ab\u00a0info@visitmacher.lu\u00a0\u00bb , soit par courrier postal (voir page \u00ab\u00a0Contact\u00a0\u00bb)<\/p>\r\n<p><b>Conservation des donn\u00e9es<\/b><\/p>\r\n<p>Les donn\u00e9es r\u00e9colt\u00e9es sur le site communal ne sont conserv\u00e9es que pour la dur\u00e9e n\u00e9cessaire \u00e0 l\u2019ex\u00e9cution des finalit\u00e9s pour lesquelles elles ont \u00e9t\u00e9 recueillies.<\/p>\r\n<p><b>Protection des donn\u00e9es<\/b><\/p>\r\n<p>Le commune, ainsi que ses sous-traitants, met en \u0153uvre des mesures techniques et organisationnelles appropri\u00e9es et raisonnables pour prot\u00e9ger les donn\u00e9es personnelles de toute destruction accidentelle ou ill\u00e9gale, perte, alt\u00e9ration, divulgation ou acc\u00e8s non autoris\u00e9 et de toute autre forme de traitement illicite. L\u2019acc\u00e8s aux donn\u00e9es personnelles est limit\u00e9 aux destinataires autoris\u00e9s.<\/p>\r\n<p><b>Donn\u00e9es de navigation et \u00a0cookies\u00a0\u00bb.<\/b><\/p>\r\n<p>Un cookie \u00ab\u00a0session id\u00a0\u00bb peut \u00eatre utilis\u00e9. Le cookie ne stocke aucune autre donn\u00e9e \u00e0 caract\u00e8re personnel (permettant d\u2019identifier l\u2019auteur de la session).<\/p>\r\n<p><b>Droit d\u2019acc\u00e8s, rectification et effacement des donn\u00e9es<\/b><\/p>\r\n<p>Conform\u00e9ment au R\u00e8glement G\u00e9n\u00e9ral de Protection des donn\u00e9es (UE) 2016\/679,\u00a0vous\u00a0disposez des droits garantis par le r\u00e8glement Europ\u00e9en, le droit d\u2019acc\u00e8s \u00e0 vos donn\u00e9es personnelles, le droit de rectification et \u00e0 l\u2019effacement de celles-ci, la limitation des traitements effectu\u00e9s, de\u00a0vous\u00a0opposer au traitement.<\/p>\r\n<p><b>Modification de la d\u00e9claration de confidentialit\u00e9<span class=\"Apple-converted-space\">\u00a0<\/span><\/b><\/p>\r\n<p>Le Syndicat d&#8217;Initiative et de Tourisme Grevenmacher\u00a0se r\u00e9serve le droit de modifier \u00e0 tout moment la pr\u00e9sente politique de confidentialit\u00e9. En cas de modification de la pr\u00e9sente politique de confidentialit\u00e9, celle-ci sera publi\u00e9e sur le pr\u00e9sent site internet.<\/p>\r\n<p><b>Contact<\/b><\/p>\r\n<p>Toutes les questions \u00e0 propos de la pr\u00e9sente d\u00e9claration de confidentialit\u00e9 doivent \u00eatre adress\u00e9es par mail \u00e0 info@visitmaacher.lu\u00a0ou par courrier postal \u00e0\u00a0:<\/p>\r\n<p><strong>Syndicat d&#8217;Initiative et de Tourisme Grevenmacher<\/strong><br \/>10, route du Vin, <br \/>L- 6794 Grevenmacher<\/p>\r\n","protected":false},"excerpt":{"rendered":"<p>Edition\u2013conception\u2013d\u00e9veloppement du site Ce site est \u00e9dit\u00e9 par le Syndicat d&#8217;Initiative et de Tourisme Grevenmacher. L\u2019h\u00e9bergement du site est assur\u00e9&#8230;<\/p>\n","protected":false},"author":1,"featured_media":0,"parent":0,"menu_order":0,"comment_status":"closed","ping_status":"open","template":"","meta":{"inline_featured_image":false,"footnotes":""},"class_list":["post-3438","page","type-page","status-publish"],"_links":{"self":[{"href":"https:\/\/visitmaacher.lu\/fr\/wp-json\/wp\/v2\/pages\/3438","targetHints":{"allow":["GET"]}}],"collection":[{"href":"https:\/\/visitmaacher.lu\/fr\/wp-json\/wp\/v2\/pages"}],"about":[{"href":"https:\/\/visitmaacher.lu\/fr\/wp-json\/wp\/v2\/types\/page"}],"author":[{"embeddable":true,"href":"https:\/\/visitmaacher.lu\/fr\/wp-json\/wp\/v2\/users\/1"}],"replies":[{"embeddable":true,"href":"https:\/\/visitmaacher.lu\/fr\/wp-json\/wp\/v2\/comments?post=3438"}],"version-history":[{"count":1,"href":"https:\/\/visitmaacher.lu\/fr\/wp-json\/wp\/v2\/pages\/3438\/revisions"}],"predecessor-version":[{"id":3439,"href":"https:\/\/visitmaacher.lu\/fr\/wp-json\/wp\/v2\/pages\/3438\/revisions\/3439"}],"wp:attachment":[{"href":"https:\/\/visitmaacher.lu\/fr\/wp-json\/wp\/v2\/media?parent=3438"}],"curies":[{"name":"wp","href":"https:\/\/api.w.org\/{rel}","templated":true}]}}