{"id":3392,"date":"2021-03-04T10:19:12","date_gmt":"2021-03-04T09:19:12","guid":{"rendered":"http:\/\/visitmaacher.lu\/?page_id=3392"},"modified":"2026-03-09T11:16:08","modified_gmt":"2026-03-09T10:16:08","slug":"loggia-bay-mobilhome","status":"publish","type":"page","link":"https:\/\/visitmaacher.lu\/fr\/loggia-bay-mobilhome\/","title":{"rendered":"Loggia  Mobilhomes"},"content":{"rendered":"<div class=\"wpb-content-wrapper\"><p>[vc_section full_width=&#8221;stretch_row&#8221; css=&#8221;.vc_custom_1612342591356{padding-top: 50px !important;padding-bottom: 50px !important;background-color: #88be4c !important;}&#8221;][vc_row full_width=&#8221;stretch_row&#8221; gap=&#8221;10&#8243; custom_css_code=&#8221;cCUyQyUyMGgxJTJDJTIwaDIlMkMlMjBoMyUyQyUyMGg0JTJDJTIwaDUlMkMlMjBsaSUyMCU3QmNvbG9yJTNBJTIwd2hpdGUlMjAlMjFpbXBvcnRhbnQlN0Q=&#8221;][vc_column][vc_column_text css=&#8221;&#8221;]<\/p>\n<h2 style=\"text-align: center;\">Savourez la sensation camping et jouissez en m\u00eame temps du confort priv\u00e9!<\/h2>\n<h5 style=\"text-align: center;\">Voil\u00e0 ce que vous offre notre mobilhome Loggia Bay et Loggia Prestige lesquels peuvent h\u00e9berger jusqu&#8217;\u00e0 4 personnes.<\/h5>\n<h5 style=\"text-align: center;\">Chiens sont conditionnels admis.<\/h5>\n<h5 style=\"text-align: center;\">S\u00e9jour minimum 2 nuits<\/h5>\n<p>[\/vc_column_text][\/vc_column][\/vc_row][\/vc_section][vc_row full_width=&#8221;stretch_row_content_no_spaces&#8221;][vc_column][vc_column_text css=&#8221;&#8221;]<\/p>\n<h1 style=\"text-align: center;\">Loggia Bay<\/h1>\n<p>[\/vc_column_text][layerslider_vc id=&#8221;7&#8243;][\/vc_column][\/vc_row][vc_row full_width=&#8221;stretch_row_content_no_spaces&#8221;][vc_column][vc_column_text css=&#8221;&#8221;]<\/p>\n<h1 style=\"text-align: center;\">Loggia Prestige<\/h1>\n<p>[\/vc_column_text][layerslider_vc id=&#8221;18&#8243;][\/vc_column][\/vc_row][vc_row css=&#8221;.vc_custom_1612341102821{padding-top: 100px !important;padding-bottom: 100px !important;}&#8221;][vc_column][vc_tta_tabs style=&#8221;flat&#8221; active_section=&#8221;1&#8243;][vc_tta_section i_type=&#8221;fontawesome&#8221; i_icon_fontawesome=&#8221;fas fa-hand-point-right&#8221; add_icon=&#8221;true&#8221; title=&#8221;Equipement (2-4 personnes)&#8221; tab_id=&#8221;1612340865567-8a572280-2c27ca0d-61c9e2bf-d8ff&#8221;]<div class=\"gem-list gem-list-type-checkbox\" ><ul class=\"list list_tick\">\n<li>24,70 m\u00b2 + 7,30 m\u00b2 terrasse<\/li>\n<li>2 chambres \u00e0 coucher (1 grand lit et 2 lits individuels)<\/li>\n<li>coin-repas<\/li>\n<li>salon avec canap\u00e9 et TV<\/li>\n<li>cuisine compl\u00e8tement \u00e9quip\u00e9e<\/li>\n<li>salle de douche et lavabo<\/li>\n<li>WC s\u00e9par\u00e9<\/li>\n<li>terrasse meubl\u00e9e<\/li>\n<li>check-in 16.00hrs<br \/>\n<h3>Dimensions des lits<\/h3>\n<\/li>\n<li><span style=\"color: #5f727f; font-family: 'Source Sans Pro'; font-size: 16px; font-weight: normal;\">grande chambre \u00e0 coucher: 1 grand lit (1,90 m x 1,40 m)<\/span><\/li>\n<li>petite chambre \u00e0 coucher: 2 lits individuels (1,90 m x 0,80 m)<\/li>\n<\/ul>\n<\/div>[\/vc_tta_section][vc_tta_section i_type=&#8221;fontawesome&#8221; i_icon_fontawesome=&#8221;fas fa-euro-sign&#8221; add_icon=&#8221;true&#8221; title=&#8221;Liste des prix&#8221; tab_id=&#8221;prix&#8221;]<div class=\"gem-table gem-table-responsive gem-table-style-1\"><table style=\"width: 100%;\">\n<thead>\n<tr>\n<th>Camping \u00a0ouvert<\/p>\n<p><strong>15.3-15.10<\/strong><\/th>\n<th>max. personnes<\/th>\n<th>Dimensions<\/th>\n<th>Tarif 1. nuit<\/th>\n<th>Tarif \u00e0.p. 2. nuit<\/th>\n<th>Par semaine<br \/>\n(7 nuits=6)<\/th>\n<\/tr>\n<\/thead>\n<tbody>\n<tr>\n<td>Loggia Bay (min. 2 nuits)<\/td>\n<td>4<\/td>\n<td>25 m\u00b2<\/td>\n<td>120,00 \u20ac<\/td>\n<td>70,00 \u20ac<\/td>\n<td>470,00 \u20ac<\/td>\n<\/tr>\n<tr>\n<td>Loggia Prestige (min. 2 nuits)<\/td>\n<td>4<\/td>\n<td>30 m\u00b2<\/td>\n<td>130,00 \u20ac<\/td>\n<td>80,00 \u20ac<\/td>\n<td>530,00 \u20ac<\/td>\n<\/tr>\n<tr>\n<td><strong>Linge de lit<\/strong><\/td>\n<td><\/td>\n<td><\/td>\n<td><\/td>\n<td style=\"text-align: right;\"><strong>Forfait par pers.: \u00a0<\/strong><\/td>\n<td><strong>10 \u20ac<\/strong><\/td>\n<\/tr>\n<\/tbody>\n<\/table>\n<\/div>[vc_column_text css=&#8221;&#8221;]<strong><span style=\"color: #333333;\">Nettoyage final inclus dans le prix<\/span><\/strong>[\/vc_column_text]<div class=\"gem-button-container gem-button-position-fullwidth thegem-button-69e34995d4d498731    \"  ><a class=\"gem-button gem-button-size-small gem-button-style-flat gem-button-text-weight-normal gem-button-icon-position-left\" data-ll-effect=\"drop-right-without-wrap\" style=\"border-radius: 3px;\" onmouseleave=\"\" onmouseenter=\"\" href=\"http:\/\/visitmaacher.lu\/wp-content\/uploads\/2026\/01\/FRTarifs-Logis-2026.pdf\" target=\"_blank\"><i class=\"gem-print-icon gem-icon-pack-material \">&#xf2dc;<\/i>T\u00e9l\u00e9charger la liste de prix<\/a><\/div> [\/vc_tta_section][vc_tta_section i_type=&#8221;fontawesome&#8221; i_icon_fontawesome=&#8221;fas fa-comments&#8221; add_icon=&#8221;true&#8221; title=&#8221;Contact&#8221; tab_id=&#8221;1612341457586-f9bb3e4d-8595ca0d-61c9e2bf-d8ff&#8221;][vc_column_text css=&#8221;&#8221;]<\/p>\n<h5>Saison (15.03.-15.10.):<\/h5>\n<p><span lang=\"de-DE\">T\u00e9l.: +352 75 02 34 ou +352 75 82 75 <\/span><\/p>\n<p>Fax: +352 75 86 66<\/p>\n<p>Email: <a href=\"mailto:campvin@pt.lu\">camping@visitmaacher.lu<\/a><\/p>\n<h5><\/h5>\n<h5>Hors Saison (16.10.-14.03.):<\/h5>\n<p>Syndicat d\u2019Initiative et de Tourisme<\/p>\n<p>T\u00e9l.: +352 75 82 75<\/p>\n<p>Fax: +352 75 86 66<\/p>\n<p>Email: <a href=\"mailto:info@visitmaacher.lu\">info@visitmaacher.lu<\/a>[\/vc_column_text][\/vc_tta_section][vc_tta_section i_type=&#8221;fontawesome&#8221; i_icon_fontawesome=&#8221;fas fa-bookmark&#8221; add_icon=&#8221;true&#8221; title=&#8221;R\u00e9servation&#8221; tab_id=&#8221;1612341523428-0790467f-7f3bca0d-61c9e2bf-d8ff&#8221;][vc_btn title=&#8221;Loggia Bay r\u00e9servation&#8221; color=&#8221;green&#8221; align=&#8221;center&#8221; css=&#8221;&#8221; link=&#8221;url:https%3A%2F%2Fsimpleviu.lodgify.com%2Ffr%2Floggia-bay&#8212;mobil-home-a-grevenmacher|target:_blank&#8221;][vc_btn title=&#8221;Loggia Prestige r\u00e9servation&#8221; color=&#8221;info&#8221; align=&#8221;center&#8221; css=&#8221;&#8221; link=&#8221;url:https%3A%2F%2Fsimpleviu.lodgify.com%2Ffr%2Floggia-prestige&#8212;maison-de-vacances-a-grevenmacher|title:Loggia%20Prestige%20booking|target:_blank&#8221;][\/vc_tta_section][\/vc_tta_tabs][\/vc_column][\/vc_row][vc_row][vc_column]<div class=\"clearboth\"><\/div><style>#thegem-divider-69e34995d4df2 {margin-top: 50px !important;}#thegem-divider-69e34995d4df2 {margin-bottom: 50px !important;}<\/style><div id=\"thegem-divider-69e34995d4df2\" class=\"gem-divider  \" style=\"\" ><\/div>[\/vc_column][\/vc_row][vc_row full_width=&#8221;stretch_row&#8221; custom_css_code=&#8221;cCUyQyUyMGgxJTJDJTIwaDIlMkMlMjBoMyUyQyUyMGg0JTJDJTIwaDUlMkMlMjBsaSUyMCU3QmNvbG9yJTNBJTIwd2hpdGUlMjAlMjFpbXBvcnRhbnQlN0Q=&#8221; css=&#8221;.vc_custom_1612349433642{padding-top: 100px !important;padding-bottom: 100px !important;background-color: #88be4c !important;}&#8221;][vc_column width=&#8221;2\/3&#8243;][vc_raw_html]JTNDaWZyYW1lJTIwd2lkdGglM0QlMjI3MjUlMjIlMjBoZWlnaHQlM0QlMjIzNTAlMjIlMjBmcmFtZWJvcmRlciUzRCUyMjAlMjIlMjBzY3JvbGxpbmclM0QlMjJubyUyMiUyMG1hcmdpbmhlaWdodCUzRCUyMjAlMjIlMjBtYXJnaW53aWR0aCUzRCUyMjAlMjIlMjBzcmMlM0QlMjJodHRwcyUzQSUyRiUyRnd3dy5vcGVuc3RyZWV0bWFwLm9yZyUyRmV4cG9ydCUyRmVtYmVkLmh0bWwlM0ZiYm94JTNENi40NDM5NjQyNDI5MzUxODE2JTI1MkM0OS42ODAxMjUyNzkyOTc2MSUyNTJDNi40NTQxOTk1NTI1MzYwMTElMjUyQzQ5LjY4NTc1NTAyODQ0ODYzJTI2bGF5ZXIlM0RtYXBuaWslMjZtYXJrZXIlM0Q0OS42ODI5NDM3MDYyMjY0NCUyNTJDNi40NDkwODE4OTc3MzU1OTYlMjIlMjBzdHlsZSUzRCUyMmJvcmRlciUzQSUyMDFweCUyMHNvbGlkJTIwYmxhY2slMjIlM0UlM0MlMkZpZnJhbWUlM0UlM0NiciUyRiUzRSUzQ3NtYWxsJTNFJTNDYSUyMGhyZWYlM0QlMjJodHRwcyUzQSUyRiUyRnd3dy5vcGVuc3RyZWV0bWFwLm9yZyUyRiUzRm1sYXQlM0Q0OS42ODI5NCUyNm1sb24lM0Q2LjQ0OTA4JTIzbWFwJTNEMTclMkY0OS42ODI5NCUyRjYuNDQ5MDglMjIlM0VHciVDMyVCNiVDMyU5RmVyZSUyMEFuc2ljaHQlM0MlMkZhJTNFJTNDJTJGc21hbGwlM0U=[\/vc_raw_html][\/vc_column][vc_column width=&#8221;1\/3&#8243;][vc_column_text]<\/p>\n<h4>Distances:<\/h4>\n<ul class=\"list\">\n<li>Centre Ville: 500 m<\/li>\n<li>Gare de bus: 200 m<\/li>\n<li>A\u00e9roport: 21 km<\/li>\n<li>Piscine en plein air: 50 m<\/li>\n<\/ul>\n<p>[\/vc_column_text][vc_tta_accordion style=&#8221;outline&#8221; color=&#8221;white&#8221; c_icon=&#8221;chevron&#8221; active_section=&#8221;&#8221; no_fill=&#8221;true&#8221; collapsible_all=&#8221;true&#8221;][vc_tta_section title=&#8221;Direction Tr\u00e8ves:&#8221; tab_id=&#8221;1612341662625-0af6c948-6070ca0d-61c9e2bf-d8ff&#8221;][vc_column_text]<\/p>\n<ul>\n<li>Autoroute A1 Direction Luxembourg<\/li>\n<li>Sortie 14 : Grevenmacher \u2013Mertert<\/li>\n<li>N 1 tourner \u00e0 droite direction Grevenmacher<\/li>\n<li>Au rond-point : 3e Sortie \u2013Camping Route du Vin<\/li>\n<\/ul>\n<p>[\/vc_column_text][\/vc_tta_section][vc_tta_section title=&#8221;Direction Luxembourg&#8221; tab_id=&#8221;1612341662644-4bf518e2-8489ca0d-61c9e2bf-d8ff&#8221;][vc_column_text]<\/p>\n<ul class=\"list\">\n<li>Autoroute A1 Direction Tr\u00e8ves<\/li>\n<li>Sortie 14 : Grevenmacher &#8211; Mertert<\/li>\n<li>N 1 tourner \u00e0 droite direction Grevenmacher<\/li>\n<li>Au rond-point : 3e Sortie &#8211; Camping Route du Vin<\/li>\n<\/ul>\n<p>[\/vc_column_text][\/vc_tta_section][\/vc_tta_accordion][\/vc_column][\/vc_row]<\/p>\n<\/div>","protected":false},"excerpt":{"rendered":"<p>[vc_section full_width=&#8221;stretch_row&#8221; css=&#8221;.vc_custom_1612342591356{padding-top: 50px !important;padding-bottom: 50px !important;background-color: #88be4c !important;}&#8221;][vc_row full_width=&#8221;stretch_row&#8221; gap=&#8221;10&#8243; custom_css_code=&#8221;cCUyQyUyMGgxJTJDJTIwaDIlMkMlMjBoMyUyQyUyMGg0JTJDJTIwaDUlMkMlMjBsaSUyMCU3QmNvbG9yJTNBJTIwd2hpdGUlMjAlMjFpbXBvcnRhbnQlN0Q=&#8221;][vc_column][vc_column_text css=&#8221;&#8221;] Savourez la sensation camping et jouissez en&#8230;<\/p>\n","protected":false},"author":1,"featured_media":0,"parent":0,"menu_order":3,"comment_status":"closed","ping_status":"closed","template":"","meta":{"inline_featured_image":false,"footnotes":""},"class_list":["post-3392","page","type-page","status-publish"],"_links":{"self":[{"href":"https:\/\/visitmaacher.lu\/fr\/wp-json\/wp\/v2\/pages\/3392","targetHints":{"allow":["GET"]}}],"collection":[{"href":"https:\/\/visitmaacher.lu\/fr\/wp-json\/wp\/v2\/pages"}],"about":[{"href":"https:\/\/visitmaacher.lu\/fr\/wp-json\/wp\/v2\/types\/page"}],"author":[{"embeddable":true,"href":"https:\/\/visitmaacher.lu\/fr\/wp-json\/wp\/v2\/users\/1"}],"replies":[{"embeddable":true,"href":"https:\/\/visitmaacher.lu\/fr\/wp-json\/wp\/v2\/comments?post=3392"}],"version-history":[{"count":32,"href":"https:\/\/visitmaacher.lu\/fr\/wp-json\/wp\/v2\/pages\/3392\/revisions"}],"predecessor-version":[{"id":9988,"href":"https:\/\/visitmaacher.lu\/fr\/wp-json\/wp\/v2\/pages\/3392\/revisions\/9988"}],"wp:attachment":[{"href":"https:\/\/visitmaacher.lu\/fr\/wp-json\/wp\/v2\/media?parent=3392"}],"curies":[{"name":"wp","href":"https:\/\/api.w.org\/{rel}","templated":true}]}}