{"id":3300,"date":"2021-02-08T11:37:12","date_gmt":"2021-02-08T10:37:12","guid":{"rendered":"http:\/\/visitmaacher.lu\/?page_id=3300"},"modified":"2023-07-31T15:12:35","modified_gmt":"2023-07-31T13:12:35","slug":"a-ne-pas-manquer","status":"publish","type":"page","link":"https:\/\/visitmaacher.lu\/fr\/a-ne-pas-manquer\/","title":{"rendered":"A ne pas manquer"},"content":{"rendered":"<div class=\"wpb-content-wrapper\"><p>[vc_row css=&#8221;.vc_custom_1612360581128{padding-top: 100px !important;}&#8221;][vc_column width=&#8221;1\/3&#8243;][vc_column_text]<\/p>\n<h3>Maacher Oart<\/h3>\n<div class=\"column one-third column\">\n<p>Le weekend de P\u00e2ques des expositions d\u2019art connues sous le nom de \u00abMaacher Oart\u00bb sont organis\u00e9es par la Commission culturelle de la Ville de Grevenmacher.<\/p>\n<\/div>\n<p>[\/vc_column_text][\/vc_column][vc_column width=&#8221;1\/3&#8243;][vc_column_text]<\/p>\n<h3>Ouschterlaf<\/h3>\n<p>Cette course (10 km) est organis\u00e9e chaque ann\u00e9e le lundi de P\u00e2ques par le Club Athl\u00e9tique de l\u2019Est Grevenmacher (CAEG). On trouve des d\u00e9tails sur le site internet.<\/p>\n<p><a href=\"http:\/\/www.caeg.lu\/\" target=\"_blank\" rel=\"noopener\">www.caeg.lu<\/a>[\/vc_column_text][\/vc_column][vc_column width=&#8221;1\/3&#8243;][vc_column_text]<\/p>\n<h3>W\u00e4imoart<\/h3>\n<p>La premi\u00e8re Foire aux Vins dans la r\u00e9gion mosellane a lieu traditionnellement le vendredi apr\u00e8s P\u00e2ques. Lors de cet \u00e9v\u00e9nement, les \u00abnouveaux\u00bb vins et cr\u00e9mants sont pr\u00e9sent\u00e9s \u00e0 un public averti et int\u00e9ress\u00e9.<\/p>\n<p><a href=\"http:\/\/www.grevenmacher.lu\/\" target=\"_blank\" rel=\"noopener\">www.grevenmacher.lu<\/a><\/p>\n<p>[\/vc_column_text][\/vc_column][\/vc_row][vc_row][vc_column]<div class=\"clearboth\"><\/div><style>#thegem-divider-69dea2ee2159b {margin-top: 33px !important;}#thegem-divider-69dea2ee2159b {margin-bottom: 66px !important;}<\/style><div id=\"thegem-divider-69dea2ee2159b\" class=\"gem-divider  \" style=\"border-color: #dddddd;\" ><\/div>[\/vc_column][\/vc_row][vc_row css=&#8221;.vc_custom_1612360559237{padding-bottom: 100px !important;}&#8221;][vc_column width=&#8221;1\/3&#8243;][vc_column_text]<\/p>\n<h3>F\u00eate du Raisin et du Vin<\/h3>\n<p>La plus grande f\u00eate du raisin et du vin de la r\u00e9gion mosellane et de la grande r\u00e9gion est f\u00eat\u00e9e le 2e weekend de septembre et dure trois jours.<\/p>\n<p><a href=\"http:\/\/www.waifest.lu\">www.waifest.lu<\/a>[\/vc_column_text][\/vc_column][vc_column width=&#8221;1\/3&#8243;][vc_column_text]<\/p>\n<h3>Braderie d\u2019\u00e9t\u00e9 et d\u2019hiver<\/h3>\n<p><a href=\"http:\/\/www.ucag.lu\/\" target=\"_blank\" rel=\"noopener\">www.ucag.lu<\/a>[\/vc_column_text][\/vc_column][vc_column width=&#8221;1\/3&#8243;][vc_column_text]<\/p>\n<h3>Chr\u00ebstmoart (March\u00e9 de No\u00ebl)<\/h3>\n<p><a href=\"http:\/\/www.ucag.lu\/\" target=\"_blank\" rel=\"noopener\">www.ucag.lu<\/a>[\/vc_column_text][\/vc_column][\/vc_row]<\/p>\n<\/div>","protected":false},"excerpt":{"rendered":"<p>[vc_row css=&#8221;.vc_custom_1612360581128{padding-top: 100px !important;}&#8221;][vc_column width=&#8221;1\/3&#8243;][vc_column_text] Maacher Oart Le weekend de P\u00e2ques des expositions d\u2019art connues sous le nom de \u00abMaacher&#8230;<\/p>\n","protected":false},"author":1,"featured_media":0,"parent":0,"menu_order":5,"comment_status":"closed","ping_status":"closed","template":"","meta":{"inline_featured_image":false,"footnotes":""},"class_list":["post-3300","page","type-page","status-publish"],"_links":{"self":[{"href":"https:\/\/visitmaacher.lu\/fr\/wp-json\/wp\/v2\/pages\/3300","targetHints":{"allow":["GET"]}}],"collection":[{"href":"https:\/\/visitmaacher.lu\/fr\/wp-json\/wp\/v2\/pages"}],"about":[{"href":"https:\/\/visitmaacher.lu\/fr\/wp-json\/wp\/v2\/types\/page"}],"author":[{"embeddable":true,"href":"https:\/\/visitmaacher.lu\/fr\/wp-json\/wp\/v2\/users\/1"}],"replies":[{"embeddable":true,"href":"https:\/\/visitmaacher.lu\/fr\/wp-json\/wp\/v2\/comments?post=3300"}],"version-history":[{"count":3,"href":"https:\/\/visitmaacher.lu\/fr\/wp-json\/wp\/v2\/pages\/3300\/revisions"}],"predecessor-version":[{"id":6698,"href":"https:\/\/visitmaacher.lu\/fr\/wp-json\/wp\/v2\/pages\/3300\/revisions\/6698"}],"wp:attachment":[{"href":"https:\/\/visitmaacher.lu\/fr\/wp-json\/wp\/v2\/media?parent=3300"}],"curies":[{"name":"wp","href":"https:\/\/api.w.org\/{rel}","templated":true}]}}