{"id":3273,"date":"2021-02-08T11:12:58","date_gmt":"2021-02-08T10:12:58","guid":{"rendered":"http:\/\/visitmaacher.lu\/?page_id=3273"},"modified":"2026-03-09T15:11:45","modified_gmt":"2026-03-09T14:11:45","slug":"autres-promenades","status":"publish","type":"page","link":"https:\/\/visitmaacher.lu\/fr\/decouvrir\/autres-promenades\/","title":{"rendered":"Autres promenades"},"content":{"rendered":"<div class=\"wpb-content-wrapper\"><p>[vc_section][vc_row][vc_column][vc_column_text css=&#8221;&#8221;]<\/p>\n<p class=\"p1\" style=\"text-align: center;\"><b>Plus d\u2019informations sur les sentiers de randonn\u00e9e \u00e0 Grevenmacher sont disponibles sur le site des Wanderwe\u00ebr L\u00ebtzebuerg.<\/b><\/p>\n<p>[\/vc_column_text][vc_btn title=&#8221;Wanderwee\u00ebr L\u00ebtzebuerg&#8221; color=&#8221;primary&#8221; align=&#8221;center&#8221; css=&#8221;&#8221; link=&#8221;url:https%3A%2F%2Fwww.wwl.lu%2Findex.php%2Fww-no-gemeng%2Fgemeng-greiwemaacher-grevenmacher|title:Wanderweer%20Letzebuerg|target:_blank&#8221;][\/vc_column][\/vc_row][\/vc_section][vc_row][vc_column]<div class=\"clearboth\"><\/div><style>#thegem-divider-69dd0c3f49614 {margin-top: 33px !important;}#thegem-divider-69dd0c3f49614 {margin-bottom: 66px !important;}<\/style><div id=\"thegem-divider-69dd0c3f49614\" class=\"gem-divider  \" style=\"border-color: #dddddd;\" ><\/div>[\/vc_column][\/vc_row][vc_row css=&#8221;.vc_custom_1612360581128{padding-top: 100px !important;}&#8221;][vc_column width=&#8221;1\/3&#8243;][vc_gallery type=&#8221;flexslider_slide&#8221; interval=&#8221;3&#8243; images=&#8221;2792,2806,2800,2799&#8243; img_size=&#8221;380&#215;260&#8243;][\/vc_column][vc_column width=&#8221;2\/3&#8243;][vc_column_text]<\/p>\n<h3>3 Grevenmacher Machtum<\/h3>\n<p>Place du March\u00e9 &#8211; Rue de Luxembourg &#8211; Kreuzerberg &#8211; Hougeriicht &#8211; Longkaul \u2013 Kelsbach \u2013 Fronay \u2013 Machtum \u2013 Deisermillen &#8211; route du Vin \u2013 Schaffmill \u2013 Place du March\u00e9<\/p>\n<p><strong>Dur\u00e9e:<\/strong> 2 heures<\/p>\n<p><a href=\"http:\/\/map.geoportail.lu\/theme\/tourisme?map_id=e774bc78727448ac87747c352b570adb&amp;version=3&amp;zoom=14&amp;X=716107&amp;Y=6389120&amp;lang=fr&amp;layers=&amp;opacities=&amp;bgLayer=streets_jpeg\" target=\"_blank\" rel=\"noopener\">http:\/\/map.geoportail.lu<\/a>[\/vc_column_text][\/vc_column][\/vc_row][vc_row][vc_column]<div class=\"clearboth\"><\/div><style>#thegem-divider-69dd0c3f4969c {margin-top: 33px !important;}#thegem-divider-69dd0c3f4969c {margin-bottom: 66px !important;}<\/style><div id=\"thegem-divider-69dd0c3f4969c\" class=\"gem-divider  \" style=\"border-color: #dddddd;\" ><\/div>[\/vc_column][\/vc_row][vc_row][vc_column width=&#8221;1\/3&#8243;][vc_gallery type=&#8221;flexslider_slide&#8221; interval=&#8221;3&#8243; images=&#8221;2779,2793,2794,2795&#8243; img_size=&#8221;380&#215;260&#8243;][\/vc_column][vc_column width=&#8221;2\/3&#8243;][vc_column_text]<\/p>\n<h3>4 Grevenmacher R\u00e9imerdenkmol<\/h3>\n<p>Place du March\u00e9 &#8211; Rue de Luxembourg \u2013 Kreuzerberg &#8211; Hougeriicht &#8211; Longkaul \u2013 Baamb\u00ebsch \u2013 R\u00e9imerdenkmol \u2013 Potaschberg \u2013 Groussfooscht \u2013 Gruewer\u00e9ck &#8211; rue de Wecker &#8211; rue des Remparts \u2013 Place du March\u00e9.<\/p>\n<p><strong>Dur\u00e9e:<\/strong> 3 heures.<\/p>\n<p><a href=\"http:\/\/map.geoportail.lu\/theme\/tourisme?map_id=971e2128d4794991ac11f7a5347cd3aa&amp;version=3&amp;zoom=14&amp;X=714377&amp;Y=6389835&amp;lang=fr&amp;layers=&amp;opacities=&amp;bgLayer=basemap_2015_global\" target=\"_blank\" rel=\"noopener\">http:\/\/map.geoportail.lu<\/a>[\/vc_column_text][\/vc_column][\/vc_row][vc_row][vc_column]<div class=\"clearboth\"><\/div><style>#thegem-divider-69dd0c3f49709 {margin-top: 33px !important;}#thegem-divider-69dd0c3f49709 {margin-bottom: 66px !important;}<\/style><div id=\"thegem-divider-69dd0c3f49709\" class=\"gem-divider  \" style=\"border-color: #dddddd;\" ><\/div>[\/vc_column][\/vc_row][vc_row][vc_column width=&#8221;1\/3&#8243;][vc_gallery type=&#8221;flexslider_slide&#8221; interval=&#8221;3&#8243; images=&#8221;2782,2784,2804,2805&#8243; img_size=&#8221;380&#215;260&#8243;][\/vc_column][vc_column width=&#8221;2\/3&#8243;][vc_column_text]<\/p>\n<h3>5 Grevenmacher Groesteen<\/h3>\n<p>Place du March\u00e9 \u2013 Boland \u2013 Roudeberg \u2013 Autobahnbr\u00fccke \u2013 Haard \u2013 Groesteen \u2013 rue de Manternach \u2013 rue de M\u00fcnschecker \u2013 rue des Remparts \u2013 Place du March\u00e9.<\/p>\n<p><strong>Dur\u00e9e:<\/strong> 2 heures.<\/p>\n<p><a href=\"http:\/\/map.geoportail.lu\" target=\"_blank\" rel=\"noopener\">http:\/\/map.geoportail.lu<\/a>[\/vc_column_text][\/vc_column][\/vc_row][vc_row][vc_column]<div class=\"clearboth\"><\/div><style>#thegem-divider-69dd0c3f49773 {margin-top: 33px !important;}#thegem-divider-69dd0c3f49773 {margin-bottom: 66px !important;}<\/style><div id=\"thegem-divider-69dd0c3f49773\" class=\"gem-divider  \" style=\"border-color: #dddddd;\" ><\/div>[\/vc_column][\/vc_row][vc_row][vc_column width=&#8221;1\/3&#8243;][vc_gallery type=&#8221;flexslider_slide&#8221; interval=&#8221;3&#8243; images=&#8221;2785,2796,2786,2807&#8243; img_size=&#8221;380&#215;260&#8243;][\/vc_column][vc_column width=&#8221;2\/3&#8243;][vc_column_text]<\/p>\n<h3>6 Grevenmacher Leitschbach<\/h3>\n<p>Place du March\u00e9 \u2013 rue de M\u00fcnschecker \u2013 P\u00e4erdsmaart \u2013 op Flohr \u2013 Leitschberg \u2013 route du Vin \u2013 route de Tr\u00e8ves \u2013 Place du March\u00e9.<\/p>\n<p><strong>Dur\u00e9e:<\/strong> 1 heure.<\/p>\n<p><a href=\"http:\/\/map.geoportail.lu\" target=\"_blank\" rel=\"noopener\">http:\/\/map.geoportail.lu<\/a>[\/vc_column_text][\/vc_column][\/vc_row][vc_row][vc_column]<div class=\"clearboth\"><\/div><style>#thegem-divider-69dd0c3f497db {margin-top: 33px !important;}#thegem-divider-69dd0c3f497db {margin-bottom: 66px !important;}<\/style><div id=\"thegem-divider-69dd0c3f497db\" class=\"gem-divider  \" style=\"border-color: #dddddd;\" ><\/div>[\/vc_column][\/vc_row][vc_row][vc_column width=&#8221;1\/3&#8243;][vc_gallery type=&#8221;flexslider_slide&#8221; interval=&#8221;3&#8243; images=&#8221;2783,2789,2798,2797&#8243; img_size=&#8221;380&#215;260&#8243;][\/vc_column][vc_column width=&#8221;2\/3&#8243;][vc_column_text]<\/p>\n<h3>7 Grevenmacher Manternach<\/h3>\n<p>Place du March\u00e9 \u2013 rue de M\u00fcnschecker \u2013 Manternacherberg \u2013 Groesteen &#8211; Manternach \u2013 Manternacherfiels \u2013 M\u00fcnschecker \u2013 Manternacherberg \u2013 rue de M\u00fcnschecker \u2013 rue des Remparts \u2013 Place du March\u00e9.<\/p>\n<p><strong>Dur\u00e9e:<\/strong> 3 heures.<\/p>\n<p><a href=\"http:\/\/map.geoportail.lu\" target=\"_blank\" rel=\"noopener\">http:\/\/map.geoportail.lu<\/a>[\/vc_column_text][\/vc_column][\/vc_row][vc_row][vc_column]<div class=\"clearboth\"><\/div><style>#thegem-divider-69dd0c3f49842 {margin-top: 33px !important;}#thegem-divider-69dd0c3f49842 {margin-bottom: 66px !important;}<\/style><div id=\"thegem-divider-69dd0c3f49842\" class=\"gem-divider  \" style=\"border-color: #dddddd;\" ><\/div>[\/vc_column][\/vc_row][vc_row][vc_column width=&#8221;1\/3&#8243;][vc_gallery type=&#8221;flexslider_slide&#8221; interval=&#8221;3&#8243; images=&#8221;2801,2808,2776,2777,2802&#8243; img_size=&#8221;380&#215;260&#8243;][\/vc_column][vc_column width=&#8221;2\/3&#8243;][vc_column_text]<\/p>\n<h3>Promenade culturelle<br \/>\n<span style=\"font-size: 20px;\">\u00e0 travers la vieille ville fortifi\u00e9e<\/span><\/h3>\n<p>La m\u00e9tropole de la Moselle, \u00e9galement centre commercial, regarde avec fiert\u00e9 sur son pass\u00e9 riche en histoire et vous invite \u00e0 d\u00e9couvrir les traces de ce pass\u00e9 sur une promenade culturelle \u00e0 travers la vieille ville fortifi\u00e9e.<\/p>\n<p><a href=\"http:\/\/www.grevenmacher.lu\/fr\/Pages\/Gr%C3%A9iwemaacher%20Touristesches%20mat%20engem%20Schotz%20Geschicht.aspx\" target=\"_blank\" rel=\"noopener\">http:\/\/www.grevenmacher.lu<\/a><br \/>\n<a href=\"http:\/\/map.geoportail.lu\/theme\/tourisme?lang=de&amp;version=3&amp;zoom=17&amp;X=716977&amp;Y=6390766&amp;layers=246&amp;opacities=1&amp;bgLayer=basemap_2015_global\" target=\"_blank\" rel=\"noopener\">www.map.geoportail.lu<\/a>[\/vc_column_text][\/vc_column][\/vc_row][vc_row][vc_column]<div class=\"clearboth\"><\/div><style>#thegem-divider-69dd0c3f498a7 {margin-top: 33px !important;}#thegem-divider-69dd0c3f498a7 {margin-bottom: 66px !important;}<\/style><div id=\"thegem-divider-69dd0c3f498a7\" class=\"gem-divider  \" style=\"border-color: #dddddd;\" ><\/div>[\/vc_column][\/vc_row][vc_row][vc_column width=&#8221;1\/3&#8243;][vc_gallery type=&#8221;flexslider_slide&#8221; interval=&#8221;3&#8243; images=&#8221;2778&#8243; img_size=&#8221;380&#215;260&#8243;][\/vc_column][vc_column width=&#8221;2\/3&#8243;][vc_column_text]<\/p>\n<h3>Chemin St. Jacques de Compostelle<\/h3>\n<p>Ce chemin m\u00e8ne d\u2019Ouren\/Lieler pr\u00e8s de la fronti\u00e8re belgo-allemande \u00e0 Vianden et \u00e0 Echternach, puis, en passant par Grevenmacher, \u00e0 la ville de Luxembourg. Les \u00e9tapes suivantes m\u00e8nent les p\u00e8lerins de Luxembourg \u00e0 Schengen en passant par Dudelange.<\/p>\n<p><a href=\"http:\/\/www.caminosantiago.lu\/\" target=\"_blank\" rel=\"noopener\">www.caminosantiago.lu<\/a><br \/>\n<a href=\"http:\/\/map.geoportail.lu\/theme\/tourisme?lang=de&amp;version=3&amp;zoom=13&amp;X=714399&amp;Y=6390899&amp;layers=218&amp;opacities=1&amp;bgLayer=basemap_2015_global&amp;crosshair=false\" target=\"_blank\" rel=\"noopener\">www.tourisme.geoportail.lu<\/a>[\/vc_column_text][\/vc_column][\/vc_row][vc_row][vc_column]<div class=\"clearboth\"><\/div><style>#thegem-divider-69dd0c3f4990b {margin-top: 33px !important;}#thegem-divider-69dd0c3f4990b {margin-bottom: 66px !important;}<\/style><div id=\"thegem-divider-69dd0c3f4990b\" class=\"gem-divider  \" style=\"border-color: #dddddd;\" ><\/div>[\/vc_column][\/vc_row][vc_row][vc_column width=&#8221;1\/3&#8243;][vc_gallery type=&#8221;flexslider_slide&#8221; interval=&#8221;3&#8243; images=&#8221;2780&#8243; img_size=&#8221;380&#215;260&#8243;][\/vc_column][vc_column width=&#8221;2\/3&#8243;][vc_column_text]<\/p>\n<h3>Sentier de la Moselle<br \/>\n<span style=\"font-size: 20px;\">(Wasserbillig-Schengen 60 km)<\/span><\/h3>\n<p>Le sentier de la Moselle vous fait d\u00e9couvrir les plus beaux endroits d\u2019un paysage riche en cultures diff\u00e9rentes et en traditions plus que mill\u00e9naires. Laissez-vous s\u00e9duire par la beaut\u00e9 des sentiers, qui vous m\u00e8nent \u00e0 travers des vignobles et de pittoresques villages mosellans et qui vous offrent des vues sur une des plus belles voies navigables d\u2019Europe.<\/p>\n<p><a href=\"http:\/\/map.geoportail.lu\/theme\/tourisme?lang=de&amp;version=3&amp;zoom=16&amp;X=716666&amp;Y=6391222&amp;layers=227&amp;opacities=1&amp;bgLayer=basemap_2015_global\" target=\"_blank\" rel=\"noopener\">www.tourisme.geoportail.lu<\/a><a href=\"http:\/\/map.geoportail.lu\/theme\/tourisme?lang=de&amp;version=3&amp;zoom=13&amp;X=714399&amp;Y=6390899&amp;layers=218&amp;opacities=1&amp;bgLayer=basemap_2015_global&amp;crosshair=false\" target=\"_blank\" rel=\"noopener\"><br \/>\n<\/a><a href=\"http:\/\/map.geoportail.lu\/theme\/tourisme?lang=de&amp;version=3&amp;zoom=13&amp;X=714400&amp;Y=6390900&amp;layers=235&amp;opacities=1&amp;bgLayer=basemap_2015_global&amp;crosshair=false\" target=\"_blank\" rel=\"noopener\">www.tourisme.geoportail.lu<\/a>[\/vc_column_text][\/vc_column][\/vc_row][vc_row][vc_column]<div class=\"clearboth\"><\/div><style>#thegem-divider-69dd0c3f4997a {margin-top: 33px !important;}#thegem-divider-69dd0c3f4997a {margin-bottom: 66px !important;}<\/style><div id=\"thegem-divider-69dd0c3f4997a\" class=\"gem-divider  \" style=\"border-color: #dddddd;\" ><\/div>[\/vc_column][\/vc_row][vc_row][vc_column width=&#8221;1\/3&#8243;][vc_gallery type=&#8221;flexslider_slide&#8221; interval=&#8221;3&#8243; images=&#8221;2781&#8243; img_size=&#8221;380&#215;260&#8243;][\/vc_column][vc_column width=&#8221;2\/3&#8243;][vc_column_text]<\/p>\n<h3>Sentier CFL Manternach-Mertert<\/h3>\n<p>A partir de la gare de Manternach \u2013 \u00e0 5 km de Grevenmacher \u2013 vous avez la possibilit\u00e9 de faire une promenade de 11,5 km qui m\u00e8ne \u00e0 Mertert par la vall\u00e9e de la Syre et vous pouvez continuer jusqu\u2019\u00e0 Wasserbillig.<\/p>\n<p><a href=\"http:\/\/map.geoportail.lu\/theme\/tourisme?lang=de&amp;version=3&amp;zoom=14&amp;X=715833&amp;Y=6390909&amp;layers=158&amp;opacities=1&amp;bgLayer=basemap_2015_global\" target=\"_blank\" rel=\"noopener\">www.tourisme.geoportail.lu\/CFL\/Rail<\/a>[\/vc_column_text][\/vc_column][\/vc_row][vc_row][vc_column]<div class=\"clearboth\"><\/div><style>#thegem-divider-69dd0c3f499dd {margin-top: 33px !important;}#thegem-divider-69dd0c3f499dd {margin-bottom: 66px !important;}<\/style><div id=\"thegem-divider-69dd0c3f499dd\" class=\"gem-divider  \" style=\"border-color: #dddddd;\" ><\/div>[\/vc_column][\/vc_row][vc_row][vc_column width=&#8221;1\/3&#8243;][vc_gallery type=&#8221;flexslider_slide&#8221; interval=&#8221;3&#8243; images=&#8221;2791,2787,2788&#8243; img_size=&#8221;380&#215;260&#8243;][\/vc_column][vc_column width=&#8221;2\/3&#8243;][vc_column_text]<\/p>\n<h3>Moselsteig Schengen\u2013Koblenz<\/h3>\n<p>Le \u00abMoselsteig\u00bb a une longueur de 365 km et est divis\u00e9 en 24 \u00e9tapes entre Perl (D) et Coblence (D). Ce sentier passe par Wellen (D), village voisin de Grevenmacher.<\/p>\n<p><a href=\"http:\/\/www.moselsteig.de\/die-etappen\/tour\/moselsteig-etappe-3-nittel-konz\/alpstein.html\" target=\"_blank\" rel=\"noopener\">www.moselsteig.de<\/a>[\/vc_column_text][\/vc_column][\/vc_row][vc_row][vc_column]<div class=\"clearboth\"><\/div><style>#thegem-divider-69dd0c3f49a3d {margin-top: 33px !important;}#thegem-divider-69dd0c3f49a3d {margin-bottom: 66px !important;}<\/style><div id=\"thegem-divider-69dd0c3f49a3d\" class=\"gem-divider  \" style=\"border-color: #dddddd;\" ><\/div>[\/vc_column][\/vc_row][vc_row][vc_column width=&#8221;1\/3&#8243;][vc_gallery type=&#8221;flexslider_slide&#8221; interval=&#8221;3&#8243; images=&#8221;2790,2789&#8243; img_size=&#8221;380&#215;260&#8243;][\/vc_column][vc_column width=&#8221;2\/3&#8243;][vc_column_text]<\/p>\n<h3>Traumschleife Saar-Hunsr\u00fcck-Steig<\/h3>\n<p>A proximit\u00e9 de Grevenmacher on peut se promener sur deux \u00abTraumschleifen\u00bb (\u00abboucles de r\u00eave\u00bb), qui font partie du \u00abSaar-Hunsr\u00fcck-Steig\u00bb. Il s\u2019agit du \u00abWein- und Naturpfad Palmberg\u00bb \u00e0 Ahn (\u00e0 5 km de Grevenmacher), et de la \u00abTraumschleife Manternacher Fels\u00bb \u00e0 4 km de Grevenmacher.<\/p>\n<p><a href=\"http:\/\/www.saar-hunsrueck-steig.de\/\" target=\"_blank\" rel=\"noopener\">www.saar-hunsrueck-steig.de<\/a>[\/vc_column_text][\/vc_column][\/vc_row][vc_row][vc_column]<div class=\"clearboth\"><\/div><style>#thegem-divider-69dd0c3f49aa4 {margin-top: 33px !important;}#thegem-divider-69dd0c3f49aa4 {margin-bottom: 66px !important;}<\/style><div id=\"thegem-divider-69dd0c3f49aa4\" class=\"gem-divider  \" style=\"border-color: #dddddd;\" ><\/div>[\/vc_column][\/vc_row][vc_row css=&#8221;.vc_custom_1612363666855{padding-bottom: 50px !important;}&#8221;][vc_column width=&#8221;1\/3&#8243;][vc_gallery type=&#8221;flexslider_slide&#8221; interval=&#8221;3&#8243; images=&#8221;2793&#8243; img_size=&#8221;380&#215;260&#8243;][\/vc_column][vc_column width=&#8221;2\/3&#8243;][vc_column_text]<\/p>\n<h3>La Route des Romains<\/h3>\n<p>Le monument fun\u00e9raire d\u00e9couvert \u00e0 Grevenmacher-Potaschberg sur le site arch\u00e9ologique gallo-roman avait une hauteur d\u2019au moins 12 m. Seulement une partie a \u00e9t\u00e9 reconstruite. On y voit des ornements mythiques, mais \u00e9galement des sc\u00e8nes de vie d\u2019une riche famille vigneronne.<\/p>\n<p><a href=\"http:\/\/www.visitmoselle.lu\/route-des-romains\" target=\"_blank\" rel=\"noopener\">www.visitmoselle.lu\/route-des-romains<\/a><br \/>\n<a href=\"http:\/\/www.strassen-der-roemer.eu\/\" target=\"_blank\" rel=\"noopener\">www.strassen-der-roemer.eu<\/a>[\/vc_column_text][\/vc_column][\/vc_row][vc_row full_width=&#8221;stretch_row&#8221; custom_css_code=&#8221;aDElMkMlMjBoMiUyQyUyMGgzJTJDJTIwaDQlMkMlMjBoNSUyQyUyMGg2JTJDJTIwcCUyQyUyMGxpJTIwJTdCY29sb3IlM0ElMjB3aGl0ZSUyMCUyMWltcG9ydGFudCUzQiU3RA==&#8221; css=&#8221;.vc_custom_1612422523427{margin-bottom: 0px !important;padding-top: 50px !important;padding-bottom: 50px !important;background-color: #88be4c !important;}&#8221;][vc_column][vc_column_text]<\/p>\n<h2 style=\"text-align: center;\">Carte des randonn\u00e9es<\/h2>\n<div class=\"inside\" style=\"text-align: center;\"><span style=\"color: #ffffff;\">Vous pouvez t\u00e9l\u00e9charger la carte des randonn\u00e9es de Grevenmacher ici: <\/span><\/div>\n<p>[\/vc_column_text]<style type=\"text\/css\">.thegem-button-69dd0c3f49bcf5076 .gem-button svg {fill: #ffffff;}.thegem-button-69dd0c3f49bcf5076 .gem-button:hover svg {fill: #ffffff;}<\/style><div class=\"gem-button-container gem-button-position-center thegem-button-69dd0c3f49bcf5076    \"  ><a class=\"gem-button gem-button-size-large gem-button-style-outline gem-button-text-weight-normal gem-button-border-2 gem-button-no-uppercase\" data-ll-effect=\"drop-right-without-wrap\" style=\"border-radius: 3px;border-color: #ffffff;color: #ffffff;\" onmouseleave=\"this.style.borderColor='#ffffff';this.style.backgroundColor='transparent';this.style.color='#ffffff';\" onmouseenter=\"this.style.borderColor='#ffffff';this.style.backgroundColor='rgba(255,255,255,0.32)';this.style.color='#ffffff';\" href=\"http:\/\/visitmaacher.lu\/wp-content\/uploads\/2021\/02\/SITG_Wanderwege2018-FormDin-site.pdf\" target=\"_blank\">Carte des randonn\u00e9es, PDF (5mb)<\/a><\/div> [\/vc_column][\/vc_row]<\/p>\n<\/div>","protected":false},"excerpt":{"rendered":"<p>[vc_section][vc_row][vc_column][vc_column_text css=&#8221;&#8221;] Plus d\u2019informations sur les sentiers de randonn\u00e9e \u00e0 Grevenmacher sont disponibles sur le site des Wanderwe\u00ebr L\u00ebtzebuerg. [\/vc_column_text][vc_btn&#8230;<\/p>\n","protected":false},"author":1,"featured_media":0,"parent":3249,"menu_order":0,"comment_status":"closed","ping_status":"closed","template":"","meta":{"inline_featured_image":false,"footnotes":""},"class_list":["post-3273","page","type-page","status-publish"],"_links":{"self":[{"href":"https:\/\/visitmaacher.lu\/fr\/wp-json\/wp\/v2\/pages\/3273","targetHints":{"allow":["GET"]}}],"collection":[{"href":"https:\/\/visitmaacher.lu\/fr\/wp-json\/wp\/v2\/pages"}],"about":[{"href":"https:\/\/visitmaacher.lu\/fr\/wp-json\/wp\/v2\/types\/page"}],"author":[{"embeddable":true,"href":"https:\/\/visitmaacher.lu\/fr\/wp-json\/wp\/v2\/users\/1"}],"replies":[{"embeddable":true,"href":"https:\/\/visitmaacher.lu\/fr\/wp-json\/wp\/v2\/comments?post=3273"}],"version-history":[{"count":5,"href":"https:\/\/visitmaacher.lu\/fr\/wp-json\/wp\/v2\/pages\/3273\/revisions"}],"predecessor-version":[{"id":10013,"href":"https:\/\/visitmaacher.lu\/fr\/wp-json\/wp\/v2\/pages\/3273\/revisions\/10013"}],"up":[{"embeddable":true,"href":"https:\/\/visitmaacher.lu\/fr\/wp-json\/wp\/v2\/pages\/3249"}],"wp:attachment":[{"href":"https:\/\/visitmaacher.lu\/fr\/wp-json\/wp\/v2\/media?parent=3273"}],"curies":[{"name":"wp","href":"https:\/\/api.w.org\/{rel}","templated":true}]}}