{"id":3270,"date":"2021-02-08T10:34:06","date_gmt":"2021-02-08T09:34:06","guid":{"rendered":"http:\/\/visitmaacher.lu\/?page_id=3270"},"modified":"2026-01-12T15:32:28","modified_gmt":"2026-01-12T14:32:28","slug":"sports-nautiques","status":"publish","type":"page","link":"https:\/\/visitmaacher.lu\/fr\/decouvrir\/sports-nautiques\/","title":{"rendered":"Sports nautiques"},"content":{"rendered":"<div class=\"wpb-content-wrapper\"><p>[vc_row css=&#8221;.vc_custom_1612360581128{padding-top: 100px !important;}&#8221;][vc_column width=&#8221;1\/3&#8243;][vc_gallery type=&#8221;flexslider_slide&#8221; interval=&#8221;3&#8243; images=&#8221;2813&#8243; img_size=&#8221;380&#215;260&#8243;][\/vc_column][vc_column width=&#8221;2\/3&#8243;][vc_column_text]<\/p>\n<h3>Bain en plein air Grevenmacher<\/h3>\n<p>Le bain chauff\u00e9 en plein air, ouverte de mi-mai \u00e0 d\u00e9but septembre, se trouve \u00e0 proximit\u00e9 du terrain de camping.<\/p>\n<p><a href=\"https:\/\/grevenmacher.lu\/sports\/bain-en-plein-air\" target=\"_blank\" rel=\"noopener\">https:\/\/grevenmacher.lu\/sports\/bain-en-plein-air<\/a>[\/vc_column_text][\/vc_column][\/vc_row][vc_row][vc_column]<div class=\"clearboth\"><\/div><style>#thegem-divider-69dd0b530ae4f {margin-top: 33px !important;}#thegem-divider-69dd0b530ae4f {margin-bottom: 66px !important;}<\/style><div id=\"thegem-divider-69dd0b530ae4f\" class=\"gem-divider  \" style=\"border-color: #dddddd;\" ><\/div>[\/vc_column][\/vc_row][vc_row css=&#8221;.vc_custom_1612360559237{padding-bottom: 100px !important;}&#8221;][vc_column width=&#8221;1\/3&#8243;][vc_gallery type=&#8221;flexslider_slide&#8221; interval=&#8221;3&#8243; images=&#8221;2814&#8243; img_size=&#8221;380&#215;260&#8243;][\/vc_column][vc_column width=&#8221;2\/3&#8243;][vc_column_text css=&#8221;&#8221;]<\/p>\n<h3>Ski nautique<\/h3>\n<p>Le club de ski nautique (Ski nautique Grevenmacher), qui se trouve en direction de Remich, fournit des renseignements par t\u00e9l\u00e9phone.<\/p>\n<p><a href=\"http:\/\/www.wake-sng.com\" target=\"_blank\" rel=\"noopener\">www.wake-sng.com<\/a>[\/vc_column_text][\/vc_column][\/vc_row]<\/p>\n<\/div>","protected":false},"excerpt":{"rendered":"<p>[vc_row css=&#8221;.vc_custom_1612360581128{padding-top: 100px !important;}&#8221;][vc_column width=&#8221;1\/3&#8243;][vc_gallery type=&#8221;flexslider_slide&#8221; interval=&#8221;3&#8243; images=&#8221;2813&#8243; img_size=&#8221;380&#215;260&#8243;][\/vc_column][vc_column width=&#8221;2\/3&#8243;][vc_column_text] Bain en plein air Grevenmacher Le bain chauff\u00e9 en plein&#8230;<\/p>\n","protected":false},"author":1,"featured_media":0,"parent":3249,"menu_order":0,"comment_status":"closed","ping_status":"closed","template":"","meta":{"inline_featured_image":false,"footnotes":""},"class_list":["post-3270","page","type-page","status-publish"],"_links":{"self":[{"href":"https:\/\/visitmaacher.lu\/fr\/wp-json\/wp\/v2\/pages\/3270","targetHints":{"allow":["GET"]}}],"collection":[{"href":"https:\/\/visitmaacher.lu\/fr\/wp-json\/wp\/v2\/pages"}],"about":[{"href":"https:\/\/visitmaacher.lu\/fr\/wp-json\/wp\/v2\/types\/page"}],"author":[{"embeddable":true,"href":"https:\/\/visitmaacher.lu\/fr\/wp-json\/wp\/v2\/users\/1"}],"replies":[{"embeddable":true,"href":"https:\/\/visitmaacher.lu\/fr\/wp-json\/wp\/v2\/comments?post=3270"}],"version-history":[{"count":4,"href":"https:\/\/visitmaacher.lu\/fr\/wp-json\/wp\/v2\/pages\/3270\/revisions"}],"predecessor-version":[{"id":9772,"href":"https:\/\/visitmaacher.lu\/fr\/wp-json\/wp\/v2\/pages\/3270\/revisions\/9772"}],"up":[{"embeddable":true,"href":"https:\/\/visitmaacher.lu\/fr\/wp-json\/wp\/v2\/pages\/3249"}],"wp:attachment":[{"href":"https:\/\/visitmaacher.lu\/fr\/wp-json\/wp\/v2\/media?parent=3270"}],"curies":[{"name":"wp","href":"https:\/\/api.w.org\/{rel}","templated":true}]}}