{"id":3267,"date":"2021-02-08T10:17:56","date_gmt":"2021-02-08T09:17:56","guid":{"rendered":"http:\/\/visitmaacher.lu\/?page_id=3267"},"modified":"2021-08-09T11:08:21","modified_gmt":"2021-08-09T09:08:21","slug":"cela-vaut-le-detour","status":"publish","type":"page","link":"https:\/\/visitmaacher.lu\/fr\/decouvrir\/cela-vaut-le-detour\/","title":{"rendered":"Cela vaut le d\u00e9tour"},"content":{"rendered":"<div class=\"wpb-content-wrapper\"><p>[vc_row css=&#8221;.vc_custom_1612360581128{padding-top: 100px !important;}&#8221;][vc_column width=&#8221;1\/3&#8243;][vc_gallery type=&#8221;flexslider_slide&#8221; interval=&#8221;3&#8243; images=&#8221;2859,2856&#8243; img_size=&#8221;380&#215;260&#8243;][\/vc_column][vc_column width=&#8221;2\/3&#8243;][vc_column_text]<\/p>\n<h3>Promenade en bateau<\/h3>\n<p>L\u2019embarcad\u00e8re du MS \u00abPrincesse Marie-Astrid\u00bb se trouve \u00e0 Grevenmacher. A bord de ce magnifique bateau de plaisance on d\u00e9couvre la vall\u00e9e de la Moselle sous un point de vue nouveau. Construit en 2010 pour une capacit\u00e9 totale de 500 passagers, dont 220 \u00e0 l\u2019int\u00e9rieur, le bateau est con\u00e7u pour le confort des passagers.<\/p>\n<p>Tout en savourant un excellent menu gastronomique, vignes, villages, collines et for\u00eats accompagnent les h\u00f4tes au gr\u00e9 des flots. Gr\u00e2ce \u00e0 ses larges vitres panoramiques aucun d\u00e9tail ne leur \u00e9chappe.<\/p>\n<p><a href=\"http:\/\/www.marie-astrid.lu\/\" target=\"_blank\" rel=\"noopener\">www.marie-astrid.lu<\/a>[\/vc_column_text][\/vc_column][\/vc_row][vc_row][vc_column]<div class=\"clearboth\"><\/div><style>#thegem-divider-69e34b6f87c96 {margin-top: 33px !important;}#thegem-divider-69e34b6f87c96 {margin-bottom: 66px !important;}<\/style><div id=\"thegem-divider-69e34b6f87c96\" class=\"gem-divider  \" style=\"border-color: #dddddd;\" ><\/div>[\/vc_column][\/vc_row][vc_row][vc_column width=&#8221;1\/3&#8243;][vc_gallery type=&#8221;flexslider_slide&#8221; interval=&#8221;3&#8243; images=&#8221;4060,4002,3999&#8243; img_size=&#8221;380&#215;260&#8243;][\/vc_column][vc_column width=&#8221;2\/3&#8243;][vc_column_text]<\/p>\n<h3>Le sentier des contes et l\u00e9gendes<br \/>\n<span style=\"font-size: 20px;\">sur la promenade de la Moselle \u00e0 Grevenmacher<\/span><\/h3>\n<p>Sur ce sentier \u00e0 th\u00e8mes non loin de l\u2019accueillant escalier des personnages ou des lieux du monde tr\u00e8s vari\u00e9 des contes et l\u00e9gendes de Grevenmacher ont trouv\u00e9 un site.[\/vc_column_text]<div class=\"gem-button-container gem-button-position-inline thegem-button-69e34b6f87eb89938    \"  ><a title=\"Flyer Sagen- und Legendenpfad\" class=\"gem-button gem-button-size-medium gem-button-style-outline gem-button-text-weight-thin gem-button-border-2 gem-button-icon-position-left gem-button-no-uppercase\" data-ll-effect=\"drop-right-without-wrap\" style=\"border-radius: 3px;\" onmouseleave=\"\" onmouseenter=\"\" href=\"http:\/\/visitmaacher.lu\/wp-content\/uploads\/2021\/02\/Soen-a-Legendepad-Depliant.pdf\" target=\"_blank\"><i class=\"gem-print-icon gem-icon-pack-fontawesome \">&#xf1c1;<\/i>D\u00e9pliant Sentier des contes &amp; l\u00e9gendes<\/a><\/div> [\/vc_column][\/vc_row][vc_row][vc_column]<div class=\"clearboth\"><\/div><style>#thegem-divider-69e34b6f87fa7 {margin-top: 33px !important;}#thegem-divider-69e34b6f87fa7 {margin-bottom: 66px !important;}<\/style><div id=\"thegem-divider-69e34b6f87fa7\" class=\"gem-divider  \" style=\"border-color: #dddddd;\" ><\/div>[\/vc_column][\/vc_row][vc_row][vc_column width=&#8221;1\/3&#8243;][vc_gallery type=&#8221;flexslider_slide&#8221; interval=&#8221;3&#8243; images=&#8221;2861,2860,2857&#8243; img_size=&#8221;380&#215;260&#8243;][\/vc_column][vc_column width=&#8221;2\/3&#8243;][vc_column_text]<\/p>\n<h3>Le barrage-\u00e9cluse Grevenmacher-Wellen<\/h3>\n<p>En 1964, la Moselle a \u00e9t\u00e9 canalis\u00e9e sur une longueur de 270 km entre Metz (F) et Coblence (D). Un des barrages-\u00e9cluses de cette voie navigable se trouve \u00e0 Grevenmacher. Moyennant du mat\u00e9riel cartographique on peut y avoir un aper\u00e7u sur la navigation sur la Moselle.[\/vc_column_text][\/vc_column][\/vc_row][vc_row][vc_column]<div class=\"clearboth\"><\/div><style>#thegem-divider-69e34b6f8803b {margin-top: 33px !important;}#thegem-divider-69e34b6f8803b {margin-bottom: 66px !important;}<\/style><div id=\"thegem-divider-69e34b6f8803b\" class=\"gem-divider  \" style=\"border-color: #dddddd;\" ><\/div>[\/vc_column][\/vc_row][vc_row][vc_column width=&#8221;1\/3&#8243;][vc_gallery type=&#8221;flexslider_slide&#8221; interval=&#8221;3&#8243; images=&#8221;2864,2858&#8243; img_size=&#8221;380&#215;260&#8243;][\/vc_column][vc_column width=&#8221;2\/3&#8243;][vc_column_text]<\/p>\n<h3>Caves viticoles<\/h3>\n<p>Des informations sur l\u2019horaire d\u2019ouverture et les visites des deux caves viticoles Bernard-Massard et Vinsmoselle se trouvent sur les sites internet respectifs.<\/p>\n<p><a href=\"http:\/\/www.bernard-massard.lu\/\" target=\"_blank\" rel=\"noopener\">www.bernard-massard.lu<\/a><br \/>\n<a href=\"http:\/\/www.vinsmoselle.lu\/\" target=\"_blank\" rel=\"noopener\">www.vinsmoselle.lu<\/a>[\/vc_column_text][\/vc_column][\/vc_row][vc_row][vc_column]<div class=\"clearboth\"><\/div><style>#thegem-divider-69e34b6f880ca {margin-top: 33px !important;}#thegem-divider-69e34b6f880ca {margin-bottom: 66px !important;}<\/style><div id=\"thegem-divider-69e34b6f880ca\" class=\"gem-divider  \" style=\"border-color: #dddddd;\" ><\/div>[\/vc_column][\/vc_row][vc_row][vc_column width=&#8221;1\/2&#8243;][vc_column_text]<\/p>\n<h3>Alentours proches<\/h3>\n<p>Vous trouverez d\u2019autres attractions touristiques sur les sites<\/p>\n<p><a href=\"http:\/\/www.lcto.lu\/de\/discover\" target=\"_blank\" rel=\"noopener\">www.lcto.lu\/de\/discover<\/a> ou\u00a0<a href=\"http:\/\/www.trier-info.de\/\" target=\"_blank\" rel=\"noopener\">www.trier-info.de<\/a>[\/vc_column_text][\/vc_column][vc_column width=&#8221;1\/2&#8243;][vc_column_text]<\/p>\n<h3>Office R\u00e9gional du Tourisme<\/h3>\n<p>Le \u00abMiselerland\u00bb vous invite \u00e0 y passer de bons moments. La Moselle forme la fronti\u00e8re naturelle entre le Grand-Duch\u00e9 de Luxembourg et la R\u00e9publique F\u00e9d\u00e9rale d\u2019Allemagne. Sur les sites suivants vous trouvez des informations suppl\u00e9mentaires sur toute la r\u00e9gion mosellane\u00a0ainsi que sur la coop\u00e9ration transfrontali\u00e8re:<\/p>\n<p><a href=\"http:\/\/www.visitmoselle.lu\/de\" target=\"_blank\" rel=\"noopener\">www.visitmoselle.lu<\/a>[\/vc_column_text][\/vc_column][\/vc_row][vc_row][vc_column]<div class=\"clearboth\"><\/div><style>#thegem-divider-69e34b6f88156 {margin-top: 33px !important;}#thegem-divider-69e34b6f88156 {margin-bottom: 66px !important;}<\/style><div id=\"thegem-divider-69e34b6f88156\" class=\"gem-divider  \" style=\"border-color: #dddddd;\" ><\/div>[\/vc_column][\/vc_row][vc_row css=&#8221;.vc_custom_1612427647376{padding-bottom: 100px !important;}&#8221;][vc_column width=&#8221;1\/2&#8243;][vc_column_text]<\/p>\n<h3>Cooperation Transfrontaliere<\/h3>\n<p><a href=\"http:\/\/www.terroirmoselle.eu\/de\/\" target=\"_blank\" rel=\"noopener\">www.terroirmoselle.eu<\/a><\/p>\n<p>&nbsp;<\/p>\n<p>[\/vc_column_text][\/vc_column][vc_column width=&#8221;1\/2&#8243;][vc_column_text]<\/p>\n<h3>Mosel Wein Kulturland<\/h3>\n<p>Au-del\u00e0 de la fronti\u00e8re nationale<\/p>\n<p><a href=\"http:\/\/www.mosellandtouristik.de\/\" target=\"_blank\" rel=\"noopener\">www.mosellandtouristik.de<\/a>[\/vc_column_text][\/vc_column][\/vc_row]<\/p>\n<\/div>","protected":false},"excerpt":{"rendered":"<p>[vc_row css=&#8221;.vc_custom_1612360581128{padding-top: 100px !important;}&#8221;][vc_column width=&#8221;1\/3&#8243;][vc_gallery type=&#8221;flexslider_slide&#8221; interval=&#8221;3&#8243; images=&#8221;2859,2856&#8243; img_size=&#8221;380&#215;260&#8243;][\/vc_column][vc_column width=&#8221;2\/3&#8243;][vc_column_text] Promenade en bateau L\u2019embarcad\u00e8re du MS \u00abPrincesse Marie-Astrid\u00bb se trouve&#8230;<\/p>\n","protected":false},"author":1,"featured_media":0,"parent":3249,"menu_order":0,"comment_status":"closed","ping_status":"closed","template":"","meta":{"inline_featured_image":false,"footnotes":""},"class_list":["post-3267","page","type-page","status-publish"],"_links":{"self":[{"href":"https:\/\/visitmaacher.lu\/fr\/wp-json\/wp\/v2\/pages\/3267","targetHints":{"allow":["GET"]}}],"collection":[{"href":"https:\/\/visitmaacher.lu\/fr\/wp-json\/wp\/v2\/pages"}],"about":[{"href":"https:\/\/visitmaacher.lu\/fr\/wp-json\/wp\/v2\/types\/page"}],"author":[{"embeddable":true,"href":"https:\/\/visitmaacher.lu\/fr\/wp-json\/wp\/v2\/users\/1"}],"replies":[{"embeddable":true,"href":"https:\/\/visitmaacher.lu\/fr\/wp-json\/wp\/v2\/comments?post=3267"}],"version-history":[{"count":4,"href":"https:\/\/visitmaacher.lu\/fr\/wp-json\/wp\/v2\/pages\/3267\/revisions"}],"predecessor-version":[{"id":4395,"href":"https:\/\/visitmaacher.lu\/fr\/wp-json\/wp\/v2\/pages\/3267\/revisions\/4395"}],"up":[{"embeddable":true,"href":"https:\/\/visitmaacher.lu\/fr\/wp-json\/wp\/v2\/pages\/3249"}],"wp:attachment":[{"href":"https:\/\/visitmaacher.lu\/fr\/wp-json\/wp\/v2\/media?parent=3267"}],"curies":[{"name":"wp","href":"https:\/\/api.w.org\/{rel}","templated":true}]}}