{"id":3264,"date":"2021-02-08T10:14:17","date_gmt":"2021-02-08T09:14:17","guid":{"rendered":"http:\/\/visitmaacher.lu\/?page_id=3264"},"modified":"2026-03-09T15:27:41","modified_gmt":"2026-03-09T14:27:41","slug":"les-promenandes","status":"publish","type":"page","link":"https:\/\/visitmaacher.lu\/fr\/decouvrir\/les-promenandes\/","title":{"rendered":"Les promenandes"},"content":{"rendered":"<div class=\"wpb-content-wrapper\"><p>[vc_row][vc_column][vc_column_text css=&#8221;&#8221;]<\/p>\n<p class=\"p1\" style=\"text-align: center;\"><b>Plus d\u2019informations sur les sentiers de randonn\u00e9e \u00e0 Grevenmacher sont disponibles sur le site des Wanderwe\u00ebr L\u00ebtzebuerg.<\/b><\/p>\n<p>[\/vc_column_text][vc_btn title=&#8221;Wanderwee\u00ebr L\u00ebtzebuerg&#8221; color=&#8221;primary&#8221; align=&#8221;center&#8221; css=&#8221;&#8221; link=&#8221;url:https%3A%2F%2Fwww.wwl.lu%2Findex.php%2Fww-no-gemeng%2Fgemeng-greiwemaacher-grevenmacher|title:Wanderweer%20Letzebuerg|target:_blank&#8221;][\/vc_column][\/vc_row][vc_row][vc_column]<div class=\"clearboth\"><\/div><style>#thegem-divider-69e11a0866267 {margin-top: 33px !important;}#thegem-divider-69e11a0866267 {margin-bottom: 66px !important;}<\/style><div id=\"thegem-divider-69e11a0866267\" class=\"gem-divider  \" style=\"border-color: #dddddd;\" ><\/div>[\/vc_column][\/vc_row][vc_row css=&#8221;.vc_custom_1612360581128{padding-top: 100px !important;}&#8221;][vc_column width=&#8221;1\/3&#8243;][vc_gallery type=&#8221;flexslider_slide&#8221; interval=&#8221;3&#8243; images=&#8221;2755,2756,2757,2758&#8243; img_size=&#8221;380&#215;260&#8243;][\/vc_column][vc_column width=&#8221;2\/3&#8243;][vc_column_text]<\/p>\n<h3>1 Grevenmacher Kelsbach<\/h3>\n<p><strong>D\u00e9part: <\/strong>Quai Marie-Astrid<\/p>\n<p><strong>longueur:<\/strong> 8 km; dur\u00e9e: 2 heures.<\/p>\n<p><strong>degr\u00e9 de difficult\u00e9:<\/strong> facile.<\/p>\n<p><strong>Itin\u00e9raire:<\/strong> Quai Marie-Astrid-Pietert-Winnegsfels-Kelsbach-Deisermillen-Nidderfels-Fronay-Hougeriicht-Kr\u00e4izerbierg-Kummert-rte.du Vin.<\/p>\n<p><a href=\"http:\/\/map.geoportail.lu\/theme\/tourisme?lang=de&amp;version=3&amp;zoom=16&amp;X=716019&amp;Y=6390963&amp;layers=176&amp;opacities=1&amp;bgLayer=basemap_2015_global\" target=\"_blank\" rel=\"noopener\">www.tourisme.geoportail.lu<\/a>[\/vc_column_text][\/vc_column][\/vc_row][vc_row][vc_column]<div class=\"clearboth\"><\/div><style>#thegem-divider-69e11a086631c {margin-top: 33px !important;}#thegem-divider-69e11a086631c {margin-bottom: 66px !important;}<\/style><div id=\"thegem-divider-69e11a086631c\" class=\"gem-divider  \" style=\"border-color: #dddddd;\" ><\/div>[\/vc_column][\/vc_row][vc_row css=&#8221;.vc_custom_1612360559237{padding-bottom: 100px !important;}&#8221;][vc_column width=&#8221;1\/3&#8243;][vc_gallery type=&#8221;flexslider_slide&#8221; interval=&#8221;3&#8243; images=&#8221;2766,2767,2768,2769&#8243; img_size=&#8221;380&#215;260&#8243;][\/vc_column][vc_column width=&#8221;2\/3&#8243;][vc_column_text]<\/p>\n<h3>2 Grevenmacher Groussfooscht<br \/>\n<span style=\"font-size: 20px;\">(Running and Nordic Walking Track)<\/span><\/h3>\n<p><strong>D\u00e9part:<\/strong> Quai Marie-Astrid<\/p>\n<p><strong>longueur:<\/strong> 7 km; <strong>dur\u00e9e:<\/strong> 1 \u00bc heure.<\/p>\n<p><strong>degr\u00e9 de difficult\u00e9:<\/strong> facile.<\/p>\n<p><strong>Itin\u00e9raire:<\/strong> Quai Marie-Astrid-rue des Tisserands-Place du March\u00e9-rue de Wecker-Gruewereck-Groussfooscht-Ruederbierg-Boland-rue Ste Catherine-rue de la Moselle.<\/p>\n<p><a href=\"http:\/\/map.geoportail.lu\/theme\/tourisme?lang=de&amp;version=3&amp;zoom=16&amp;X=715897&amp;Y=6390155&amp;layers=176&amp;opacities=1&amp;bgLayer=basemap_2015_global\" target=\"_blank\" rel=\"noopener\">www.tourisme.geoportail.lu<\/a>[\/vc_column_text][\/vc_column][\/vc_row]<\/p>\n<\/div>","protected":false},"excerpt":{"rendered":"<p>[vc_row][vc_column][vc_column_text css=&#8221;&#8221;] Plus d\u2019informations sur les sentiers de randonn\u00e9e \u00e0 Grevenmacher sont disponibles sur le site des Wanderwe\u00ebr L\u00ebtzebuerg. [\/vc_column_text][vc_btn&#8230;<\/p>\n","protected":false},"author":1,"featured_media":0,"parent":3249,"menu_order":0,"comment_status":"closed","ping_status":"closed","template":"","meta":{"inline_featured_image":false,"footnotes":""},"class_list":["post-3264","page","type-page","status-publish"],"_links":{"self":[{"href":"https:\/\/visitmaacher.lu\/fr\/wp-json\/wp\/v2\/pages\/3264","targetHints":{"allow":["GET"]}}],"collection":[{"href":"https:\/\/visitmaacher.lu\/fr\/wp-json\/wp\/v2\/pages"}],"about":[{"href":"https:\/\/visitmaacher.lu\/fr\/wp-json\/wp\/v2\/types\/page"}],"author":[{"embeddable":true,"href":"https:\/\/visitmaacher.lu\/fr\/wp-json\/wp\/v2\/users\/1"}],"replies":[{"embeddable":true,"href":"https:\/\/visitmaacher.lu\/fr\/wp-json\/wp\/v2\/comments?post=3264"}],"version-history":[{"count":4,"href":"https:\/\/visitmaacher.lu\/fr\/wp-json\/wp\/v2\/pages\/3264\/revisions"}],"predecessor-version":[{"id":10023,"href":"https:\/\/visitmaacher.lu\/fr\/wp-json\/wp\/v2\/pages\/3264\/revisions\/10023"}],"up":[{"embeddable":true,"href":"https:\/\/visitmaacher.lu\/fr\/wp-json\/wp\/v2\/pages\/3249"}],"wp:attachment":[{"href":"https:\/\/visitmaacher.lu\/fr\/wp-json\/wp\/v2\/media?parent=3264"}],"curies":[{"name":"wp","href":"https:\/\/api.w.org\/{rel}","templated":true}]}}