{"id":3261,"date":"2021-02-08T10:13:00","date_gmt":"2021-02-08T09:13:00","guid":{"rendered":"http:\/\/visitmaacher.lu\/?page_id=3261"},"modified":"2021-04-22T09:33:11","modified_gmt":"2021-04-22T07:33:11","slug":"cyclisme","status":"publish","type":"page","link":"https:\/\/visitmaacher.lu\/fr\/decouvrir\/cyclisme\/","title":{"rendered":"Cyclisme"},"content":{"rendered":"<div class=\"wpb-content-wrapper\"><p>[vc_row css=&#8221;.vc_custom_1612360581128{padding-top: 100px !important;}&#8221;][vc_column width=&#8221;1\/3&#8243;][vc_gallery type=&#8221;flexslider_slide&#8221; interval=&#8221;3&#8243; images=&#8221;2824,2825&#8243; img_size=&#8221;380&#215;260&#8243;][\/vc_column][vc_column width=&#8221;2\/3&#8243;][vc_column_text]<\/p>\n<h3>Mountainbike \/ VTT<\/h3>\n<p>Dans la r\u00e9gion mosellane, on trouve 5 parcours signalis\u00e9s pour VTT. Un des parcours prend son d\u00e9part \u00e0 Grevenmacher (longueur: 14,5 km), un deuxi\u00e8me \u00e0 Manternach (\u00e0 5 km de Grevenmacher; longueur: 17,5 km).<\/p>\n<p><a href=\"http:\/\/g-o.lu\/lcmc1\" target=\"_blank\" rel=\"noopener\">www.toursime.geoportail.lu<\/a>[\/vc_column_text][\/vc_column][\/vc_row][vc_row][vc_column]<div class=\"clearboth\"><\/div><style>#thegem-divider-69ea7aa6b0f6f {margin-top: 33px !important;}#thegem-divider-69ea7aa6b0f6f {margin-bottom: 66px !important;}<\/style><div id=\"thegem-divider-69ea7aa6b0f6f\" class=\"gem-divider  \" style=\"border-color: #dddddd;\" ><\/div>[\/vc_column][\/vc_row][vc_row][vc_column width=&#8221;1\/3&#8243;][vc_gallery type=&#8221;flexslider_slide&#8221; interval=&#8221;3&#8243; images=&#8221;2742,2826&#8243; img_size=&#8221;380&#215;260&#8243;][\/vc_column][vc_column width=&#8221;2\/3&#8243;][vc_column_text]<\/p>\n<h3>Bicyclette<\/h3>\n<p>Les amateurs de bicyclette trouveront leur compte \u00e0 Grevenmacher. Le terrain de camping, o\u00f9 l\u2019on peut louer des bicyclettes, se trouve \u00e0 proximit\u00e9 de la piste cyclable.<\/p>\n<p><a href=\"http:\/\/www.rentabike-miselerland.lu\/\" target=\"_blank\" rel=\"noopener\">www.rentabike-miselerland.lu <\/a><br \/>\n<a href=\"http:\/\/g-o.lu\/z4ir6\" target=\"_blank\" rel=\"noopener\">www.tourisme.geoportail.lu<\/a><\/p>\n<p>En traversant le pont frontalier qui relie Grevenmacher \u00e0 Wellen, on a acc\u00e8s \u00e0 la piste cyclable, qui longe la Moselle (\u00abMosel-Radweg\u00bb).<\/p>\n<p><a href=\"http:\/\/www.mosel-rad-touren.de\/\" target=\"_blank\" rel=\"noopener\">www.mosel-rad-touren.de<\/a>[\/vc_column_text][\/vc_column][\/vc_row][vc_row][vc_column]<div class=\"clearboth\"><\/div><style>#thegem-divider-69ea7aa6b102e {margin-top: 33px !important;}#thegem-divider-69ea7aa6b102e {margin-bottom: 66px !important;}<\/style><div id=\"thegem-divider-69ea7aa6b102e\" class=\"gem-divider  \" style=\"border-color: #dddddd;\" ><\/div>[\/vc_column][\/vc_row][vc_row css=&#8221;.vc_custom_1612360559237{padding-bottom: 100px !important;}&#8221;][vc_column width=&#8221;1\/3&#8243;][vc_gallery type=&#8221;flexslider_slide&#8221; interval=&#8221;3&#8243; images=&#8221;2827&#8243; img_size=&#8221;380&#215;260&#8243;][\/vc_column][vc_column width=&#8221;2\/3&#8243;][vc_column_text]<\/p>\n<h3>Skating<\/h3>\n<p>Depuis 2015 un skate-park pr\u00e8s de l\u2019\u00e9cluse de Grevenmacher invite non seulement \u00e0 pratiquer le skate-board, mais \u00e9galement des jeux de balle.<\/p>\n<p><a href=\"https:\/\/grevenmacher.lu\/sports\/skatepark\/\" target=\"_blank\" rel=\"noopener\">http:\/\/www.grevenmacher.lu<\/a>[\/vc_column_text][\/vc_column][\/vc_row]<\/p>\n<\/div>","protected":false},"excerpt":{"rendered":"<p>[vc_row css=&#8221;.vc_custom_1612360581128{padding-top: 100px !important;}&#8221;][vc_column width=&#8221;1\/3&#8243;][vc_gallery type=&#8221;flexslider_slide&#8221; interval=&#8221;3&#8243; images=&#8221;2824,2825&#8243; img_size=&#8221;380&#215;260&#8243;][\/vc_column][vc_column width=&#8221;2\/3&#8243;][vc_column_text] Mountainbike \/ VTT Dans la r\u00e9gion mosellane, on trouve 5&#8230;<\/p>\n","protected":false},"author":1,"featured_media":0,"parent":3249,"menu_order":0,"comment_status":"closed","ping_status":"closed","template":"","meta":{"inline_featured_image":false,"footnotes":""},"class_list":["post-3261","page","type-page","status-publish"],"_links":{"self":[{"href":"https:\/\/visitmaacher.lu\/fr\/wp-json\/wp\/v2\/pages\/3261","targetHints":{"allow":["GET"]}}],"collection":[{"href":"https:\/\/visitmaacher.lu\/fr\/wp-json\/wp\/v2\/pages"}],"about":[{"href":"https:\/\/visitmaacher.lu\/fr\/wp-json\/wp\/v2\/types\/page"}],"author":[{"embeddable":true,"href":"https:\/\/visitmaacher.lu\/fr\/wp-json\/wp\/v2\/users\/1"}],"replies":[{"embeddable":true,"href":"https:\/\/visitmaacher.lu\/fr\/wp-json\/wp\/v2\/comments?post=3261"}],"version-history":[{"count":3,"href":"https:\/\/visitmaacher.lu\/fr\/wp-json\/wp\/v2\/pages\/3261\/revisions"}],"predecessor-version":[{"id":3486,"href":"https:\/\/visitmaacher.lu\/fr\/wp-json\/wp\/v2\/pages\/3261\/revisions\/3486"}],"up":[{"embeddable":true,"href":"https:\/\/visitmaacher.lu\/fr\/wp-json\/wp\/v2\/pages\/3249"}],"wp:attachment":[{"href":"https:\/\/visitmaacher.lu\/fr\/wp-json\/wp\/v2\/media?parent=3261"}],"curies":[{"name":"wp","href":"https:\/\/api.w.org\/{rel}","templated":true}]}}