{"id":3258,"date":"2021-02-08T10:11:15","date_gmt":"2021-02-08T09:11:15","guid":{"rendered":"http:\/\/visitmaacher.lu\/?page_id=3258"},"modified":"2022-01-10T07:46:10","modified_gmt":"2022-01-10T06:46:10","slug":"activites-culturelles","status":"publish","type":"page","link":"https:\/\/visitmaacher.lu\/fr\/decouvrir\/activites-culturelles\/","title":{"rendered":"Activit\u00e9s culturelles"},"content":{"rendered":"<div class=\"wpb-content-wrapper\"><p>[vc_row css=&#8221;.vc_custom_1612360581128{padding-top: 100px !important;}&#8221;][vc_column width=&#8221;1\/3&#8243;][vc_gallery type=&#8221;flexslider_slide&#8221; interval=&#8221;3&#8243; images=&#8221;2843,2850,2847,2851,2802,2849&#8243; img_size=&#8221;380&#215;260&#8243;][\/vc_column][vc_column width=&#8221;2\/3&#8243;][vc_column_text]<\/p>\n<h3>Circuit culturel<\/h3>\n<p>La vall\u00e9e de la Moselle doit sa richesse au fait qu\u2019elle est situ\u00e9e \u00e0 proximit\u00e9 de l\u2019eau et qu\u2019elle dispose de terres fertiles. Voil\u00e0 pourquoi elle a d\u00e9j\u00e0 \u00e9t\u00e9 colonis\u00e9e avant l\u2019\u00e9poque romaine. Lors de la promenade culturelle \u00e0 travers la vieille ville fortifi\u00e9e les visiteurs peuvent d\u00e9couvrir bon nombre de traces historiques.<\/p>\n<p>http:\/\/www.grevenmacher.lu[\/vc_column_text][vc_row_inner][vc_column_inner width=&#8221;1\/3&#8243;]<div class=\"gem-button-container gem-button-position-inline thegem-button-69dea2ef967703487    \"  ><a title=\"Audio Touren\" class=\"gem-button gem-button-size-small gem-button-style-outline gem-button-text-weight-thin gem-button-border-2 gem-button-icon-position-left gem-button-no-uppercase\" data-ll-effect=\"drop-right-without-wrap\" style=\"border-radius: 3px;\" onmouseleave=\"\" onmouseenter=\"\" href=\"https:\/\/www.visitmoselle.lu\/de\/erleben\/lauschtour\" target=\"_blank\"><i class=\"gem-print-icon gem-icon-pack-fontawesome \">&#xf0c1;<\/i>Audio tours<\/a><\/div> [\/vc_column_inner][vc_column_inner width=&#8221;1\/3&#8243;]<div class=\"gem-button-container gem-button-position-inline thegem-button-69dea2ef968d48438    \"  ><a title=\"Flyer Kulturhistorischer Rundgang\" class=\"gem-button gem-button-size-small gem-button-style-outline gem-button-text-weight-thin gem-button-border-2 gem-button-icon-position-left gem-button-no-uppercase\" data-ll-effect=\"drop-right-without-wrap\" style=\"border-radius: 3px;\" onmouseleave=\"\" onmouseenter=\"\" href=\"https:\/\/visitmaacher.lu\/wp-content\/uploads\/2022\/01\/SITG-Kulturwanderweg-FR.pdf\" target=\"_blank\"><i class=\"gem-print-icon gem-icon-pack-fontawesome \">&#xf1c1;<\/i>Brochure circuit culturel<\/a><\/div> [\/vc_column_inner][vc_column_inner width=&#8221;1\/3&#8243;][\/vc_column_inner][\/vc_row_inner][\/vc_column][\/vc_row][vc_row][vc_column]<div class=\"clearboth\"><\/div><style>#thegem-divider-69dea2ef9696c {margin-top: 33px !important;}#thegem-divider-69dea2ef9696c {margin-bottom: 66px !important;}<\/style><div id=\"thegem-divider-69dea2ef9696c\" class=\"gem-divider  \" style=\"border-color: #dddddd;\" ><\/div>[\/vc_column][\/vc_row][vc_row][vc_column width=&#8221;1\/3&#8243;][vc_gallery type=&#8221;flexslider_slide&#8221; interval=&#8221;3&#8243; images=&#8221;2844&#8243; img_size=&#8221;380&#215;260&#8243;][\/vc_column][vc_column width=&#8221;2\/3&#8243;][vc_column_text]<\/p>\n<h3>La tour du mur d\u2019enceinte dans la rue Syr<\/h3>\n<p>Pendant les ann\u00e9es 2012\/2013, la Ville de Grevenmacher a pu restaurer, \u00e9paul\u00e9e par les services \u00e9tatiques comp\u00e9tents, la deuxi\u00e8me tour dans le c\u00f4t\u00e9 est du mur d\u2019enceinte, ensemble avec un morceau dudit mur, avec deux arcs, une partie du chemin de ronde et une meurtri\u00e8re.<\/p>\n<p><a href=\"https:\/\/grevenmacher.lu\/decouvrir\/sites-touristiques\/#mur\" target=\"_blank\" rel=\"noopener\">http:\/\/www.grevenmacher.lu<\/a>[\/vc_column_text][\/vc_column][\/vc_row][vc_row][vc_column]<div class=\"clearboth\"><\/div><style>#thegem-divider-69dea2ef969d6 {margin-top: 33px !important;}#thegem-divider-69dea2ef969d6 {margin-bottom: 66px !important;}<\/style><div id=\"thegem-divider-69dea2ef969d6\" class=\"gem-divider  \" style=\"border-color: #dddddd;\" ><\/div>[\/vc_column][\/vc_row][vc_row][vc_column width=&#8221;1\/3&#8243;][vc_gallery type=&#8221;flexslider_slide&#8221; interval=&#8221;3&#8243; images=&#8221;2842,2846&#8243; img_size=&#8221;380&#215;260&#8243;][\/vc_column][vc_column width=&#8221;2\/3&#8243;][vc_column_text]<\/p>\n<h3>La Chapelle Sainte-Croix<\/h3>\n<p>L\u2019origine de la Chapelle Sainte-Croix, symbole de la Ville de Grevenmacher, avec son Calvaire menant au \u201cKr\u00e4izerbierg\u201d, remonte dans les t\u00e9n\u00e8bres de l\u2019Histoire. La chapelle telle qu\u2019elle se pr\u00e9sente aujourd\u2019hui, fut agrandie en 1737, comme indiqu\u00e9 sur la pierre au-dessus de la porte d\u2019entr\u00e9e.<\/p>\n<p><a href=\"https:\/\/grevenmacher.lu\/decouvrir\/sites-touristiques\/#kraizkapell\" target=\"_blank\" rel=\"noopener\">http:\/\/www.grevenmacher.lu<\/a>[\/vc_column_text][\/vc_column][\/vc_row][vc_row][vc_column]<div class=\"clearboth\"><\/div><style>#thegem-divider-69dea2ef96a38 {margin-top: 33px !important;}#thegem-divider-69dea2ef96a38 {margin-bottom: 66px !important;}<\/style><div id=\"thegem-divider-69dea2ef96a38\" class=\"gem-divider  \" style=\"border-color: #dddddd;\" ><\/div>[\/vc_column][\/vc_row][vc_row][vc_column width=&#8221;1\/3&#8243;][vc_gallery type=&#8221;flexslider_slide&#8221; interval=&#8221;3&#8243; images=&#8221;2847&#8243; img_size=&#8221;380&#215;260&#8243;][\/vc_column][vc_column width=&#8221;2\/3&#8243;][vc_column_text]<\/p>\n<h3>Le Kundel<\/h3>\n<p>La r\u00e9plique de l\u2019ancien lavoir \u00abKundel\u00bb, qui se trouve dans la \u00abruelle de la Tour\u00bb (\u00abTurgaass\u00bb) a \u00e9t\u00e9 r\u00e9alis\u00e9e en 2009\/2010 par le bureau d\u2019architecture archi-web, sur initiative du Syndicat d\u2019Initiative et de Tourisme de la Ville de Grevenmacher. Le Kundel \u00e9tait le seul lavoir public situ\u00e9 en dedans du mur d\u2019enceinte.<\/p>\n<p><a href=\"https:\/\/grevenmacher.lu\/decouvrir\/sites-touristiques\/#kundel\" target=\"_blank\" rel=\"noopener\">http:\/\/www.grevenmacher.lu<\/a>[\/vc_column_text][\/vc_column][\/vc_row][vc_row][vc_column]<div class=\"clearboth\"><\/div><style>#thegem-divider-69dea2ef96a99 {margin-top: 33px !important;}#thegem-divider-69dea2ef96a99 {margin-bottom: 66px !important;}<\/style><div id=\"thegem-divider-69dea2ef96a99\" class=\"gem-divider  \" style=\"border-color: #dddddd;\" ><\/div>[\/vc_column][\/vc_row][vc_row][vc_column width=&#8221;1\/3&#8243;][vc_gallery type=&#8221;flexslider_slide&#8221; interval=&#8221;3&#8243; images=&#8221;2848&#8243; img_size=&#8221;380&#215;260&#8243;][\/vc_column][vc_column width=&#8221;2\/3&#8243;][vc_column_text]<\/p>\n<h3>L\u2019\u00e9glise paroissiale<\/h3>\n<p>Depuis 1782, l\u2019ancien beffroi est le clocher de l\u2019\u00e9glise paroissiale Saint-Laurent. La tour avec ses murs \u00e9pais est situ\u00e9e exactement au milieu du mur d\u2019enceinte de jadis.<\/p>\n<p><a href=\"https:\/\/grevenmacher.lu\/decouvrir\/sites-touristiques\/#eglise\" target=\"_blank\" rel=\"noopener\">http:\/\/www.grevenmacher.lu<\/a><\/p>\n<p>[\/vc_column_text][\/vc_column][\/vc_row][vc_row][vc_column]<div class=\"clearboth\"><\/div><style>#thegem-divider-69dea2ef96af7 {margin-top: 33px !important;}#thegem-divider-69dea2ef96af7 {margin-bottom: 66px !important;}<\/style><div id=\"thegem-divider-69dea2ef96af7\" class=\"gem-divider  \" style=\"border-color: #dddddd;\" ><\/div>[\/vc_column][\/vc_row][vc_row css=&#8221;.vc_custom_1612360559237{padding-bottom: 100px !important;}&#8221;][vc_column width=&#8221;1\/3&#8243;][vc_gallery type=&#8221;flexslider_slide&#8221; interval=&#8221;3&#8243; images=&#8221;3821&#8243; img_size=&#8221;380&#215;260&#8243;][\/vc_column][vc_column width=&#8221;2\/3&#8243;][vc_column_text]<\/p>\n<h3>Kulturhuef<\/h3>\n<p><strong>Mus\u00e9e Kino Bistro<\/strong><\/p>\n<p>On trouve toutes les informations sur l\u2019ancien abattoir transform\u00e9 en centre culturel \u00abKulturhuef\u00bb sur le site internet.<\/p>\n<p><a href=\"http:\/\/www.kulturhuef.lu\/\" target=\"_blank\" rel=\"noopener\">www.kulturhuef.lu<\/a><\/p>\n<p>&nbsp;<\/p>\n<p>[\/vc_column_text][\/vc_column][\/vc_row]<\/p>\n<\/div>","protected":false},"excerpt":{"rendered":"<p>[vc_row css=&#8221;.vc_custom_1612360581128{padding-top: 100px !important;}&#8221;][vc_column width=&#8221;1\/3&#8243;][vc_gallery type=&#8221;flexslider_slide&#8221; interval=&#8221;3&#8243; images=&#8221;2843,2850,2847,2851,2802,2849&#8243; img_size=&#8221;380&#215;260&#8243;][\/vc_column][vc_column width=&#8221;2\/3&#8243;][vc_column_text] Circuit culturel La vall\u00e9e de la Moselle doit sa richesse&#8230;<\/p>\n","protected":false},"author":1,"featured_media":0,"parent":3249,"menu_order":0,"comment_status":"closed","ping_status":"closed","template":"","meta":{"inline_featured_image":false,"footnotes":""},"class_list":["post-3258","page","type-page","status-publish"],"_links":{"self":[{"href":"https:\/\/visitmaacher.lu\/fr\/wp-json\/wp\/v2\/pages\/3258","targetHints":{"allow":["GET"]}}],"collection":[{"href":"https:\/\/visitmaacher.lu\/fr\/wp-json\/wp\/v2\/pages"}],"about":[{"href":"https:\/\/visitmaacher.lu\/fr\/wp-json\/wp\/v2\/types\/page"}],"author":[{"embeddable":true,"href":"https:\/\/visitmaacher.lu\/fr\/wp-json\/wp\/v2\/users\/1"}],"replies":[{"embeddable":true,"href":"https:\/\/visitmaacher.lu\/fr\/wp-json\/wp\/v2\/comments?post=3258"}],"version-history":[{"count":6,"href":"https:\/\/visitmaacher.lu\/fr\/wp-json\/wp\/v2\/pages\/3258\/revisions"}],"predecessor-version":[{"id":4861,"href":"https:\/\/visitmaacher.lu\/fr\/wp-json\/wp\/v2\/pages\/3258\/revisions\/4861"}],"up":[{"embeddable":true,"href":"https:\/\/visitmaacher.lu\/fr\/wp-json\/wp\/v2\/pages\/3249"}],"wp:attachment":[{"href":"https:\/\/visitmaacher.lu\/fr\/wp-json\/wp\/v2\/media?parent=3258"}],"curies":[{"name":"wp","href":"https:\/\/api.w.org\/{rel}","templated":true}]}}