{"id":3255,"date":"2021-02-08T10:08:33","date_gmt":"2021-02-08T09:08:33","guid":{"rendered":"http:\/\/visitmaacher.lu\/?page_id=3255"},"modified":"2021-04-15T16:05:33","modified_gmt":"2021-04-15T14:05:33","slug":"jeux-de-balle","status":"publish","type":"page","link":"https:\/\/visitmaacher.lu\/fr\/decouvrir\/jeux-de-balle\/","title":{"rendered":"Jeux de balle"},"content":{"rendered":"<div class=\"wpb-content-wrapper\"><p>[vc_row css=&#8221;.vc_custom_1612360581128{padding-top: 100px !important;}&#8221;][vc_column width=&#8221;1\/3&#8243;][vc_gallery type=&#8221;flexslider_slide&#8221; interval=&#8221;3&#8243; images=&#8221;2818&#8243; img_size=&#8221;380&#215;260&#8243;][\/vc_column][vc_column width=&#8221;2\/3&#8243;][vc_column_text]<\/p>\n<h3>Tennis<\/h3>\n<p>Le club de tennis (Tennis Club Grevenmacher) dispose de 4 courts de tennis, qui se trouvent \u00e0 c\u00f4t\u00e9 du terrain de camping.<\/p>\n<p><a href=\"http:\/\/www.tcg.lu\/\" target=\"_blank\" rel=\"noopener\">www.tcg.lu<\/a>[\/vc_column_text][\/vc_column][\/vc_row][vc_row][vc_column]<div class=\"clearboth\"><\/div><style>#thegem-divider-69f27045a5526 {margin-top: 33px !important;}#thegem-divider-69f27045a5526 {margin-bottom: 66px !important;}<\/style><div id=\"thegem-divider-69f27045a5526\" class=\"gem-divider  \" style=\"border-color: #dddddd;\" ><\/div>[\/vc_column][\/vc_row][vc_row][vc_column width=&#8221;1\/3&#8243;][vc_gallery type=&#8221;flexslider_slide&#8221; interval=&#8221;3&#8243; images=&#8221;2820&#8243; img_size=&#8221;380&#215;260&#8243;][\/vc_column][vc_column width=&#8221;2\/3&#8243;][vc_column_text]<\/p>\n<h3>Funpark<\/h3>\n<p>Depuis 2015 un skate-park pr\u00e8s de l\u2019\u00e9cluse de Grevenmacher invite non seulement \u00e0 pratiquer le skate-board, mais \u00e9galement des jeux de balle.<\/p>\n<p><a href=\"https:\/\/grevenmacher.lu\/sports\/skatepark\" target=\"_blank\" rel=\"noopener\">https:\/\/grevenmacher.lu\/sports\/skatepark<\/a>[\/vc_column_text][\/vc_column][\/vc_row][vc_row][vc_column]<div class=\"clearboth\"><\/div><style>#thegem-divider-69f27045a55aa {margin-top: 33px !important;}#thegem-divider-69f27045a55aa {margin-bottom: 66px !important;}<\/style><div id=\"thegem-divider-69f27045a55aa\" class=\"gem-divider  \" style=\"border-color: #dddddd;\" ><\/div>[\/vc_column][\/vc_row][vc_row css=&#8221;.vc_custom_1612360559237{padding-bottom: 100px !important;}&#8221;][vc_column width=&#8221;1\/3&#8243;][vc_gallery type=&#8221;flexslider_slide&#8221; interval=&#8221;3&#8243; images=&#8221;2819&#8243; img_size=&#8221;380&#215;260&#8243;][\/vc_column][vc_column width=&#8221;2\/3&#8243;][vc_column_text]<\/p>\n<h3>P\u00e9tanque<\/h3>\n<p>Depuis 2016 une piste de p\u00e9tanque existe pr\u00e8s de l\u2019aire aux jeux et du restaurant Bistro Quai.[\/vc_column_text][\/vc_column][\/vc_row]<\/p>\n<\/div>","protected":false},"excerpt":{"rendered":"<p>[vc_row css=&#8221;.vc_custom_1612360581128{padding-top: 100px !important;}&#8221;][vc_column width=&#8221;1\/3&#8243;][vc_gallery type=&#8221;flexslider_slide&#8221; interval=&#8221;3&#8243; images=&#8221;2818&#8243; img_size=&#8221;380&#215;260&#8243;][\/vc_column][vc_column width=&#8221;2\/3&#8243;][vc_column_text] Tennis Le club de tennis (Tennis Club Grevenmacher) dispose de&#8230;<\/p>\n","protected":false},"author":1,"featured_media":0,"parent":3249,"menu_order":0,"comment_status":"closed","ping_status":"closed","template":"","meta":{"inline_featured_image":false,"footnotes":""},"class_list":["post-3255","page","type-page","status-publish"],"_links":{"self":[{"href":"https:\/\/visitmaacher.lu\/fr\/wp-json\/wp\/v2\/pages\/3255","targetHints":{"allow":["GET"]}}],"collection":[{"href":"https:\/\/visitmaacher.lu\/fr\/wp-json\/wp\/v2\/pages"}],"about":[{"href":"https:\/\/visitmaacher.lu\/fr\/wp-json\/wp\/v2\/types\/page"}],"author":[{"embeddable":true,"href":"https:\/\/visitmaacher.lu\/fr\/wp-json\/wp\/v2\/users\/1"}],"replies":[{"embeddable":true,"href":"https:\/\/visitmaacher.lu\/fr\/wp-json\/wp\/v2\/comments?post=3255"}],"version-history":[{"count":3,"href":"https:\/\/visitmaacher.lu\/fr\/wp-json\/wp\/v2\/pages\/3255\/revisions"}],"predecessor-version":[{"id":3449,"href":"https:\/\/visitmaacher.lu\/fr\/wp-json\/wp\/v2\/pages\/3255\/revisions\/3449"}],"up":[{"embeddable":true,"href":"https:\/\/visitmaacher.lu\/fr\/wp-json\/wp\/v2\/pages\/3249"}],"wp:attachment":[{"href":"https:\/\/visitmaacher.lu\/fr\/wp-json\/wp\/v2\/media?parent=3255"}],"curies":[{"name":"wp","href":"https:\/\/api.w.org\/{rel}","templated":true}]}}