{"id":3252,"date":"2021-02-08T10:07:10","date_gmt":"2021-02-08T09:07:10","guid":{"rendered":"http:\/\/visitmaacher.lu\/?page_id=3252"},"modified":"2021-05-10T13:18:31","modified_gmt":"2021-05-10T11:18:31","slug":"activites-pour-enfants","status":"publish","type":"page","link":"https:\/\/visitmaacher.lu\/fr\/decouvrir\/activites-pour-enfants\/","title":{"rendered":"Activit\u00e9s pour enfants"},"content":{"rendered":"<div class=\"wpb-content-wrapper\"><p>[vc_row css=&#8221;.vc_custom_1612360581128{padding-top: 100px !important;}&#8221;][vc_column width=&#8221;1\/3&#8243;][vc_gallery type=&#8221;flexslider_slide&#8221; interval=&#8221;3&#8243; images=&#8221;2831&#8243; img_size=&#8221;380&#215;260&#8243;][\/vc_column][vc_column width=&#8221;2\/3&#8243;][vc_column_text]<\/p>\n<h3>Aires de jeux pour enfants<\/h3>\n<p>Une liste avec les aires de jeux se trouve sur le site internet:<\/p>\n<p><a href=\"https:\/\/grevenmacher.lu\/enfants\/aires-de-jeux\/\" target=\"_blank\" rel=\"noopener\">http:\/\/www.grevenmacher.lu<\/a>[\/vc_column_text][\/vc_column][\/vc_row][vc_row][vc_column]<div class=\"clearboth\"><\/div><style>#thegem-divider-69d388faa717c {margin-top: 33px !important;}#thegem-divider-69d388faa717c {margin-bottom: 66px !important;}<\/style><div id=\"thegem-divider-69d388faa717c\" class=\"gem-divider  \" style=\"border-color: #dddddd;\" ><\/div>[\/vc_column][\/vc_row][vc_row][vc_column width=&#8221;1\/3&#8243;][vc_gallery type=&#8221;flexslider_slide&#8221; interval=&#8221;3&#8243; images=&#8221;2832&#8243; img_size=&#8221;380&#215;260&#8243;][\/vc_column][vc_column width=&#8221;2\/3&#8243;][vc_column_text]<\/p>\n<h3>Jardin des papillons<\/h3>\n<p>Le Jardin des papillons est un endroit id\u00e9al pour les enfants et pour les amis de la nature et de ses merveilles. Le jardin tropical avec des centaines de papillons exotiques invite \u00e0 se promener et \u00e0 y s\u00e9journer.<\/p>\n<p>Avec une temp\u00e9rature constante de 27\u00b0 Celsius et un taux d\u2019humidit\u00e9 de 70%, ce jardin est un ilot paradisiaque au bord de la Moselle. On y rencontre \u00e9galement des cailles chinoises, des cam\u00e9l\u00e9ons, des tortues ainsi que diff\u00e9rentes sortes d\u2019oiseaux et une ruche d\u2019abeilles (sous verre).<\/p>\n<p><a href=\"http:\/\/www.papillons.lu\/\" target=\"_blank\" rel=\"noopener\">www.papillons.lu<\/a>[\/vc_column_text][\/vc_column][\/vc_row][vc_row][vc_column]<div class=\"clearboth\"><\/div><style>#thegem-divider-69d388faa7206 {margin-top: 33px !important;}#thegem-divider-69d388faa7206 {margin-bottom: 66px !important;}<\/style><div id=\"thegem-divider-69d388faa7206\" class=\"gem-divider  \" style=\"border-color: #dddddd;\" ><\/div>[\/vc_column][\/vc_row][vc_row css=&#8221;.vc_custom_1612360559237{padding-bottom: 100px !important;}&#8221;][vc_column width=&#8221;1\/3&#8243;][vc_gallery type=&#8221;flexslider_slide&#8221; interval=&#8221;3&#8243; images=&#8221;3821&#8243; img_size=&#8221;380&#215;260&#8243;][\/vc_column][vc_column width=&#8221;2\/3&#8243;][vc_column_text]<\/p>\n<h3>Kulturhuef<\/h3>\n<p><strong>Mus\u00e9e Kino Bistro<\/strong><\/p>\n<p>R\u00e9guli\u00e8rement le \u00abKulturhuef\u00bb invite \u00e0 des workshops pour enfants. Le programme se trouve sur le site internet.<\/p>\n<p><a href=\"http:\/\/www.kulturhuef.lu\/\" target=\"_blank\" rel=\"noopener\">www.kulturhuef.lu<\/a>[\/vc_column_text][\/vc_column][\/vc_row]<\/p>\n<\/div>","protected":false},"excerpt":{"rendered":"<p>[vc_row css=&#8221;.vc_custom_1612360581128{padding-top: 100px !important;}&#8221;][vc_column width=&#8221;1\/3&#8243;][vc_gallery type=&#8221;flexslider_slide&#8221; interval=&#8221;3&#8243; images=&#8221;2831&#8243; img_size=&#8221;380&#215;260&#8243;][\/vc_column][vc_column width=&#8221;2\/3&#8243;][vc_column_text] Aires de jeux pour enfants Une liste avec les aires&#8230;<\/p>\n","protected":false},"author":1,"featured_media":0,"parent":3249,"menu_order":0,"comment_status":"closed","ping_status":"closed","template":"","meta":{"inline_featured_image":false,"footnotes":""},"class_list":["post-3252","page","type-page","status-publish"],"_links":{"self":[{"href":"https:\/\/visitmaacher.lu\/fr\/wp-json\/wp\/v2\/pages\/3252","targetHints":{"allow":["GET"]}}],"collection":[{"href":"https:\/\/visitmaacher.lu\/fr\/wp-json\/wp\/v2\/pages"}],"about":[{"href":"https:\/\/visitmaacher.lu\/fr\/wp-json\/wp\/v2\/types\/page"}],"author":[{"embeddable":true,"href":"https:\/\/visitmaacher.lu\/fr\/wp-json\/wp\/v2\/users\/1"}],"replies":[{"embeddable":true,"href":"https:\/\/visitmaacher.lu\/fr\/wp-json\/wp\/v2\/comments?post=3252"}],"version-history":[{"count":6,"href":"https:\/\/visitmaacher.lu\/fr\/wp-json\/wp\/v2\/pages\/3252\/revisions"}],"predecessor-version":[{"id":3828,"href":"https:\/\/visitmaacher.lu\/fr\/wp-json\/wp\/v2\/pages\/3252\/revisions\/3828"}],"up":[{"embeddable":true,"href":"https:\/\/visitmaacher.lu\/fr\/wp-json\/wp\/v2\/pages\/3249"}],"wp:attachment":[{"href":"https:\/\/visitmaacher.lu\/fr\/wp-json\/wp\/v2\/media?parent=3252"}],"curies":[{"name":"wp","href":"https:\/\/api.w.org\/{rel}","templated":true}]}}