{"id":3249,"date":"2021-02-08T10:05:29","date_gmt":"2021-02-08T09:05:29","guid":{"rendered":"http:\/\/visitmaacher.lu\/?page_id=3249"},"modified":"2022-01-05T14:01:29","modified_gmt":"2022-01-05T13:01:29","slug":"decouvrir","status":"publish","type":"page","link":"https:\/\/visitmaacher.lu\/fr\/decouvrir\/","title":{"rendered":"D\u00e9couvrir"},"content":{"rendered":"<div class=\"wpb-content-wrapper\"><p>[vc_row css=&#8221;.vc_custom_1612358542383{padding-top: 100px !important;padding-bottom: 100px !important;}&#8221;][vc_column width=&#8221;1\/2&#8243;][vc_column_text]<\/p>\n<h5>Que vous ayez envie de faire des randonn\u00e9es, du nordic-walking, du jogging, des excursions en bicyclette ou en mountain-bike, de la natation, du tennis, du ski nautique ou du cano\u00eb-kayak \u2013 \u00e0 Grevenmacher petits et grands trouveront leur bonheur.<\/h5>\n<p>Dans notre Tourist-Info qui se trouve sur la Route du Vin, on vous conseillera du lundi au vendredi de 8.00 \u00e0 17.00 hrs, en juin \u00e9galement le samedi de 10.00 \u00e0 15.00 hrs, en juillet et ao\u00fbt aussi le dimanche de 10.00 \u00e0 15.00 hrs.[\/vc_column_text][\/vc_column][vc_column width=&#8221;1\/2&#8243;][vc_column_text]<\/p>\n<h5>Offres pour les sportifs\/sportives:<\/h5>\n<p>La r\u00e9gion mosellane est une des plus belles r\u00e9gions d\u2019Europe. Des bois, des villages accueillants et bien s\u00fbr des vignobles marquent le paysage. Beaucoup de points de vue spectaculaires offrent des vues magnifiques.<\/p>\n<p>Grevenmacher vous offre deux randonn\u00e9es circulaires et cinq promenades.[\/vc_column_text][\/vc_column][\/vc_row][vc_section full_width=&#8221;stretch_row&#8221; css=&#8221;.vc_custom_1612338444842{padding-top: 100px !important;padding-bottom: 100px !important;background-color: #88be4c !important;}&#8221;][vc_row full_width=&#8221;stretch_row&#8221; gap=&#8221;10&#8243; css_animation=&#8221;bottom-to-top&#8221; css=&#8221;.vc_custom_1612858740486{padding-bottom: 33px !important;}&#8221;][vc_column width=&#8221;1\/3&#8243;][vc_single_image image=&#8221;2745&#8243; img_size=&#8221;full&#8221; css=&#8221;.vc_custom_1612355633504{margin-bottom: 5px !important;}&#8221;][vc_custom_heading text=&#8221;Les promenades&#8221; font_container=&#8221;tag:h3|font_size:25px|text_align:left|color:%23ffffff&#8221; google_fonts=&#8221;font_family:Open%20Sans%3A300%2C300italic%2Cregular%2Citalic%2C600%2C600italic%2C700%2C700italic%2C800%2C800italic|font_style:300%20light%20regular%3A300%3Anormal&#8221; css=&#8221;.vc_custom_1612774725180{margin-top: 20px !important;margin-bottom: 10px !important;}&#8221;]<style type=\"text\/css\">.thegem-button-69ea65304b3dd3184 .gem-button svg {fill: #ffffff;}.thegem-button-69ea65304b3dd3184 .gem-button:hover svg {fill: #ffffff;}<\/style><div class=\"gem-button-container gem-button-position-inline thegem-button-69ea65304b3dd3184    \"  ><a title=\"Camping\" class=\"gem-button gem-button-size-small gem-button-style-outline gem-button-text-weight-thin gem-button-border-2 gem-button-no-uppercase\" data-ll-effect=\"drop-right-without-wrap\" style=\"border-radius: 3px;border-color: #ffffff;color: #ffffff;\" onmouseleave=\"this.style.borderColor='#ffffff';this.style.backgroundColor='transparent';this.style.color='#ffffff';\" onmouseenter=\"this.style.borderColor='#ffffff';this.style.backgroundColor='rgba(255,255,255,0.32)';this.style.color='#ffffff';\" href=\"http:\/\/visitmaacher.lu\/fr\/decouvrir\/les-promenandes\/\" target=\"_self\">En savoir plus<\/a><\/div> [\/vc_column][vc_column width=&#8221;1\/3&#8243;][vc_single_image image=&#8221;2747&#8243; img_size=&#8221;full&#8221; css=&#8221;.vc_custom_1612355644109{margin-bottom: 5px !important;}&#8221;][vc_custom_heading text=&#8221;Autres promenades&#8221; font_container=&#8221;tag:h3|font_size:25px|text_align:left|color:%23ffffff&#8221; google_fonts=&#8221;font_family:Open%20Sans%3A300%2C300italic%2Cregular%2Citalic%2C600%2C600italic%2C700%2C700italic%2C800%2C800italic|font_style:300%20light%20regular%3A300%3Anormal&#8221; css=&#8221;.vc_custom_1612774719377{margin-top: 20px !important;margin-bottom: 10px !important;}&#8221;]<style type=\"text\/css\">.thegem-button-69ea65304b5dc4040 .gem-button svg {fill: #ffffff;}.thegem-button-69ea65304b5dc4040 .gem-button:hover svg {fill: #ffffff;}<\/style><div class=\"gem-button-container gem-button-position-inline thegem-button-69ea65304b5dc4040    \"  ><a title=\"POD\" class=\"gem-button gem-button-size-small gem-button-style-outline gem-button-text-weight-thin gem-button-border-2 gem-button-no-uppercase\" data-ll-effect=\"drop-right-without-wrap\" style=\"border-radius: 3px;border-color: #ffffff;color: #ffffff;\" onmouseleave=\"this.style.borderColor='#ffffff';this.style.backgroundColor='transparent';this.style.color='#ffffff';\" onmouseenter=\"this.style.borderColor='#ffffff';this.style.backgroundColor='rgba(255,255,255,0.32)';this.style.color='#ffffff';\" href=\"http:\/\/visitmaacher.lu\/fr\/decouvrir\/autres-promenades\/\" target=\"_self\">En savoir plus<\/a><\/div> [\/vc_column][vc_column width=&#8221;1\/3&#8243;][vc_single_image image=&#8221;2744&#8243; img_size=&#8221;full&#8221; css=&#8221;.vc_custom_1612355654465{margin-bottom: 5px !important;}&#8221;][vc_custom_heading text=&#8221;Sports nautiques&#8221; font_container=&#8221;tag:h3|font_size:25px|text_align:left|color:%23ffffff&#8221; google_fonts=&#8221;font_family:Open%20Sans%3A300%2C300italic%2Cregular%2Citalic%2C600%2C600italic%2C700%2C700italic%2C800%2C800italic|font_style:300%20light%20regular%3A300%3Anormal&#8221; css=&#8221;.vc_custom_1612774709828{margin-top: 20px !important;margin-bottom: 10px !important;}&#8221;]<style type=\"text\/css\">.thegem-button-69ea65304b7ad2895 .gem-button svg {fill: #ffffff;}.thegem-button-69ea65304b7ad2895 .gem-button:hover svg {fill: #ffffff;}<\/style><div class=\"gem-button-container gem-button-position-inline thegem-button-69ea65304b7ad2895    \"  ><a title=\"POD\" class=\"gem-button gem-button-size-small gem-button-style-outline gem-button-text-weight-thin gem-button-border-2 gem-button-no-uppercase\" data-ll-effect=\"drop-right-without-wrap\" style=\"border-radius: 3px;border-color: #ffffff;color: #ffffff;\" onmouseleave=\"this.style.borderColor='#ffffff';this.style.backgroundColor='transparent';this.style.color='#ffffff';\" onmouseenter=\"this.style.borderColor='#ffffff';this.style.backgroundColor='rgba(255,255,255,0.32)';this.style.color='#ffffff';\" href=\"http:\/\/visitmaacher.lu\/fr\/decouvrir\/sports-nautiques\/\" target=\"_self\">En savoir plus<\/a><\/div> [\/vc_column][\/vc_row][vc_row css_animation=&#8221;bottom-to-top&#8221; css=&#8221;.vc_custom_1612858779805{padding-bottom: 33px !important;}&#8221;][vc_column width=&#8221;1\/3&#8243;][vc_single_image image=&#8221;2742&#8243; img_size=&#8221;full&#8221; css=&#8221;.vc_custom_1612356227606{margin-bottom: 5px !important;}&#8221;][vc_custom_heading text=&#8221;Cyclisme&#8221; font_container=&#8221;tag:h3|font_size:25px|text_align:left|color:%23ffffff&#8221; google_fonts=&#8221;font_family:Open%20Sans%3A300%2C300italic%2Cregular%2Citalic%2C600%2C600italic%2C700%2C700italic%2C800%2C800italic|font_style:300%20light%20regular%3A300%3Anormal&#8221; css=&#8221;.vc_custom_1612774698639{margin-top: 20px !important;margin-bottom: 10px !important;}&#8221;]<style type=\"text\/css\">.thegem-button-69ea65304b9a0733 .gem-button svg {fill: #ffffff;}.thegem-button-69ea65304b9a0733 .gem-button:hover svg {fill: #ffffff;}<\/style><div class=\"gem-button-container gem-button-position-inline thegem-button-69ea65304b9a0733    \"  ><a title=\"Camping\" class=\"gem-button gem-button-size-small gem-button-style-outline gem-button-text-weight-thin gem-button-border-2 gem-button-no-uppercase\" data-ll-effect=\"drop-right-without-wrap\" style=\"border-radius: 3px;border-color: #ffffff;color: #ffffff;\" onmouseleave=\"this.style.borderColor='#ffffff';this.style.backgroundColor='transparent';this.style.color='#ffffff';\" onmouseenter=\"this.style.borderColor='#ffffff';this.style.backgroundColor='rgba(255,255,255,0.32)';this.style.color='#ffffff';\" href=\"http:\/\/visitmaacher.lu\/fr\/decouvrir\/cyclisme\/\" target=\"_self\">En savoir plus<\/a><\/div> [\/vc_column][vc_column width=&#8221;1\/3&#8243;][vc_single_image image=&#8221;2743&#8243; img_size=&#8221;full&#8221; css=&#8221;.vc_custom_1612356239858{margin-bottom: 5px !important;}&#8221;][vc_custom_heading text=&#8221;Jeux de balle&#8221; font_container=&#8221;tag:h3|font_size:25px|text_align:left|color:%23ffffff&#8221; google_fonts=&#8221;font_family:Open%20Sans%3A300%2C300italic%2Cregular%2Citalic%2C600%2C600italic%2C700%2C700italic%2C800%2C800italic|font_style:300%20light%20regular%3A300%3Anormal&#8221; css=&#8221;.vc_custom_1612774690292{margin-top: 20px !important;margin-bottom: 10px !important;}&#8221;]<style type=\"text\/css\">.thegem-button-69ea65304bba41258 .gem-button svg {fill: #ffffff;}.thegem-button-69ea65304bba41258 .gem-button:hover svg {fill: #ffffff;}<\/style><div class=\"gem-button-container gem-button-position-inline thegem-button-69ea65304bba41258    \"  ><a title=\"Hotel Simon&#039;s Plaza\" class=\"gem-button gem-button-size-small gem-button-style-outline gem-button-text-weight-thin gem-button-border-2 gem-button-no-uppercase\" data-ll-effect=\"drop-right-without-wrap\" style=\"border-radius: 3px;border-color: #ffffff;color: #ffffff;\" onmouseleave=\"this.style.borderColor='#ffffff';this.style.backgroundColor='transparent';this.style.color='#ffffff';\" onmouseenter=\"this.style.borderColor='#ffffff';this.style.backgroundColor='rgba(255,255,255,0.32)';this.style.color='#ffffff';\" href=\"http:\/\/visitmaacher.lu\/fr\/decouvrir\/jeux-de-balle\/\" target=\"_blank\">En savoir plus<\/a><\/div> [\/vc_column][vc_column width=&#8221;1\/3&#8243;][vc_single_image image=&#8221;2746&#8243; img_size=&#8221;full&#8221; css=&#8221;.vc_custom_1612356260155{margin-bottom: 5px !important;}&#8221;][vc_custom_heading text=&#8221;Activit\u00e9s pour enfants&#8221; font_container=&#8221;tag:h3|font_size:25px|text_align:left|color:%23ffffff&#8221; google_fonts=&#8221;font_family:Open%20Sans%3A300%2C300italic%2Cregular%2Citalic%2C600%2C600italic%2C700%2C700italic%2C800%2C800italic|font_style:300%20light%20regular%3A300%3Anormal&#8221; css=&#8221;.vc_custom_1612774678958{margin-top: 20px !important;margin-bottom: 10px !important;}&#8221;]<style type=\"text\/css\">.thegem-button-69ea65304bdc77658 .gem-button svg {fill: #ffffff;}.thegem-button-69ea65304bdc77658 .gem-button:hover svg {fill: #ffffff;}<\/style><div class=\"gem-button-container gem-button-position-inline thegem-button-69ea65304bdc77658    \"  ><a title=\"Hotel Simon&#039;s Plaza\" class=\"gem-button gem-button-size-small gem-button-style-outline gem-button-text-weight-thin gem-button-border-2 gem-button-no-uppercase\" data-ll-effect=\"drop-right-without-wrap\" style=\"border-radius: 3px;border-color: #ffffff;color: #ffffff;\" onmouseleave=\"this.style.borderColor='#ffffff';this.style.backgroundColor='transparent';this.style.color='#ffffff';\" onmouseenter=\"this.style.borderColor='#ffffff';this.style.backgroundColor='rgba(255,255,255,0.32)';this.style.color='#ffffff';\" href=\"http:\/\/visitmaacher.lu\/fr\/decouvrir\/activites-pour-enfants\/\" target=\"_blank\">En savoir plus<\/a><\/div> [\/vc_column][\/vc_row][vc_row css_animation=&#8221;bottom-to-top&#8221; css=&#8221;.vc_custom_1612858837989{padding-bottom: 33px !important;}&#8221;][vc_column width=&#8221;1\/3&#8243;][vc_single_image image=&#8221;2727&#8243; img_size=&#8221;full&#8221; css=&#8221;.vc_custom_1612356667304{margin-bottom: 5px !important;}&#8221;][vc_custom_heading text=&#8221;Activit\u00e9s culturelles&#8221; font_container=&#8221;tag:h3|font_size:25px|text_align:left|color:%23ffffff&#8221; google_fonts=&#8221;font_family:Open%20Sans%3A300%2C300italic%2Cregular%2Citalic%2C600%2C600italic%2C700%2C700italic%2C800%2C800italic|font_style:300%20light%20regular%3A300%3Anormal&#8221; css=&#8221;.vc_custom_1612774671527{margin-top: 20px !important;margin-bottom: 10px !important;}&#8221;]<style type=\"text\/css\">.thegem-button-69ea65304bfce5652 .gem-button svg {fill: #ffffff;}.thegem-button-69ea65304bfce5652 .gem-button:hover svg {fill: #ffffff;}<\/style><div class=\"gem-button-container gem-button-position-inline thegem-button-69ea65304bfce5652    \"  ><a title=\"Camping\" class=\"gem-button gem-button-size-small gem-button-style-outline gem-button-text-weight-thin gem-button-border-2 gem-button-no-uppercase\" data-ll-effect=\"drop-right-without-wrap\" style=\"border-radius: 3px;border-color: #ffffff;color: #ffffff;\" onmouseleave=\"this.style.borderColor='#ffffff';this.style.backgroundColor='transparent';this.style.color='#ffffff';\" onmouseenter=\"this.style.borderColor='#ffffff';this.style.backgroundColor='rgba(255,255,255,0.32)';this.style.color='#ffffff';\" href=\"http:\/\/visitmaacher.lu\/fr\/decouvrir\/activites-culturelles\/\" target=\"_self\">En savoir plus<\/a><\/div> [\/vc_column][vc_column width=&#8221;1\/3&#8243;][vc_single_image image=&#8221;2740&#8243; img_size=&#8221;full&#8221; css=&#8221;.vc_custom_1612356683630{margin-bottom: 5px !important;}&#8221;][vc_custom_heading text=&#8221;Cela vaut le d\u00e9tour&#8221; font_container=&#8221;tag:h3|font_size:25px|text_align:left|color:%23ffffff&#8221; google_fonts=&#8221;font_family:Open%20Sans%3A300%2C300italic%2Cregular%2Citalic%2C600%2C600italic%2C700%2C700italic%2C800%2C800italic|font_style:300%20light%20regular%3A300%3Anormal&#8221; css=&#8221;.vc_custom_1612774665789{margin-top: 20px !important;margin-bottom: 10px !important;}&#8221;]<style type=\"text\/css\">.thegem-button-69ea65304c1c51831 .gem-button svg {fill: #ffffff;}.thegem-button-69ea65304c1c51831 .gem-button:hover svg {fill: #ffffff;}<\/style><div class=\"gem-button-container gem-button-position-inline thegem-button-69ea65304c1c51831    \"  ><a title=\"Hotel Simon&#039;s Plaza\" class=\"gem-button gem-button-size-small gem-button-style-outline gem-button-text-weight-thin gem-button-border-2 gem-button-no-uppercase\" data-ll-effect=\"drop-right-without-wrap\" style=\"border-radius: 3px;border-color: #ffffff;color: #ffffff;\" onmouseleave=\"this.style.borderColor='#ffffff';this.style.backgroundColor='transparent';this.style.color='#ffffff';\" onmouseenter=\"this.style.borderColor='#ffffff';this.style.backgroundColor='rgba(255,255,255,0.32)';this.style.color='#ffffff';\" href=\"http:\/\/visitmaacher.lu\/fr\/decouvrir\/cela-vaut-le-detour\/\" target=\"_blank\">En savoir plus<\/a><\/div> [\/vc_column][vc_column width=&#8221;1\/3&#8243;][\/vc_column][\/vc_row][\/vc_section]<\/p>\n<\/div>","protected":false},"excerpt":{"rendered":"<p>[vc_row css=&#8221;.vc_custom_1612358542383{padding-top: 100px !important;padding-bottom: 100px !important;}&#8221;][vc_column width=&#8221;1\/2&#8243;][vc_column_text] Que vous ayez envie de faire des randonn\u00e9es, du nordic-walking, du jogging, des&#8230;<\/p>\n","protected":false},"author":1,"featured_media":0,"parent":0,"menu_order":3,"comment_status":"closed","ping_status":"closed","template":"","meta":{"inline_featured_image":false,"footnotes":""},"class_list":["post-3249","page","type-page","status-publish"],"_links":{"self":[{"href":"https:\/\/visitmaacher.lu\/fr\/wp-json\/wp\/v2\/pages\/3249","targetHints":{"allow":["GET"]}}],"collection":[{"href":"https:\/\/visitmaacher.lu\/fr\/wp-json\/wp\/v2\/pages"}],"about":[{"href":"https:\/\/visitmaacher.lu\/fr\/wp-json\/wp\/v2\/types\/page"}],"author":[{"embeddable":true,"href":"https:\/\/visitmaacher.lu\/fr\/wp-json\/wp\/v2\/users\/1"}],"replies":[{"embeddable":true,"href":"https:\/\/visitmaacher.lu\/fr\/wp-json\/wp\/v2\/comments?post=3249"}],"version-history":[{"count":5,"href":"https:\/\/visitmaacher.lu\/fr\/wp-json\/wp\/v2\/pages\/3249\/revisions"}],"predecessor-version":[{"id":4727,"href":"https:\/\/visitmaacher.lu\/fr\/wp-json\/wp\/v2\/pages\/3249\/revisions\/4727"}],"wp:attachment":[{"href":"https:\/\/visitmaacher.lu\/fr\/wp-json\/wp\/v2\/media?parent=3249"}],"curies":[{"name":"wp","href":"https:\/\/api.w.org\/{rel}","templated":true}]}}