{"id":3244,"date":"2021-02-08T08:33:02","date_gmt":"2021-02-08T07:33:02","guid":{"rendered":"http:\/\/visitmaacher.lu\/?page_id=3244"},"modified":"2026-04-05T09:23:02","modified_gmt":"2026-04-05T07:23:02","slug":"pod","status":"publish","type":"page","link":"https:\/\/visitmaacher.lu\/fr\/possibilites-dhebergement\/pod\/","title":{"rendered":"POD"},"content":{"rendered":"<div class=\"wpb-content-wrapper\"><p>[vc_row full_width=&#8221;stretch_row_content_no_spaces&#8221; css=&#8221;.vc_custom_1612342652363{margin-top: 0px !important;margin-bottom: 0px !important;}&#8221;][vc_column][layerslider_vc id=&#8221;2&#8243;][\/vc_column][\/vc_row][vc_section full_width=&#8221;stretch_row&#8221; css=&#8221;.vc_custom_1612342591356{padding-top: 50px !important;padding-bottom: 50px !important;background-color: #88be4c !important;}&#8221;][vc_row full_width=&#8221;stretch_row&#8221; gap=&#8221;10&#8243; custom_css_code=&#8221;Ym9keSUyQyUyMHAlMkMlMjBoMSUyQyUyMGgyJTJDJTIwaDMlMkMlMjBoNCUyQyUyMGg1JTIwJTdCY29sb3IlM0ElMjB3aGl0ZSU3RA==&#8221;][vc_column width=&#8221;1\/2&#8243;][vc_column_text]<\/p>\n<h5>Un pod est un chalet en bois, qui vous attend apr\u00e8s une journ\u00e9e pleine d\u2019activit\u00e9. Les 4 pods disponibles sont munis de lit, canap\u00e9-lit, table, chaises et courant \u00e9lectrique.<\/h5>\n<p>Les pods \u2013 avec une surface ext\u00e9rieure de 15,30m\u00b2 et une surface int\u00e9rieure au sol de 11,60m\u00b2, con\u00e7us pour un maximum de 4 personnes \u2013 sont des h\u00e9bergements id\u00e9aux pour des parents avec enfants ou pour des jeunes \u2013 un vrai \u00abhighlight\u00bb dans la r\u00e9gion mosellane![\/vc_column_text][\/vc_column][vc_column width=&#8221;1\/2&#8243;][vc_column_text]<\/p>\n<h5>En tant qu\u2019enthousiaste de la nature et des activit\u00e9s \u00aboutdoor\u00bb, venez d\u00e9couvrir cette aventure extraordinaire!<\/h5>\n<p>C&#8217;est un h\u00e9bergement fantastique pour les amis de la nature et les personnes passionn\u00e9es par le VTT, la randonn\u00e9e et autres activit\u00e9s de plein air aventureuses et offre \u00e9galement un plaisir d&#8217;aventure absolu pour les enfants de tous \u00e2ges. Les chiens ne sont pas autoris\u00e9s. [\/vc_column_text][\/vc_column][\/vc_row][\/vc_section][vc_row css=&#8221;.vc_custom_1612341102821{padding-top: 100px !important;padding-bottom: 100px !important;}&#8221;][vc_column][vc_tta_tabs style=&#8221;flat&#8221; active_section=&#8221;1&#8243;][vc_tta_section i_type=&#8221;fontawesome&#8221; i_icon_fontawesome=&#8221;fas fa-hand-point-right&#8221; add_icon=&#8221;true&#8221; title=&#8221;Offre&#8221; tab_id=&#8221;1612340865567-8a572280-2c27&#8243;]<div class=\"gem-list gem-list-type-checkbox\" ><ul class=\"list list_tick\">\n<li>4 PODS pour 2-4 personnes<\/li>\n<li>Chauffage et electricit\u00e9<\/li>\n<li>Climatis\u00e9<\/li>\n<li>Check-In \u00e0 partir de 16.00 heures<\/li>\n<li>Buvette avec terasse<\/li>\n<li>Salle de d\u00e9tente avec TV<\/li>\n<li>Piste de p\u00e9tanque<\/li>\n<li>Aire de jeux pour enfants<\/li>\n<li>Bornes \u00e9lectriques pour voitures et bicyclettes dans un rayon de 400m<\/li>\n<\/ul>\n<\/div>[\/vc_tta_section][vc_tta_section i_type=&#8221;fontawesome&#8221; i_icon_fontawesome=&#8221;fas fa-euro-sign&#8221; add_icon=&#8221;true&#8221; title=&#8221;Liste des prix&#8221; tab_id=&#8221;1612340865580-2306a548-e137&#8243;]<div class=\"gem-table gem-table-responsive gem-table-style-1\"><table style=\"width: 100%;\">\n<thead>\n<tr>\n<th style=\"text-align: left;\"><strong>Camping ouvert<\/strong><\/p>\n<p>15.3-15.10<\/th>\n<th style=\"text-align: right;\"><strong>Prix par nuit<\/strong><\/p>\n<p><strong>Pr\u00e9-saison<\/strong><\/p>\n<p>15.3-30.6<\/th>\n<th style=\"text-align: right;\"><strong>Prix par nuit<\/strong><\/p>\n<p><strong>Haute-saison<\/strong><\/p>\n<p>1.7-30.9<\/th>\n<\/tr>\n<\/thead>\n<tbody>\n<tr>\n<td>Family POD 1-2pers.(12m2)<\/td>\n<td style=\"text-align: right;\">50 \u20ac<\/td>\n<td style=\"text-align: right;\">55\u20ac<\/td>\n<\/tr>\n<tr>\n<td>par semaine (7 nights=6)<\/td>\n<td style=\"text-align: right;\">300 \u20ac<\/td>\n<td style=\"text-align: right;\">330\u20ac<\/td>\n<\/tr>\n<tr>\n<td>Family POD 3pers. (12m2)<\/td>\n<td style=\"text-align: right;\">55 \u20ac<\/td>\n<td style=\"text-align: right;\">60\u20ac<\/td>\n<\/tr>\n<tr>\n<td>par semaine (7 nights=6)<\/td>\n<td style=\"text-align: right;\">330 \u20ac<\/td>\n<td style=\"text-align: right;\">360\u20ac<\/td>\n<\/tr>\n<tr>\n<td>Family POD 4pers. (12m2)<\/td>\n<td style=\"text-align: right;\">60 \u20ac<\/td>\n<td style=\"text-align: right;\">65\u20ac<\/td>\n<\/tr>\n<tr>\n<td>par semaine (7 nights=6)<\/td>\n<td style=\"text-align: right;\">360\u20ac<\/td>\n<td style=\"text-align: right;\">390\u20ac<\/td>\n<\/tr>\n<tr>\n<td><strong>Linge de lit<\/strong><\/td>\n<td style=\"text-align: right;\"><strong>Prix unitaire par pers.:\u00a0<\/strong><\/td>\n<td style=\"text-align: right;\"><strong>10\u20ac<\/strong><\/td>\n<\/tr>\n<\/tbody>\n<\/table>\n<\/div>[vc_column_text css=&#8221;&#8221;]<strong><span style=\"color: #333333;\">Nettoyage final inclus dans le prix<\/span><\/strong>[\/vc_column_text]<div class=\"gem-button-container gem-button-position-fullwidth thegem-button-69ea79598e1fa7311    \"  ><a class=\"gem-button gem-button-size-small gem-button-style-flat gem-button-text-weight-normal gem-button-icon-position-left\" data-ll-effect=\"drop-right-without-wrap\" style=\"border-radius: 3px;\" onmouseleave=\"\" onmouseenter=\"\" href=\"http:\/\/visitmaacher.lu\/wp-content\/uploads\/2026\/01\/FRTarifs-Logis-2026.pdf\" target=\"_blank\"><i class=\"gem-print-icon gem-icon-pack-material \">&#xf2dc;<\/i>T\u00e9l\u00e9charger la liste de prix<\/a><\/div> [\/vc_tta_section][vc_tta_section i_type=&#8221;fontawesome&#8221; i_icon_fontawesome=&#8221;fas fa-comments&#8221; add_icon=&#8221;true&#8221; title=&#8221;Contact&#8221; tab_id=&#8221;1612341457586-f9bb3e4d-8595&#8243;][vc_row_inner][vc_column_inner width=&#8221;1\/2&#8243;][vc_column_text css=&#8221;&#8221;]<\/p>\n<h5>Saison (15.03.-15.10.):<\/h5>\n<p><span lang=\"de-DE\">T\u00e9l.: +352 75 02 34 oder +352 75 82 75<br \/>\n<\/span>Fax: +352 75 86 66<br \/>\nEmail: <a href=\"mailto:campvin@pt.lu\">camping@visitmaacher.lu<\/a><br \/>\n<a href=\"http:\/\/www.grevenmacher-tourist.lu\/\">www.visitmaacher.lu<\/a>[\/vc_column_text][\/vc_column_inner][vc_column_inner width=&#8221;1\/2&#8243;][vc_column_text css=&#8221;&#8221;]<\/p>\n<h5>Hors Saison (16.10.-14.03.):<\/h5>\n<p>Syndicat d\u2019Initiative et de Tourisme<br \/>\nT\u00e9l.: +352 75 82 75<br \/>\nFax: +352 75 86 66<br \/>\nEmail: <a href=\"mailto:info@grevenmacher-tourist.lu\">info@visitmaacher.lu<\/a><br \/>\n<a href=\"http:\/\/www.grevenmacher-tourist.lu\/\">www.visitmaacher.lu<\/a>[\/vc_column_text][\/vc_column_inner][\/vc_row_inner][\/vc_tta_section][vc_tta_section i_type=&#8221;fontawesome&#8221; i_icon_fontawesome=&#8221;fas fa-bookmark&#8221; add_icon=&#8221;true&#8221; title=&#8221;Demande de r\u00e9servation&#8221; tab_id=&#8221;1612341523428-0790467f-7f3b&#8221;][vc_btn title=&#8221;Camping POD r\u00e9server&#8221; color=&#8221;green&#8221; align=&#8221;center&#8221; css=&#8221;&#8221; link=&#8221;url:https%3A%2F%2Fsimpleviu.lodgify.com%2Ffr%2Fcamping-pod|title:POD%20Dog%20friendly|target:_blank&#8221;][vc_btn title=&#8221;Camping POD Chiens autoris\u00e9s r\u00e9server&#8221; color=&#8221;info&#8221; align=&#8221;center&#8221; css=&#8221;&#8221; link=&#8221;url:https%3A%2F%2Fsimpleviu.lodgify.com%2Ffr%2Fcamping-pod-1|title:POD%20Dog%20friendly|target:_blank&#8221;][\/vc_tta_section][\/vc_tta_tabs][\/vc_column][\/vc_row][vc_row full_width=&#8221;stretch_row&#8221; custom_css_code=&#8221;Ym9keSUyQyUyMHAlMkMlMjBoMSUyQyUyMGgyJTJDJTIwaDMlMkMlMjBoNCUyQyUyMGg1JTIwJTdCY29sb3IlM0ElMjB3aGl0ZSU3RA==&#8221; css=&#8221;.vc_custom_1612769433824{padding-top: 100px !important;padding-bottom: 100px !important;background-color: #88be4c !important;}&#8221;][vc_column width=&#8221;2\/3&#8243;][vc_raw_html]JTNDaWZyYW1lJTIwd2lkdGglM0QlMjI3MjUlMjIlMjBoZWlnaHQlM0QlMjIzNTAlMjIlMjBmcmFtZWJvcmRlciUzRCUyMjAlMjIlMjBzY3JvbGxpbmclM0QlMjJubyUyMiUyMG1hcmdpbmhlaWdodCUzRCUyMjAlMjIlMjBtYXJnaW53aWR0aCUzRCUyMjAlMjIlMjBzcmMlM0QlMjJodHRwcyUzQSUyRiUyRnd3dy5vcGVuc3RyZWV0bWFwLm9yZyUyRmV4cG9ydCUyRmVtYmVkLmh0bWwlM0ZiYm94JTNENi40NDc3MDMyNDIzMDE5NDIlMjUyQzQ5LjY4MTMyMjc4MzYwNjA4JTI1MkM2LjQ1MTEzNjQ2OTg0MTAwNCUyNTJDNDkuNjg0NzA2ODc1NDY2MDclMjZsYXllciUzRG1hcG5payUyNm1hcmtlciUzRDQ5LjY4MzAxNDg1ODk3OTE0JTI1MkM2LjQ0OTQxOTg1NjA3MTQ3MiUyMiUyMHN0eWxlJTNEJTIyYm9yZGVyJTNBJTIwMXB4JTIwc29saWQlMjBibGFjayUyMiUzRSUzQyUyRmlmcmFtZSUzRSUzQ2JyJTJGJTNFJTNDc21hbGwlM0UlM0NhJTIwaHJlZiUzRCUyMmh0dHBzJTNBJTJGJTJGd3d3Lm9wZW5zdHJlZXRtYXAub3JnJTJGJTNGbWxhdCUzRDQ5LjY4MzAxJTI2bWxvbiUzRDYuNDQ5NDIlMjNtYXAlM0QxOCUyRjQ5LjY4MzAxJTJGNi40NDk0MiUyMiUzRVZlcmdyJUMzJUI2JUMzJTlGZXJuJTNDJTJGYSUzRSUzQyUyRnNtYWxsJTNF[\/vc_raw_html][\/vc_column][vc_column width=&#8221;1\/3&#8243;][vc_column_text]<\/p>\n<h4>Distances:<\/h4>\n<ul class=\"list\">\n<li>Centre Ville: 500 m<\/li>\n<li>Gare de bus: 200 m<\/li>\n<li>A\u00e9roport: 21 km<\/li>\n<li>Shopping: 50 m<\/li>\n<li>Piscine en plein air: 50 m<\/li>\n<\/ul>\n<p>[\/vc_column_text][vc_tta_accordion style=&#8221;outline&#8221; color=&#8221;white&#8221; c_icon=&#8221;chevron&#8221; active_section=&#8221;&#8221; no_fill=&#8221;true&#8221; collapsible_all=&#8221;true&#8221;][vc_tta_section title=&#8221;Direction Tr\u00e8ves&#8221; tab_id=&#8221;1612341662625-0af6c948-6070&#8243;][vc_column_text]<\/p>\n<ul>\n<li>Autoroute A1 Direction Luxembourg<\/li>\n<li>Sortie 14 : Grevenmacher \u2013Mertert<\/li>\n<li>N 1 tourner \u00e0 droite direction Grevenmacher<\/li>\n<li>Au rond Point : 3e Sortie \u2013Camping du Vin<\/li>\n<\/ul>\n<p>[\/vc_column_text][\/vc_tta_section][vc_tta_section title=&#8221;Direction Luxembourg&#8221; tab_id=&#8221;1612341662644-4bf518e2-8489&#8243;][vc_column_text]<\/p>\n<ul>\n<li>Autoroute A1 Direction Trier<\/li>\n<li>Sortie 14 : Grevenmacher \u2013Mertert<\/li>\n<li>N 1 tourner \u00e0 droite direction Grevenmacher<\/li>\n<li>Au rond Point : 3e Sortie \u2013Camping du Vin<\/li>\n<\/ul>\n<p>[\/vc_column_text][\/vc_tta_section][\/vc_tta_accordion][\/vc_column][\/vc_row]<\/p>\n<\/div>","protected":false},"excerpt":{"rendered":"<p>[vc_row full_width=&#8221;stretch_row_content_no_spaces&#8221; css=&#8221;.vc_custom_1612342652363{margin-top: 0px !important;margin-bottom: 0px !important;}&#8221;][vc_column][layerslider_vc id=&#8221;2&#8243;][\/vc_column][\/vc_row][vc_section full_width=&#8221;stretch_row&#8221; css=&#8221;.vc_custom_1612342591356{padding-top: 50px !important;padding-bottom: 50px !important;background-color: #88be4c !important;}&#8221;][vc_row full_width=&#8221;stretch_row&#8221; gap=&#8221;10&#8243; custom_css_code=&#8221;Ym9keSUyQyUyMHAlMkMlMjBoMSUyQyUyMGgyJTJDJTIwaDMlMkMlMjBoNCUyQyUyMGg1JTIwJTdCY29sb3IlM0ElMjB3aGl0ZSU3RA==&#8221;][vc_column width=&#8221;1\/2&#8243;][vc_column_text]&#8230;<\/p>\n","protected":false},"author":1,"featured_media":0,"parent":3226,"menu_order":0,"comment_status":"closed","ping_status":"closed","template":"","meta":{"inline_featured_image":false,"footnotes":""},"class_list":["post-3244","page","type-page","status-publish"],"_links":{"self":[{"href":"https:\/\/visitmaacher.lu\/fr\/wp-json\/wp\/v2\/pages\/3244","targetHints":{"allow":["GET"]}}],"collection":[{"href":"https:\/\/visitmaacher.lu\/fr\/wp-json\/wp\/v2\/pages"}],"about":[{"href":"https:\/\/visitmaacher.lu\/fr\/wp-json\/wp\/v2\/types\/page"}],"author":[{"embeddable":true,"href":"https:\/\/visitmaacher.lu\/fr\/wp-json\/wp\/v2\/users\/1"}],"replies":[{"embeddable":true,"href":"https:\/\/visitmaacher.lu\/fr\/wp-json\/wp\/v2\/comments?post=3244"}],"version-history":[{"count":27,"href":"https:\/\/visitmaacher.lu\/fr\/wp-json\/wp\/v2\/pages\/3244\/revisions"}],"predecessor-version":[{"id":10157,"href":"https:\/\/visitmaacher.lu\/fr\/wp-json\/wp\/v2\/pages\/3244\/revisions\/10157"}],"up":[{"embeddable":true,"href":"https:\/\/visitmaacher.lu\/fr\/wp-json\/wp\/v2\/pages\/3226"}],"wp:attachment":[{"href":"https:\/\/visitmaacher.lu\/fr\/wp-json\/wp\/v2\/media?parent=3244"}],"curies":[{"name":"wp","href":"https:\/\/api.w.org\/{rel}","templated":true}]}}