{"id":2964,"date":"2021-02-08T07:33:52","date_gmt":"2021-02-08T06:33:52","guid":{"rendered":"http:\/\/visitmaacher.lu\/?page_id=2964"},"modified":"2026-01-13T09:45:50","modified_gmt":"2026-01-13T08:45:50","slug":"informations-pratiques","status":"publish","type":"page","link":"https:\/\/visitmaacher.lu\/fr\/informations-pratiques\/","title":{"rendered":"Informations pratiques"},"content":{"rendered":"<div class=\"wpb-content-wrapper\"><p>[vc_row custom_css_code=&#8221;JTQwbWVkaWElMjAlMjhtYXgtd2lkdGglM0ElMjAxMTk5cHglMjklN0IlMEElMjAlMjAlMjAlMjAlMjAlNDBpZC53cGJfcm93JTNFJTJBJTdCJTBBJTIwJTIwJTIwJTIwJTIwJTIwJTIwJTIwbWFyZ2luLXRvcCUzQSUyMDAlM0IlMEElMjAlMjAlMjAlMjAlN0QlMEElN0QlMEElNDBtZWRpYSUyMCUyOG1heC13aWR0aCUzQSUyMDc2OHB4JTI5JTdCJTBBJTIwJTIwJTIwJTIwLmdlbS13cmFwYm94LXBvc2l0aW9uLWNlbnRlcmVkJTIwJTdCJTBBJTIwJTIwJTIwJTIwJTIwJTIwJTIwJTIwZGlzcGxheSUzQSUyMGlubGluZS1ibG9jayUzQiUwQSUyMCUyMCUyMCUyMCUyMCUyMCUyMCUyMG1heC13aWR0aCUzQSUyMDkwJTI1JTNCJTBBJTIwJTIwJTIwJTIwJTdEJTBBJTdEJTBBJTBBaDMlMjAlN0Jjb2xvciUzQSUyMHdoaXRlJTdE&#8221; css_animation=&#8221;bounceInUp&#8221; css=&#8221;.vc_custom_1612436375939{margin-bottom: 0px !important;}&#8221;][vc_column]<div id=\"fullwidth-block-69ebb6f1888a5\" class=\"fullwidth-block clearfix\"  style=\"background-color: #88be4c;padding-top: 55px;padding-bottom: 55px;\"><script type=\"text\/javascript\">if (typeof(gem_fix_fullwidth_position) == \"function\") { gem_fix_fullwidth_position(document.getElementById(\"fullwidth-block-69ebb6f1888a5\")); }<\/script><div class=\"fullwidth-block-inner\"><div class=\"container\">[vc_row_inner content_placement=&#8221;middle&#8221;][vc_column_inner][vc_column_text css=&#8221;.vc_custom_1612765812366{margin-top: 10px !important;}&#8221; css_animation=&#8221;none&#8221;]<\/p>\n<h3 style=\"text-align: center;\">T\u00e9l\u00e9chargez le plan de ville ici:<\/h3>\n<p>[\/vc_column_text]<style type=\"text\/css\">.thegem-button-69ebb6f188bf1842.lazy-loading-before-start-animation .lazy-loading-item {opacity: 0;} body.thegem-effects-disabled .thegem-button-69ebb6f188bf1842.lazy-loading-before-start-animation .lazy-loading-item {opacity: 1;}<\/style><style type=\"text\/css\">.thegem-button-69ebb6f188bf1842 .gem-button svg {fill: #ffffff;}.thegem-button-69ebb6f188bf1842 .gem-button:hover svg {fill: #ffffff;}<\/style><div class=\"gem-button-container gem-button-position-center thegem-button-69ebb6f188bf1842     lazy-loading lazy-loading-before-start-animation\"  ><a class=\"gem-button gem-button-size-medium gem-button-style-outline gem-button-text-weight-normal gem-button-border-3 gem-button-no-uppercase lazy-loading-item\" data-ll-effect=\"drop-right-without-wrap\" style=\"border-radius: 30px;border-color: #ffffff;color: #ffffff;\" onmouseleave=\"this.style.borderColor='#ffffff';this.style.backgroundColor='transparent';this.style.color='#ffffff';\" onmouseenter=\"this.style.borderColor='#ffffff';this.style.backgroundColor='rgba(255,255,255,0.34)';this.style.color='#ffffff';\" href=\"http:\/\/visitmaacher.lu\/wp-content\/uploads\/2020\/11\/Grevenmacher-Stadtplan_A3.pdf\" target=\"_blank\">Plan de ville (PDF)<\/a><\/div> [\/vc_column_inner][\/vc_row_inner]<\/div><\/div><\/div><div class=\"clearboth\"><\/div><style>#thegem-divider-69ebb6f188d28 {margin-top: 145px !important;}<\/style><div id=\"thegem-divider-69ebb6f188d28\" class=\"gem-divider  \" style=\"\" ><\/div>[\/vc_column][\/vc_row][vc_row css=&#8221;.vc_custom_1606135222507{margin-bottom: 100px !important;}&#8221;][vc_column width=&#8221;1\/2&#8243;][vc_column_text css_animation=&#8221;bottom-to-top&#8221;]<\/p>\n<h4>M\u00e9decins<\/h4>\n<p>Liste des m\u00e9decins de Grevenmacher et des environs en cas d\u2019urgence:<br \/>\n<a href=\"https:\/\/fr.doctena.lu\/Medecin_generaliste\/Grevenmacher?lng=6.44167&amp;lat=49.68056&amp;sort_by=proximity\" target=\"_blank\" rel=\"noopener\">doctena.lu<\/a>[\/vc_column_text]<div class=\"clearboth\"><\/div><style>#thegem-divider-69ebb6f188dee {margin-top: 20px !important;}#thegem-divider-69ebb6f188dee {margin-bottom: 20px !important;}<\/style><div id=\"thegem-divider-69ebb6f188dee\" class=\"gem-divider  \" style=\"border-color: #cccccc;\" ><\/div>[vc_column_text css_animation=&#8221;bottom-to-top&#8221;]<\/p>\n<h4>Pharmacies<\/h4>\n<p>Liste des pharmacies \u00e0 Grevenmacher et des environs, avec les horaires d\u2019ouverture sur le site:<br \/>\n<a href=\"https:\/\/www.pharmacie.lu\/\" target=\"_blank\" rel=\"noopener noreferrer\">https:\/\/www.pharmacie.lu<\/a>[\/vc_column_text]<div class=\"clearboth\"><\/div><style>#thegem-divider-69ebb6f188e94 {margin-top: 20px !important;}#thegem-divider-69ebb6f188e94 {margin-bottom: 20px !important;}<\/style><div id=\"thegem-divider-69ebb6f188e94\" class=\"gem-divider  \" style=\"border-color: #cccccc;\" ><\/div>[vc_column_text css_animation=&#8221;bottom-to-top&#8221;]<\/p>\n<h4>Garages<\/h4>\n<p>Deux garages se trouvent \u00e0 Grevenmacher:<br \/>\nGarage Braun Bernard, 2, rue Victor Braun, L-6744 Grevenmacher. Tel.: 75 88 94.<br \/>\nGarage Schmit et fils, 93, route de Tr\u00e8ves, L-6793 Grevenmacher. Tel.: 75 00 101.[\/vc_column_text]<div class=\"clearboth\"><\/div><style>#thegem-divider-69ebb6f188f37 {margin-top: 20px !important;}#thegem-divider-69ebb6f188f37 {margin-bottom: 20px !important;}<\/style><div id=\"thegem-divider-69ebb6f188f37\" class=\"gem-divider  \" style=\"border-color: #cccccc;\" ><\/div>[vc_column_text css_animation=&#8221;bottom-to-top&#8221;]<\/p>\n<h4>Horaires des autobus<\/h4>\n<p>A 200 m du terrain de camping, vous avez des correspondances de bus dans toutes directions (Luxembourg, Echternach, Ettelbr\u00fcck et Remich). Des correspondances de trains existent \u00e0 partir de Mertert, Wasserbillig et de Wellen (D).<br \/>\n<a href=\"https:\/\/www.mobiliteit.lu\/de\/fahrplane-und-linien\/bus\/?operator=all&amp;region=all&amp;searchKeyword=grevenmacher\" target=\"_blank\" rel=\"noopener\">mobiliteit.lu<\/a>[\/vc_column_text]<div class=\"clearboth\"><\/div><style>#thegem-divider-69ebb6f188fd9 {margin-top: 20px !important;}#thegem-divider-69ebb6f188fd9 {margin-bottom: 20px !important;}<\/style><div id=\"thegem-divider-69ebb6f188fd9\" class=\"gem-divider  \" style=\"border-color: #cccccc;\" ><\/div>[vc_column_text css_animation=&#8221;bottom-to-top&#8221;]<\/p>\n<h4>Sapeurs-Pompiers<\/h4>\n<p>Le num\u00e9ro 112 donne acc\u00e8s aux sapeurs-pompiers. On trouve des informations suppl\u00e9mentaires sur le site:<br \/>\n<a href=\"http:\/\/www.ciest.lu\/\" target=\"_blank\" rel=\"noopener\">www.ciest.lu<\/a>[\/vc_column_text]<div class=\"clearboth\"><\/div><style>#thegem-divider-69ebb6f18907a {margin-top: 20px !important;}#thegem-divider-69ebb6f18907a {margin-bottom: 20px !important;}<\/style><div id=\"thegem-divider-69ebb6f18907a\" class=\"gem-divider  \" style=\"border-color: #cccccc;\" ><\/div>[vc_column_text css_animation=&#8221;bottom-to-top&#8221;]<\/p>\n<h4>Commerces \u00e0 Grevenmacher<\/h4>\n<p>Une liste des commerces qui se trouvent \u00e0 Grevenmacher est publi\u00e9e sur le site:<br \/>\n<a href=\"http:\/\/www.ucag.lu\/\" target=\"_blank\" rel=\"noopener\">www.ucag.lu<\/a>[\/vc_column_text]<div class=\"clearboth\"><\/div><style>#thegem-divider-69ebb6f18911b {margin-top: 20px !important;}#thegem-divider-69ebb6f18911b {margin-bottom: 20px !important;}<\/style><div id=\"thegem-divider-69ebb6f18911b\" class=\"gem-divider  \" style=\"border-color: #cccccc;\" ><\/div>[vc_column_text css_animation=&#8221;bottom-to-top&#8221;]<\/p>\n<h4>Communes voisines<\/h4>\n<p><a href=\"http:\/\/www.mertert.lu\/\" target=\"_blank\" rel=\"noopener\">www.mertert.lu<\/a><br \/>\n<a href=\"http:\/\/www.wormeldange.lu\/\" target=\"_blank\" rel=\"noopener\">www.wormeldange.lu<\/a><br \/>\n<a href=\"http:\/\/www.manternach.lu\/\" target=\"_blank\" rel=\"noopener\">www.manternach.lu<\/a><br \/>\n<a href=\"http:\/\/www.wellen-mosel.de\/\" target=\"_blank\" rel=\"noopener\">www.wellen-mosel.de<\/a>[\/vc_column_text][\/vc_column][vc_column width=&#8221;1\/2&#8243;][vc_column_text css_animation=&#8221;bottom-to-top&#8221;]<\/p>\n<h4>Police<\/h4>\n<p>Le b\u00e2timent de police se trouve \u00e0 l\u2019adresse suivante: 48, rue de Machtum, L-6757 Grevenmacher, t\u00e9l.: 49977-500 ou 113.<\/p>\n<p><iframe style=\"border: 1px solid black;\" src=\"https:\/\/www.openstreetmap.org\/export\/embed.html?bbox=6.429056525230409%2C49.668919375255975%2C6.432489752769471%2C49.67230433032731&amp;layer=mapnik&amp;marker=49.6706127000257%2C6.430772200000092\" width=\"100%\" height=\"350\" frameborder=\"0\" marginwidth=\"0\" marginheight=\"0\" scrolling=\"no\"><\/iframe><br \/>\n<small><a href=\"https:\/\/www.openstreetmap.org\/?mlat=49.67061&amp;mlon=6.43077#map=18\/49.67061\/6.43077\">Agrandir<\/a><\/small>[\/vc_column_text]<div class=\"clearboth\"><\/div><style>#thegem-divider-69ebb6f1891b9 {margin-top: 20px !important;}#thegem-divider-69ebb6f1891b9 {margin-bottom: 20px !important;}<\/style><div id=\"thegem-divider-69ebb6f1891b9\" class=\"gem-divider  \" style=\"border-color: #cccccc;\" ><\/div>[vc_column_text css_animation=&#8221;bottom-to-top&#8221;]<\/p>\n<h4>Poste<\/h4>\n<p>La poste se trouve \u00e0 l\u2019adresse suivante: 1, Schiltzenplatz, L-6781 Grevenmacher.<\/p>\n<p><iframe style=\"border: 1px solid black;\" src=\"https:\/\/www.openstreetmap.org\/export\/embed.html?bbox=6.4439401030540475%2C49.67846781525655%2C6.445656716823579%2C49.68015998998246&amp;layer=mapnik&amp;marker=49.67931390998046%2C6.444798409938812\" width=\"100%\" height=\"350\" frameborder=\"0\" marginwidth=\"0\" marginheight=\"0\" scrolling=\"no\"><\/iframe><br \/>\n<small><a href=\"https:\/\/www.openstreetmap.org\/?mlat=49.67931&amp;mlon=6.44480#map=19\/49.67931\/6.44480\">Agrandir<\/a><\/small>[\/vc_column_text][\/vc_column][\/vc_row]<\/p>\n<\/div>","protected":false},"excerpt":{"rendered":"<p>[vc_row custom_css_code=&#8221;JTQwbWVkaWElMjAlMjhtYXgtd2lkdGglM0ElMjAxMTk5cHglMjklN0IlMEElMjAlMjAlMjAlMjAlMjAlNDBpZC53cGJfcm93JTNFJTJBJTdCJTBBJTIwJTIwJTIwJTIwJTIwJTIwJTIwJTIwbWFyZ2luLXRvcCUzQSUyMDAlM0IlMEElMjAlMjAlMjAlMjAlN0QlMEElN0QlMEElNDBtZWRpYSUyMCUyOG1heC13aWR0aCUzQSUyMDc2OHB4JTI5JTdCJTBBJTIwJTIwJTIwJTIwLmdlbS13cmFwYm94LXBvc2l0aW9uLWNlbnRlcmVkJTIwJTdCJTBBJTIwJTIwJTIwJTIwJTIwJTIwJTIwJTIwZGlzcGxheSUzQSUyMGlubGluZS1ibG9jayUzQiUwQSUyMCUyMCUyMCUyMCUyMCUyMCUyMCUyMG1heC13aWR0aCUzQSUyMDkwJTI1JTNCJTBBJTIwJTIwJTIwJTIwJTdEJTBBJTdEJTBBJTBBaDMlMjAlN0Jjb2xvciUzQSUyMHdoaXRlJTdE&#8221; css_animation=&#8221;bounceInUp&#8221; css=&#8221;.vc_custom_1612436375939{margin-bottom: 0px !important;}&#8221;][vc_column][\/vc_column][\/vc_row][vc_row css=&#8221;.vc_custom_1606135222507{margin-bottom: 100px !important;}&#8221;][vc_column width=&#8221;1\/2&#8243;][vc_column_text css_animation=&#8221;bottom-to-top&#8221;] M\u00e9decins Liste des m\u00e9decins de Grevenmacher et des environs&#8230;<\/p>\n","protected":false},"author":1,"featured_media":0,"parent":0,"menu_order":1,"comment_status":"closed","ping_status":"closed","template":"","meta":{"inline_featured_image":false,"footnotes":""},"class_list":["post-2964","page","type-page","status-publish"],"_links":{"self":[{"href":"https:\/\/visitmaacher.lu\/fr\/wp-json\/wp\/v2\/pages\/2964","targetHints":{"allow":["GET"]}}],"collection":[{"href":"https:\/\/visitmaacher.lu\/fr\/wp-json\/wp\/v2\/pages"}],"about":[{"href":"https:\/\/visitmaacher.lu\/fr\/wp-json\/wp\/v2\/types\/page"}],"author":[{"embeddable":true,"href":"https:\/\/visitmaacher.lu\/fr\/wp-json\/wp\/v2\/users\/1"}],"replies":[{"embeddable":true,"href":"https:\/\/visitmaacher.lu\/fr\/wp-json\/wp\/v2\/comments?post=2964"}],"version-history":[{"count":10,"href":"https:\/\/visitmaacher.lu\/fr\/wp-json\/wp\/v2\/pages\/2964\/revisions"}],"predecessor-version":[{"id":9828,"href":"https:\/\/visitmaacher.lu\/fr\/wp-json\/wp\/v2\/pages\/2964\/revisions\/9828"}],"wp:attachment":[{"href":"https:\/\/visitmaacher.lu\/fr\/wp-json\/wp\/v2\/media?parent=2964"}],"curies":[{"name":"wp","href":"https:\/\/api.w.org\/{rel}","templated":true}]}}