{"id":2959,"date":"2020-11-20T09:49:47","date_gmt":"2020-11-20T08:49:47","guid":{"rendered":"http:\/\/visitmaacher.lu\/hauptseite\/"},"modified":"2026-04-05T08:58:44","modified_gmt":"2026-04-05T06:58:44","slug":"hauptseite","status":"publish","type":"page","link":"https:\/\/visitmaacher.lu\/fr\/","title":{"rendered":"Accueil"},"content":{"rendered":"<div class=\"wpb-content-wrapper\"><p>[vc_row full_width=&#8221;stretch_row_content_no_spaces&#8221;][vc_column][layerslider_vc id=&#8221;8&#8243;][\/vc_column][\/vc_row][vc_row][vc_column width=&#8221;1\/2&#8243;][vc_column_text]Grevenmacher, m\u00e9tropole de la Moselle luxembourgeoise, est un centre commercial et administratif moderne avec de nombreuses infrastructures touristiques. La promenade de la Moselle, l\u2019embarcad\u00e8re du bateau de plaisance MS \u00abPrincesse Marie-Astrid\u00bb, les aires de jeux pour enfants, le jardin des papillons, des sentiers de randonn\u00e9e et des pistes cyclables, des courts de tennis, un bain en plein air ainsi qu\u2019un terrain de camping bien entretenus attirent chaque ann\u00e9e de nombreux visiteurs. Dans le \u00abMaacher Kulturhuef\u00bb, qui h\u00e9berge le mus\u00e9e de l\u2019imprimerie avec l\u2019exposition \u00ab Gutenberg revisited \u00bb ainsi que l\u2019exposition du jeu de cartes \u00ab Dieudonn\u00e9 \u00bb se trouvent \u00e9galement le \u00abKulturhuef Kino\u00bb et le \u00abKulturhuef Bistro\u00bb.<\/p>\n<p><strong>Afin de vous conseiller le mieux possible sur les offres touristiques locales, r\u00e9gionales et transfrontali\u00e8res, nous nous tenons \u00e0 votre disposition dans le bureau d\u2019information \u00abTourist Info\u00bb<\/strong>[\/vc_column_text][\/vc_column][vc_column width=&#8221;1\/2&#8243;][vc_column_text css=&#8221;&#8221;]<\/p>\n<h5>Heures d&#8217;ouverture:<\/h5>\n<p><strong>Janvier-Mai: <\/strong><br \/>\nLundi -Vendredi de 08.00-12.00 &amp; 13.00-17.00 heures<\/p>\n<p><strong>Juin:<\/strong><br \/>\nLundi &#8211; Vendredi de 08.00 -17.00 heures<br \/>\nSamedi 10.00 &#8211; 15.00 heures<\/p>\n<p><strong>Juillet-Ao\u00fbt:<\/strong><br \/>\nLundi &#8211; Vendredi de 08.00 -17.00 heures<br \/>\nSamedi de 10.00 &#8211; 15.00 heures<\/p>\n<p><strong>Septembre-Decembre:<\/strong><br \/>\nLundi &#8211; Vendredi de 08.00-12.00 &amp; 13.00-17.00 heures[\/vc_column_text][\/vc_column][vc_column][vc_column_text css=&#8221;.vc_custom_1612765632452{padding-top: 50px !important;padding-bottom: 50px !important;}&#8221;]<\/p>\n<h3 style=\"text-align: center;\">Nous nous r\u00e9jouissons de vous accueillir dans la \u00abTourist Info\u00bb \u00e0 Grevenmacher!<\/h3>\n<p>[\/vc_column_text][\/vc_column][\/vc_row][vc_section full_width=&#8221;stretch_row&#8221; css=&#8221;.vc_custom_1612338444842{padding-top: 100px !important;padding-bottom: 100px !important;background-color: #88be4c !important;}&#8221;][vc_row full_width=&#8221;stretch_row&#8221; css=&#8221;.vc_custom_1612450681100{padding-bottom: 33px !important;}&#8221;][vc_column width=&#8221;1\/3&#8243;][vc_single_image image=&#8221;2645&#8243; img_size=&#8221;full&#8221; css=&#8221;.vc_custom_1612336759227{margin-bottom: 5px !important;}&#8221;][vc_custom_heading text=&#8221;Camping&#8221; font_container=&#8221;tag:h3|font_size:25px|text_align:left|color:%23ffffff&#8221; google_fonts=&#8221;font_family:Open%20Sans%3A300%2C300italic%2Cregular%2Citalic%2C600%2C600italic%2C700%2C700italic%2C800%2C800italic|font_style:300%20light%20regular%3A300%3Anormal&#8221; css=&#8221;.vc_custom_1612338235520{margin-top: 20px !important;margin-bottom: 10px !important;}&#8221;]<style type=\"text\/css\">.thegem-button-69dd0b17dca152940 .gem-button svg {fill: #ffffff;}.thegem-button-69dd0b17dca152940 .gem-button:hover svg {fill: #ffffff;}<\/style><div class=\"gem-button-container gem-button-position-inline thegem-button-69dd0b17dca152940    \"  ><a title=\"Camping\" class=\"gem-button gem-button-size-small gem-button-style-outline gem-button-text-weight-thin gem-button-border-2 gem-button-no-uppercase\" data-ll-effect=\"drop-right-without-wrap\" style=\"border-radius: 3px;border-color: #ffffff;color: #ffffff;\" onmouseleave=\"this.style.borderColor='#ffffff';this.style.backgroundColor='transparent';this.style.color='#ffffff';\" onmouseenter=\"this.style.borderColor='#ffffff';this.style.backgroundColor='rgba(255,255,255,0.32)';this.style.color='#ffffff';\" href=\"http:\/\/visitmaacher.lu\/camping\/\" target=\"_self\">En savoir plus<\/a><\/div> [\/vc_column][vc_column width=&#8221;1\/3&#8243;][vc_single_image image=&#8221;2670&#8243; img_size=&#8221;full&#8221; css=&#8221;.vc_custom_1612338083635{margin-bottom: 5px !important;}&#8221;][vc_custom_heading text=&#8221;Logements de vacances camping&#8221; font_container=&#8221;tag:h3|font_size:25px|text_align:left|color:%23ffffff&#8221; google_fonts=&#8221;font_family:Open%20Sans%3A300%2C300italic%2Cregular%2Citalic%2C600%2C600italic%2C700%2C700italic%2C800%2C800italic|font_style:300%20light%20regular%3A300%3Anormal&#8221; css=&#8221;.vc_custom_1612765646956{margin-top: 20px !important;margin-bottom: 10px !important;}&#8221;]<style type=\"text\/css\">.thegem-button-69dd0b17dcc381736 .gem-button svg {fill: #ffffff;}.thegem-button-69dd0b17dcc381736 .gem-button:hover svg {fill: #ffffff;}<\/style><div class=\"gem-button-container gem-button-position-inline thegem-button-69dd0b17dcc381736    \"  ><a title=\"POD\" class=\"gem-button gem-button-size-small gem-button-style-outline gem-button-text-weight-thin gem-button-border-2 gem-button-no-uppercase\" data-ll-effect=\"drop-right-without-wrap\" style=\"border-radius: 3px;border-color: #ffffff;color: #ffffff;\" onmouseleave=\"this.style.borderColor='#ffffff';this.style.backgroundColor='transparent';this.style.color='#ffffff';\" onmouseenter=\"this.style.borderColor='#ffffff';this.style.backgroundColor='rgba(255,255,255,0.32)';this.style.color='#ffffff';\" href=\"http:\/\/visitmaacher.lu\/unterkuenfte\/ferienwohnungen-camping\/\" target=\"_self\">En savoir plus<\/a><\/div> [\/vc_column][vc_column width=&#8221;1\/3&#8243;][vc_single_image image=&#8221;3382&#8243; img_size=&#8221;full&#8221; css=&#8221;.vc_custom_1618466980201{margin-bottom: 5px !important;}&#8221;][vc_custom_heading text=&#8221;Loggia Bay Mobilhome&#8221; font_container=&#8221;tag:h3|font_size:25px|text_align:left|color:%23ffffff&#8221; google_fonts=&#8221;font_family:Open%20Sans%3A300%2C300italic%2Cregular%2Citalic%2C600%2C600italic%2C700%2C700italic%2C800%2C800italic|font_style:300%20light%20regular%3A300%3Anormal&#8221; css=&#8221;.vc_custom_1618466962906{margin-top: 20px !important;margin-bottom: 10px !important;}&#8221;]<style type=\"text\/css\">.thegem-button-69dd0b17dce184344 .gem-button svg {fill: #ffffff;}.thegem-button-69dd0b17dce184344 .gem-button:hover svg {fill: #ffffff;}<\/style><div class=\"gem-button-container gem-button-position-inline thegem-button-69dd0b17dce184344    \"  ><a title=\"POD\" class=\"gem-button gem-button-size-small gem-button-style-outline gem-button-text-weight-thin gem-button-border-2 gem-button-no-uppercase\" data-ll-effect=\"drop-right-without-wrap\" style=\"border-radius: 3px;border-color: #ffffff;color: #ffffff;\" onmouseleave=\"this.style.borderColor='#ffffff';this.style.backgroundColor='transparent';this.style.color='#ffffff';\" onmouseenter=\"this.style.borderColor='#ffffff';this.style.backgroundColor='rgba(255,255,255,0.32)';this.style.color='#ffffff';\" href=\"http:\/\/visitmaacher.lu\/fr\/loggia-bay-mobilhome\/\" target=\"_self\">En savoir plus<\/a><\/div> [\/vc_column][\/vc_row][vc_row][vc_column width=&#8221;1\/3&#8243;][vc_single_image image=&#8221;2659&#8243; img_size=&#8221;full&#8221; css=&#8221;.vc_custom_1612337100269{margin-bottom: 5px !important;}&#8221;][vc_custom_heading text=&#8221;POD&#8221; font_container=&#8221;tag:h3|font_size:25px|text_align:left|color:%23ffffff&#8221; google_fonts=&#8221;font_family:Open%20Sans%3A300%2C300italic%2Cregular%2Citalic%2C600%2C600italic%2C700%2C700italic%2C800%2C800italic|font_style:300%20light%20regular%3A300%3Anormal&#8221; css=&#8221;.vc_custom_1612338230449{margin-top: 20px !important;margin-bottom: 10px !important;}&#8221;]<style type=\"text\/css\">.thegem-button-69dd0b17dcff48299 .gem-button svg {fill: #ffffff;}.thegem-button-69dd0b17dcff48299 .gem-button:hover svg {fill: #ffffff;}<\/style><div class=\"gem-button-container gem-button-position-inline thegem-button-69dd0b17dcff48299    \"  ><a title=\"POD\" class=\"gem-button gem-button-size-small gem-button-style-outline gem-button-text-weight-thin gem-button-border-2 gem-button-no-uppercase\" data-ll-effect=\"drop-right-without-wrap\" style=\"border-radius: 3px;border-color: #ffffff;color: #ffffff;\" onmouseleave=\"this.style.borderColor='#ffffff';this.style.backgroundColor='transparent';this.style.color='#ffffff';\" onmouseenter=\"this.style.borderColor='#ffffff';this.style.backgroundColor='rgba(255,255,255,0.32)';this.style.color='#ffffff';\" href=\"http:\/\/visitmaacher.lu\/unterkuenfte\/pod\/\" target=\"_self\">En savoir plus<\/a><\/div> [\/vc_column][vc_column width=&#8221;1\/3&#8243;][vc_single_image image=&#8221;2667&#8243; img_size=&#8221;full&#8221; css=&#8221;.vc_custom_1612337895535{margin-bottom: 5px !important;}&#8221;][vc_custom_heading text=&#8221;Logements de vacances rue Syr&#8221; font_container=&#8221;tag:h3|font_size:25px|text_align:left|color:%23ffffff&#8221; google_fonts=&#8221;font_family:Open%20Sans%3A300%2C300italic%2Cregular%2Citalic%2C600%2C600italic%2C700%2C700italic%2C800%2C800italic|font_style:300%20light%20regular%3A300%3Anormal&#8221; css=&#8221;.vc_custom_1612765658702{margin-top: 20px !important;margin-bottom: 10px !important;}&#8221;]<style type=\"text\/css\">.thegem-button-69dd0b17dd1e03889 .gem-button svg {fill: #ffffff;}.thegem-button-69dd0b17dd1e03889 .gem-button:hover svg {fill: #ffffff;}<\/style><div class=\"gem-button-container gem-button-position-inline thegem-button-69dd0b17dd1e03889    \"  ><a title=\"Camping\" class=\"gem-button gem-button-size-small gem-button-style-outline gem-button-text-weight-thin gem-button-border-2 gem-button-no-uppercase\" data-ll-effect=\"drop-right-without-wrap\" style=\"border-radius: 3px;border-color: #ffffff;color: #ffffff;\" onmouseleave=\"this.style.borderColor='#ffffff';this.style.backgroundColor='transparent';this.style.color='#ffffff';\" onmouseenter=\"this.style.borderColor='#ffffff';this.style.backgroundColor='rgba(255,255,255,0.32)';this.style.color='#ffffff';\" href=\"http:\/\/visitmaacher.lu\/unterkuenfte\/ferienwohnung-syr\/\" target=\"_self\">En savoir plus<\/a><\/div> [\/vc_column][vc_column width=&#8221;1\/3&#8243;][\/vc_column][\/vc_row][\/vc_section]<\/p>\n<\/div>","protected":false},"excerpt":{"rendered":"<p>[vc_row full_width=&#8221;stretch_row_content_no_spaces&#8221;][vc_column][layerslider_vc id=&#8221;8&#8243;][\/vc_column][\/vc_row][vc_row][vc_column width=&#8221;1\/2&#8243;][vc_column_text]Grevenmacher, m\u00e9tropole de la Moselle luxembourgeoise, est un centre commercial et administratif moderne avec de nombreuses infrastructures&#8230;<\/p>\n","protected":false},"author":1,"featured_media":0,"parent":0,"menu_order":0,"comment_status":"closed","ping_status":"closed","template":"","meta":{"inline_featured_image":false,"footnotes":""},"class_list":["post-2959","page","type-page","status-publish"],"_links":{"self":[{"href":"https:\/\/visitmaacher.lu\/fr\/wp-json\/wp\/v2\/pages\/2959","targetHints":{"allow":["GET"]}}],"collection":[{"href":"https:\/\/visitmaacher.lu\/fr\/wp-json\/wp\/v2\/pages"}],"about":[{"href":"https:\/\/visitmaacher.lu\/fr\/wp-json\/wp\/v2\/types\/page"}],"author":[{"embeddable":true,"href":"https:\/\/visitmaacher.lu\/fr\/wp-json\/wp\/v2\/users\/1"}],"replies":[{"embeddable":true,"href":"https:\/\/visitmaacher.lu\/fr\/wp-json\/wp\/v2\/comments?post=2959"}],"version-history":[{"count":29,"href":"https:\/\/visitmaacher.lu\/fr\/wp-json\/wp\/v2\/pages\/2959\/revisions"}],"predecessor-version":[{"id":10147,"href":"https:\/\/visitmaacher.lu\/fr\/wp-json\/wp\/v2\/pages\/2959\/revisions\/10147"}],"wp:attachment":[{"href":"https:\/\/visitmaacher.lu\/fr\/wp-json\/wp\/v2\/media?parent=2959"}],"curies":[{"name":"wp","href":"https:\/\/api.w.org\/{rel}","templated":true}]}}