{"id":10107,"date":"2026-05-04T15:22:29","date_gmt":"2026-05-04T13:22:29","guid":{"rendered":"https:\/\/visitmaacher.lu\/?page_id=10107"},"modified":"2026-05-04T18:23:52","modified_gmt":"2026-05-04T16:23:52","slug":"randonees","status":"publish","type":"page","link":"https:\/\/visitmaacher.lu\/fr\/randonees\/","title":{"rendered":"Randonn\u00e9es"},"content":{"rendered":"<div class=\"wpb-content-wrapper\"><p>[vc_row css=&#8221;.vc_custom_1612360581128{padding-top: 100px !important;}&#8221;][vc_column width=&#8221;1\/3&#8243;][vc_gallery type=&#8221;flexslider_slide&#8221; interval=&#8221;3&#8243; images=&#8221;10417,3065,3067,3069,10416&#8243; img_size=&#8221;380&#215;260&#8243; css=&#8221;&#8221;][\/vc_column][vc_column width=&#8221;2\/3&#8243;][vc_column_text css=&#8221;&#8221;]<\/p>\n<h3>AP Grevenmacher<\/h3>\n<p class=\"p1\"><span class=\"s1\"><b>Point de d\u00e9part:<\/b><\/span> Parking Quai Marie-Astrid<\/p>\n<p class=\"p2\"><b>Distance:<\/b><span class=\"s2\"> 8 km; <\/span><span class=\"s1\"><b>Dur\u00e9e:<\/b><\/span> 2h30<\/p>\n<p class=\"p2\"><b>Niveau de difficult\u00e9:<\/b><span class=\"s2\"> moyen<\/span><\/p>\n<p><b>Description de l\u2019itin\u00e9raire:<\/b><\/p>\n<p class=\"p1\">L\u2019itin\u00e9raire emprunte la route qui passe <span class=\"s1\">pr\u00e8s du cimeti\u00e8re<\/span>. Il traverse ensuite les <span class=\"s1\">vignobles<\/span> (lieux-dits : <span class=\"s1\">Winnegsfels, Fels et Gro\u00e4erd<\/span>).<\/p>\n<p class=\"p2\"><span class=\"s2\">Le chemin m\u00e8ne ensuite <\/span>au-dessus du ruisseau Kelsbach avec ses cascades<span class=\"s2\">, en passant par <\/span>Fronay et Longkaul<span class=\"s2\">, puis longe la <\/span>chapelle de la Croix (18\u1d49 si\u00e8cle)<span class=\"s2\"> avant de <\/span>revenir au point de d\u00e9part<span class=\"s2\">.<\/span><\/p>\n<p><a href=\"http:\/\/map.geoportail.lu\/theme\/tourisme?lang=de&amp;version=3&amp;zoom=16&amp;X=716019&amp;Y=6390963&amp;layers=176&amp;opacities=1&amp;bgLayer=basemap_2015_global\" target=\"_blank\" rel=\"noopener\">www.tourisme.geoportail.lu<\/a>[\/vc_column_text][\/vc_column][\/vc_row][vc_row][vc_column]<div class=\"clearboth\"><\/div><style>#thegem-divider-69f9e85296840 {margin-top: 33px !important;}#thegem-divider-69f9e85296840 {margin-bottom: 66px !important;}<\/style><div id=\"thegem-divider-69f9e85296840\" class=\"gem-divider  \" style=\"border-color: #dddddd;\" ><\/div>[\/vc_column][\/vc_row][vc_row css=&#8221;.vc_custom_1612360559237{padding-bottom: 100px !important;}&#8221;][vc_column width=&#8221;1\/3&#8243;][vc_gallery type=&#8221;flexslider_slide&#8221; interval=&#8221;3&#8243; images=&#8221;10275,10305,10276,10277,10278&#8243; img_size=&#8221;380&#215;260&#8243; css=&#8221;&#8221;][\/vc_column][vc_column width=&#8221;2\/3&#8243;][vc_column_text css=&#8221;&#8221;]<\/p>\n<h3>GM1 R\u00c9IMERMONOUMENT \/ MONOUMENT ROMAIN<\/h3>\n<p class=\"p1\"><span class=\"s1\"><b>Point de d\u00e9part:<\/b><\/span> Gare routi\u00e8re pr\u00e8s du Centre culturel Machera<\/p>\n<p class=\"p2\"><b>Distance:<\/b><span class=\"s2\"> 12 km; <\/span><span class=\"s1\"><b>Dur\u00e9e:<\/b><\/span> 3 h 30<\/p>\n<p class=\"p2\"><b>Niveau de difficult\u00e9:<\/b><span class=\"s2\"> facile<\/span><\/p>\n<p><b>Description de l\u2019itin\u00e9raire:<\/b><\/p>\n<p class=\"p1\">En direction de la <span class=\"s1\">place du march\u00e9<\/span>, l\u2019itin\u00e9raire passe par la <span class=\"s1\">Rue de Luxembourg<\/span>, puis monte le <span class=\"s1\">Kreuzerberg<\/span> en suivant les <span class=\"s1\">14 stations du chemin de croix<\/span> jusqu\u2019\u00e0 la <span class=\"s1\">chapelle de la Croix<\/span>, construite en <span class=\"s1\">1737<\/span>.<\/p>\n<p class=\"p1\">Sur la hauteur appel\u00e9e <span class=\"s1\">Hougeriicht<\/span>, o\u00f9 du Moyen \u00c2ge jusqu\u2019\u00e0 l\u2019\u00e9poque moderne la justice \u00e9tait rendue pour les crimes graves (seul le nom du lieu en t\u00e9moigne aujourd\u2019hui), on profite pr\u00e8s de <span class=\"s1\">Longkaul<\/span> \u2014 o\u00f9 un <span class=\"s1\">\u00e9boulement rocheux s\u2019est produit il y a plusieurs si\u00e8cles<\/span> \u2014 d\u2019une vue impressionnante sur les <span class=\"s1\">vignobles et la vall\u00e9e de la Moselle<\/span>.<\/p>\n<p class=\"p1\">Apr\u00e8s avoir travers\u00e9 la <span class=\"s1\">route d\u2019Oberdonven<\/span>, le chemin continue \u00e0 travers le <span class=\"s1\">Baamb\u00ebsch<\/span> jusqu\u2019au <span class=\"s1\">R\u00e9imerdenkmol<\/span>, un <span class=\"s1\">monument fun\u00e9raire gallo-romain<\/span> situ\u00e9 sur l\u2019ancienne <span class=\"s1\">voie romaine Metz\u2013Tr\u00e8ves<\/span>, en direction du <span class=\"s1\">Potaschberg<\/span>.<\/p>\n<p class=\"p1\">L\u00e0 o\u00f9 se trouvent aujourd\u2019hui une <span class=\"s1\">zone industrielle et artisanale<\/span>, on exploitait autrefois la <span class=\"s1\">potasse<\/span>. Il faut ensuite traverser la <span class=\"s1\">route nationale N1<\/span>, d\u2019o\u00f9 le chemin m\u00e8ne vers la zone foresti\u00e8re appel\u00e9e <span class=\"s1\">Groussfooscht<\/span>.<\/p>\n<p class=\"p1\">Pour terminer, l\u2019itin\u00e9raire traverse les quartiers r\u00e9sidentiels de <span class=\"s1\">Gruewer\u00e9ck<\/span>, <span class=\"s1\">Rue de Wecker<\/span> et <span class=\"s1\">Rue des Remparts<\/span> \u2014 o\u00f9 des vestiges rappellent l\u2019ancienne <span class=\"s1\">fortification<\/span> \u2014 avant de rejoindre la <span class=\"s1\">place du march\u00e9 au centre-ville<\/span>.<\/p>\n<p><a href=\"http:\/\/map.geoportail.lu\/theme\/tourisme?map_id=971e2128d4794991ac11f7a5347cd3aa&amp;version=3&amp;zoom=14&amp;X=714377&amp;Y=6389835&amp;lang=fr&amp;layers=&amp;opacities=&amp;bgLayer=basemap_2015_global\" target=\"_blank\" rel=\"noopener\">http:\/\/map.geoportail.lu<\/a>[\/vc_column_text][\/vc_column][\/vc_row][vc_row][vc_column]<div class=\"clearboth\"><\/div><style>#thegem-divider-69f9e85296927 {margin-top: 33px !important;}#thegem-divider-69f9e85296927 {margin-bottom: 66px !important;}<\/style><div id=\"thegem-divider-69f9e85296927\" class=\"gem-divider  \" style=\"border-color: #dddddd;\" ><\/div>[\/vc_column][\/vc_row][vc_row][vc_column width=&#8221;1\/3&#8243;][vc_gallery type=&#8221;flexslider_slide&#8221; interval=&#8221;3&#8243; images=&#8221;10279,10305,10281,10283,10284,10286&#8243; img_size=&#8221;380&#215;260&#8243; css=&#8221;&#8221;][\/vc_column][vc_column width=&#8221;2\/3&#8243;][vc_column_text css=&#8221;&#8221;]<\/p>\n<h3>GM2 \u00a0Groussfooscht &#8211; HAARD<\/h3>\n<p class=\"p1\"><span class=\"s1\"><b>Point de d\u00e9part:<\/b><\/span> Gare routi\u00e8re pr\u00e8s du Centre culturel Machera<\/p>\n<p class=\"p2\"><b>Distance:<\/b><span class=\"s2\"> 7 km; <\/span><span class=\"s1\"><b>Dur\u00e9e:<\/b><\/span> 2 heures<\/p>\n<p class=\"p2\"><b>Niveau de difficult\u00e9:<\/b><span class=\"s2\"> moyen<\/span><\/p>\n<p><b>Description de l\u2019itin\u00e9raire:<\/b><\/p>\n<p class=\"p2\"><span class=\"s2\">L\u2019itin\u00e9raire passe par la <\/span>Weckerstra\u00dfe<span class=\"s2\"> et par <\/span>Gruewer\u00e9ck<span class=\"s2\"> pour rejoindre <\/span>Groussfooscht<span class=\"s2\">, un <\/span>point de vue sur la vall\u00e9e de la Moselle<span class=\"s2\">.<\/span><\/p>\n<p class=\"p1\">Le chemin continue ensuite <span class=\"s1\">\u00e0 travers la for\u00eat<\/span>, en partie le long d\u2019un <span class=\"s1\">parcours de fitness<\/span>, en direction de la zone foresti\u00e8re appel\u00e9e <span class=\"s1\">Haard<\/span>.<\/p>\n<p class=\"p1\">Apr\u00e8s avoir travers\u00e9 la <span class=\"s1\">route en direction de Wecker<\/span> et \u00eatre pass\u00e9 <span class=\"s1\">\u00a0le pont de l\u2019autoroute<\/span>, l\u2019itin\u00e9raire se poursuit vers la <span class=\"s1\">droite dans la for\u00eat<\/span>.<\/p>\n<p class=\"p1\">\u00c0 la sortie de la for\u00eat\u00a0le chemin traverse les <span class=\"s1\">vignobles<\/span> et m\u00e8ne au quartier r\u00e9sidentiel de la <span class=\"s1\">Rue Boland<\/span>, d\u2019o\u00f9 l\u2019on revient ensuite vers <span class=\"s1\">le centre du village<\/span>.<\/p>\n<p><strong><a href=\"http:\/\/map.geoportail.lu\/theme\/tourisme?lang=de&amp;version=3&amp;zoom=16&amp;X=715897&amp;Y=6390155&amp;layers=176&amp;opacities=1&amp;bgLayer=basemap_2015_global\" target=\"_blank\" rel=\"noopener\">www.tourisme.geoportail.lu<\/a><\/strong>[\/vc_column_text][\/vc_column][\/vc_row][vc_row][vc_column]<div class=\"clearboth\"><\/div><style>#thegem-divider-69f9e852969e7 {margin-top: 33px !important;}#thegem-divider-69f9e852969e7 {margin-bottom: 66px !important;}<\/style><div id=\"thegem-divider-69f9e852969e7\" class=\"gem-divider  \" style=\"border-color: #dddddd;\" ><\/div>[\/vc_column][\/vc_row][vc_row][vc_column width=&#8221;1\/3&#8243;][vc_gallery type=&#8221;flexslider_slide&#8221; interval=&#8221;3&#8243; images=&#8221;10287,10305,10290,10289,10288,10291,10292,10293,10294&#8243; img_size=&#8221;380&#215;260&#8243; css=&#8221;&#8221;][\/vc_column][vc_column width=&#8221;2\/3&#8243;][vc_column_text css=&#8221;&#8221;]<\/p>\n<h3>GM3 Groesteen<\/h3>\n<p><strong><span style=\"color: #ff0000;\">fermeture pour cause de travaux jusqu&#8217;au 02\/2027<\/span><\/strong><\/p>\n<p class=\"p1\"><span class=\"s1\"><b>Point de d\u00e9part :<\/b><\/span> Gare routi\u00e8re pr\u00e8s du Centre culturel Machera<\/p>\n<p class=\"p2\"><b>Distance:<\/b><span class=\"s2\"> 8,4 km; <\/span><span class=\"s1\"><b>Dur\u00e9e:<\/b><\/span> 2h30<\/p>\n<p class=\"p2\"><b>Niveau de difficult\u00e9:<\/b><span class=\"s2\"> facile<\/span><\/p>\n<p><b>Description de l\u2019itin\u00e9raire:<\/b><\/p>\n<p class=\"p1\">En passant par la <span class=\"s1\">place du march\u00e9<\/span>, l\u2019itin\u00e9raire emprunte la <span class=\"s1\">Rue des Remparts<\/span>, o\u00f9 une ancienne tour des fortifications rappelle une partie de l\u2019histoire de <span class=\"s1\">Grevenmacher<\/span>. Le chemin se dirige ensuite vers la <span class=\"s1\">Rue Hiel<\/span>, une rue r\u00e9sidentielle au bout de laquelle se trouve une <span class=\"s1\">ferme<\/span>.<\/p>\n<p class=\"p1\">En traversant le <span class=\"s1\">pont de l\u2019autoroute A1<\/span>, l\u2019itin\u00e9raire continue vers la zone foresti\u00e8re appel\u00e9e <span class=\"s1\">Haard<\/span>. Une \u00e9tape importante du parcours est le <span class=\"s1\">Groesteen<\/span>, un <span class=\"s1\">dolmen datant de l\u2019\u00e9poque pr\u00e9chr\u00e9tienne<\/span>, dont l\u2019histoire est d\u00e9crite en d\u00e9tail sur Internet.<\/p>\n<p class=\"p1\">De l\u00e0, le chemin traverse la route et m\u00e8ne vers la localit\u00e9 de <span class=\"s1\">M\u00fcnschecker<\/span>. Il continue ensuite <span class=\"s1\">\u00e0 travers champs et prairies<\/span>, suivi d\u2019un court tron\u00e7on le long de la route.<\/p>\n<p class=\"p1\">Apr\u00e8s avoir travers\u00e9 un <span class=\"s1\">pont<\/span>, l\u2019itin\u00e9raire tourne <span class=\"s1\">\u00e0 gauche<\/span>, longe l\u2019<span class=\"s1\">autoroute A1<\/span> et m\u00e8ne au <span class=\"s1\">P\u00e4erdsmoart<\/span>, un endroit o\u00f9 <span class=\"s1\">le commerce de chevaux avait lieu autrefois<\/span>.<\/p>\n<p class=\"p2\"><span class=\"s2\">Le parcours traverse ensuite un <\/span>quartier r\u00e9sidentiel<span class=\"s2\">, en passant par la <\/span>Rue de M\u00fcnschecker<span class=\"s2\">, puis par la <\/span>Rue des Caves<span class=\"s2\"> et la <\/span>Rue de Tr\u00e8ves<span class=\"s2\">, avant de <\/span>revenir au point de d\u00e9part<span class=\"s2\">.<\/span><\/p>\n<p><a href=\"http:\/\/map.geoportail.lu\" target=\"_blank\" rel=\"noopener\">http:\/\/map.geoportail.lu<\/a>[\/vc_column_text][\/vc_column][\/vc_row][vc_row][vc_column]<div class=\"clearboth\"><\/div><style>#thegem-divider-69f9e85296a7a {margin-top: 33px !important;}#thegem-divider-69f9e85296a7a {margin-bottom: 66px !important;}<\/style><div id=\"thegem-divider-69f9e85296a7a\" class=\"gem-divider  \" style=\"border-color: #dddddd;\" ><\/div>[\/vc_column][\/vc_row][vc_row][vc_column width=&#8221;1\/3&#8243;][vc_gallery type=&#8221;flexslider_slide&#8221; interval=&#8221;3&#8243; images=&#8221;10295,10305,10303,10296,10298,10299,10300,10302&#8243; img_size=&#8221;380&#215;260&#8243; css=&#8221;&#8221;][\/vc_column][vc_column width=&#8221;2\/3&#8243;][vc_column_text css=&#8221;&#8221;]<\/p>\n<h3>GM4 P\u00c4ERDSMAART<\/h3>\n<p class=\"p1\"><span class=\"s1\"><b>Point de d\u00e9part:<\/b><\/span> Gare routi\u00e8re pr\u00e8s du Centre culturel Machera<\/p>\n<p class=\"p2\"><b>Distance:<\/b><span class=\"s2\"> 4,6 km; <\/span><span class=\"s1\"><b>Dur\u00e9e:<\/b><\/span> 1h30<\/p>\n<p class=\"p2\"><b>Niveau de difficult\u00e9:<\/b><span class=\"s2\"> facile<\/span><\/p>\n<p><b>Description de l\u2019itin\u00e9raire:<\/b><\/p>\n<p class=\"p2\"><span class=\"s2\">Le parcours longe la <\/span>place du march\u00e9<span class=\"s2\"> et passe par la <\/span>Rue de M\u00fcnschecker<span class=\"s2\"> jusqu\u2019au <\/span>P\u00e4erdsmaart<span class=\"s2\">, un lieu o\u00f9 <\/span>le commerce de chevaux avait lieu autrefois<span class=\"s2\">.<\/span><\/p>\n<p class=\"p1\">Sur la hauteur appel\u00e9e <span class=\"s1\">Op Flohr<\/span>, on d\u00e9couvre une vue sur des <span class=\"s1\">terres agricoles<\/span> ainsi que sur les <span class=\"s1\">vignobles du Leitschberg<\/span>. De l\u00e0, on b\u00e9n\u00e9ficie \u00e9galement d\u2019une <span class=\"s1\">bonne vue sur la zone portuaire<\/span>.<\/p>\n<p class=\"p2\"><span class=\"s2\">Le chemin continue ensuite <\/span>le long du stade sportif<span class=\"s2\">, rejoint la <\/span>Rue de Tr\u00e8ves<span class=\"s2\"> et m\u00e8ne <\/span>de nouveau vers le centre-ville<span class=\"s2\">.<\/span><\/p>\n<p><a href=\"http:\/\/map.geoportail.lu\" target=\"_blank\" rel=\"noopener\">http:\/\/map.geoportail.lu<\/a>[\/vc_column_text][\/vc_column][\/vc_row][vc_row][vc_column]<div class=\"clearboth\"><\/div><style>#thegem-divider-69f9e85296b44 {margin-top: 33px !important;}#thegem-divider-69f9e85296b44 {margin-bottom: 66px !important;}<\/style><div id=\"thegem-divider-69f9e85296b44\" class=\"gem-divider  \" style=\"border-color: #dddddd;\" ><\/div>[\/vc_column][\/vc_row][vc_row][vc_column width=&#8221;1\/3&#8243;][vc_gallery type=&#8221;flexslider_slide&#8221; interval=&#8221;3&#8243; images=&#8221;3129,3143,3079,3081,3131&#8243; img_size=&#8221;380&#215;260&#8243;][\/vc_column][vc_column width=&#8221;2\/3&#8243;][vc_column_text css=&#8221;&#8221;]<\/p>\n<h3>Promenade culturelle<br \/>\n<span style=\"font-size: 20px;\">\u00e0 travers la vieille ville fortifi\u00e9e<\/span><\/h3>\n<p>La m\u00e9tropole de la Moselle, \u00e9galement centre commercial, regarde avec fiert\u00e9 sur son pass\u00e9 riche en histoire et vous invite \u00e0 d\u00e9couvrir les traces de ce pass\u00e9 sur une promenade culturelle \u00e0 travers la vieille ville fortifi\u00e9e.<\/p>\n<p>[\/vc_column_text][\/vc_column][\/vc_row][vc_row][vc_column]<div class=\"clearboth\"><\/div><style>#thegem-divider-69f9e85296c0c {margin-top: 33px !important;}#thegem-divider-69f9e85296c0c {margin-bottom: 66px !important;}<\/style><div id=\"thegem-divider-69f9e85296c0c\" class=\"gem-divider  \" style=\"border-color: #dddddd;\" ><\/div>[\/vc_column][\/vc_row][vc_row][vc_column width=&#8221;1\/3&#8243;][vc_gallery type=&#8221;flexslider_slide&#8221; interval=&#8221;3&#8243; images=&#8221;3083&#8243; img_size=&#8221;380&#215;260&#8243;][\/vc_column][vc_column width=&#8221;2\/3&#8243;][vc_column_text css=&#8221;&#8221;]<\/p>\n<h3>Chemin St. Jacques de Compostelle<\/h3>\n<p>Ce chemin m\u00e8ne d\u2019Ouren\/Lieler pr\u00e8s de la fronti\u00e8re belgo-allemande \u00e0 Vianden et \u00e0 Echternach, puis, en passant par Grevenmacher, \u00e0 la ville de Luxembourg. Les \u00e9tapes suivantes m\u00e8nent les p\u00e8lerins de Luxembourg \u00e0 Schengen en passant par Dudelange.<\/p>\n<p><a style=\"font-family: 'Source Sans Pro'; font-size: 16px; font-weight: normal;\" href=\"http:\/\/www.caminosantiago.lu\/\" target=\"_blank\" rel=\"noopener\">www.caminosantiago.lu<\/a><br \/>\n<a href=\"http:\/\/map.geoportail.lu\/theme\/tourisme?lang=de&amp;version=3&amp;zoom=13&amp;X=714399&amp;Y=6390899&amp;layers=218&amp;opacities=1&amp;bgLayer=basemap_2015_global&amp;crosshair=false\" target=\"_blank\" rel=\"noopener\">www.tourisme.geoportail.lu<\/a>[\/vc_column_text][\/vc_column][\/vc_row][vc_row][vc_column]<div class=\"clearboth\"><\/div><style>#thegem-divider-69f9e85296cd0 {margin-top: 33px !important;}#thegem-divider-69f9e85296cd0 {margin-bottom: 66px !important;}<\/style><div id=\"thegem-divider-69f9e85296cd0\" class=\"gem-divider  \" style=\"border-color: #dddddd;\" ><\/div>[\/vc_column][\/vc_row][vc_row][vc_column width=&#8221;1\/3&#8243;][vc_gallery type=&#8221;flexslider_slide&#8221; interval=&#8221;3&#8243; images=&#8221;3087&#8243; img_size=&#8221;380&#215;260&#8243;][\/vc_column][vc_column width=&#8221;2\/3&#8243;][vc_column_text css=&#8221;&#8221;]<\/p>\n<h3>Sentier de la Moselle<br \/>\n<span style=\"font-size: 20px;\">(Wasserbillig-Schengen 60 km)<\/span><\/h3>\n<p>Le sentier de la Moselle vous fait d\u00e9couvrir les plus beaux endroits d\u2019un paysage riche en cultures diff\u00e9rentes et en traditions plus que mill\u00e9naires. Laissez-vous s\u00e9duire par la beaut\u00e9 des sentiers, qui vous m\u00e8nent \u00e0 travers des vignobles et de pittoresques villages mosellans et qui vous offrent des vues sur une des plus belles voies navigables d\u2019Europe.<\/p>\n<p><a href=\"http:\/\/map.geoportail.lu\/theme\/tourisme?lang=de&amp;version=3&amp;zoom=13&amp;X=714399&amp;Y=6390899&amp;layers=218&amp;opacities=1&amp;bgLayer=basemap_2015_global&amp;crosshair=false\" target=\"_blank\" rel=\"noopener\"><br \/>\n<\/a><a href=\"http:\/\/map.geoportail.lu\/theme\/tourisme?lang=de&amp;version=3&amp;zoom=13&amp;X=714400&amp;Y=6390900&amp;layers=235&amp;opacities=1&amp;bgLayer=basemap_2015_global&amp;crosshair=false\" target=\"_blank\" rel=\"noopener\">www.tourisme.geoportail.lu<\/a>[\/vc_column_text][\/vc_column][\/vc_row][vc_row][vc_column]<div class=\"clearboth\"><\/div><style>#thegem-divider-69f9e85296d94 {margin-top: 33px !important;}#thegem-divider-69f9e85296d94 {margin-bottom: 66px !important;}<\/style><div id=\"thegem-divider-69f9e85296d94\" class=\"gem-divider  \" style=\"border-color: #dddddd;\" ><\/div>[\/vc_column][\/vc_row][vc_row][vc_column width=&#8221;1\/3&#8243;][vc_gallery type=&#8221;flexslider_slide&#8221; interval=&#8221;3&#8243; images=&#8221;3089&#8243; img_size=&#8221;380&#215;260&#8243;][\/vc_column][vc_column width=&#8221;2\/3&#8243;][vc_column_text css=&#8221;&#8221;]<\/p>\n<h3>Sentier CFL Manternach-Mertert<\/h3>\n<p>A partir de la gare de Manternach \u2013 \u00e0 5 km de Grevenmacher \u2013 vous avez la possibilit\u00e9 de faire une promenade de 11,5 km qui m\u00e8ne \u00e0 Mertert par la vall\u00e9e de la Syre et vous pouvez continuer jusqu\u2019\u00e0 Wasserbillig.<\/p>\n<h3><a style=\"font-family: 'Source Sans Pro'; font-size: 16px; font-weight: normal;\" href=\"http:\/\/map.geoportail.lu\/theme\/tourisme?lang=de&amp;version=3&amp;zoom=14&amp;X=715833&amp;Y=6390909&amp;layers=158&amp;opacities=1&amp;bgLayer=basemap_2015_global\" target=\"_blank\" rel=\"noopener\">www.tourisme.geoportail.lu\/CFL\/Rail<\/a><\/h3>\n<p>[\/vc_column_text][\/vc_column][\/vc_row][vc_row][vc_column]<div class=\"clearboth\"><\/div><style>#thegem-divider-69f9e85296e66 {margin-top: 33px !important;}#thegem-divider-69f9e85296e66 {margin-bottom: 66px !important;}<\/style><div id=\"thegem-divider-69f9e85296e66\" class=\"gem-divider  \" style=\"border-color: #dddddd;\" ><\/div>[\/vc_column][\/vc_row][vc_row][vc_column width=&#8221;1\/3&#8243;][vc_gallery type=&#8221;flexslider_slide&#8221; interval=&#8221;3&#8243; images=&#8221;3109,3101,3103&#8243; img_size=&#8221;380&#215;260&#8243;][\/vc_column][vc_column width=&#8221;2\/3&#8243;][vc_column_text css=&#8221;&#8221;]<\/p>\n<h3>Moselsteig Schengen\u2013Koblenz<\/h3>\n<p>Le \u00abMoselsteig\u00bb a une longueur de 365 km et est divis\u00e9 en 24 \u00e9tapes entre Perl (D) et Coblence (D). Ce sentier passe par Wellen (D), village voisin de Grevenmacher.<\/p>\n<h3><a style=\"font-family: 'Source Sans Pro'; font-size: 16px; font-weight: normal;\" href=\"http:\/\/www.moselsteig.de\/die-etappen\/tour\/moselsteig-etappe-3-nittel-konz\/alpstein.html\" target=\"_blank\" rel=\"noopener\">www.moselsteig.de<\/a><\/h3>\n<p>[\/vc_column_text][\/vc_column][\/vc_row][vc_row][vc_column]<div class=\"clearboth\"><\/div><style>#thegem-divider-69f9e85296f25 {margin-top: 33px !important;}#thegem-divider-69f9e85296f25 {margin-bottom: 66px !important;}<\/style><div id=\"thegem-divider-69f9e85296f25\" class=\"gem-divider  \" style=\"border-color: #dddddd;\" ><\/div>[\/vc_column][\/vc_row][vc_row][vc_column width=&#8221;1\/3&#8243;][vc_gallery type=&#8221;flexslider_slide&#8221; interval=&#8221;3&#8243; images=&#8221;3107,3105&#8243; img_size=&#8221;380&#215;260&#8243;][\/vc_column][vc_column width=&#8221;2\/3&#8243;][vc_column_text css=&#8221;&#8221;]<\/p>\n<h3>Traumschleife Saar-Hunsr\u00fcck-Steig<\/h3>\n<p>A proximit\u00e9 de Grevenmacher on peut se promener sur deux \u00abTraumschleifen\u00bb (\u00abboucles de r\u00eave\u00bb), qui font partie du \u00abSaar-Hunsr\u00fcck-Steig\u00bb. Il s\u2019agit du \u00abWein- und Naturpfad Palmberg\u00bb \u00e0 Ahn (\u00e0 5 km de Grevenmacher), et de la \u00abTraumschleife Manternacher Fels\u00bb \u00e0 4 km de Grevenmacher.<\/p>\n<p>&nbsp;<\/p>\n<p><a href=\"http:\/\/www.saar-hunsrueck-steig.de\/\" target=\"_blank\" rel=\"noopener\">www.saar-hunsrueck-steig.de<\/a>[\/vc_column_text][\/vc_column][\/vc_row][vc_row][vc_column]<div class=\"clearboth\"><\/div><style>#thegem-divider-69f9e85296fe3 {margin-top: 33px !important;}#thegem-divider-69f9e85296fe3 {margin-bottom: 66px !important;}<\/style><div id=\"thegem-divider-69f9e85296fe3\" class=\"gem-divider  \" style=\"border-color: #dddddd;\" ><\/div>[\/vc_column][\/vc_row][vc_row css=&#8221;.vc_custom_1612363666855{padding-bottom: 50px !important;}&#8221;][vc_column width=&#8221;1\/3&#8243;][vc_gallery type=&#8221;flexslider_slide&#8221; interval=&#8221;3&#8243; images=&#8221;3113&#8243; img_size=&#8221;380&#215;260&#8243;][\/vc_column][vc_column width=&#8221;2\/3&#8243;][vc_column_text css=&#8221;&#8221;]<\/p>\n<h3>La Route des Romains<\/h3>\n<p>Le monument fun\u00e9raire d\u00e9couvert \u00e0 Grevenmacher-Potaschberg sur le site arch\u00e9ologique gallo-roman avait une hauteur d\u2019au moins 12 m. Seulement une partie a \u00e9t\u00e9 reconstruite. On y voit des ornements mythiques, mais \u00e9galement des sc\u00e8nes de vie d\u2019une riche famille vigneronne.<\/p>\n<p><a href=\"http:\/\/www.strassen-der-roemer.eu\/\" target=\"_blank\" rel=\"noopener\">www.strassen-der-roemer.eu<\/a>[\/vc_column_text][\/vc_column][\/vc_row][vc_row][vc_column]<div class=\"clearboth\"><\/div><style>#thegem-divider-69f9e8529709f {margin-top: 33px !important;}#thegem-divider-69f9e8529709f {margin-bottom: 66px !important;}<\/style><div id=\"thegem-divider-69f9e8529709f\" class=\"gem-divider  \" style=\"border-color: #dddddd;\" ><\/div>[\/vc_column][\/vc_row][vc_row full_width=&#8221;stretch_row&#8221; custom_css_code=&#8221;aDElMkMlMjBoMiUyQyUyMGgzJTJDJTIwaDQlMkMlMjBoNSUyQyUyMGg2JTJDJTIwcCUyQyUyMGxpJTIwJTdCY29sb3IlM0ElMjB3aGl0ZSUyMCUyMWltcG9ydGFudCUzQiU3RA==&#8221; css=&#8221;.vc_custom_1612422523427{margin-bottom: 0px !important;padding-top: 50px !important;padding-bottom: 50px !important;background-color: #88be4c !important;}&#8221;][vc_column][vc_column_text css=&#8221;&#8221;]<\/p>\n<h2 style=\"text-align: center;\">Carte des Randonn\u00e9es<\/h2>\n<div class=\"inside\" style=\"text-align: center;\"><span style=\"color: #ffffff;\">T\u00e9l\u00e9chargez la carte<\/span><\/div>\n<p>[\/vc_column_text]<style type=\"text\/css\">.thegem-button-69f9e852973961947 .gem-button svg {fill: #ffffff;}.thegem-button-69f9e852973961947 .gem-button:hover svg {fill: #ffffff;}<\/style><div class=\"gem-button-container gem-button-position-center thegem-button-69f9e852973961947    \"  ><a class=\"gem-button gem-button-size-large gem-button-style-outline gem-button-text-weight-normal gem-button-border-2 gem-button-no-uppercase\" data-ll-effect=\"drop-right-without-wrap\" style=\"border-radius: 3px;border-color: #ffffff;color: #ffffff;\" onmouseleave=\"this.style.borderColor='#ffffff';this.style.backgroundColor='transparent';this.style.color='#ffffff';\" onmouseenter=\"this.style.borderColor='#ffffff';this.style.backgroundColor='rgba(255,255,255,0.32)';this.style.color='#ffffff';\" href=\"http:\/\/visitmaacher.lu\/wp-content\/uploads\/2026\/05\/cc-SITG-Schreibblock-Wanderwege2025-23.12.25-V3.pdf\" target=\"_blank\">Carte des Randonn\u00e9es PDF (5mb)<\/a><\/div> [\/vc_column][\/vc_row][vc_row][vc_column]<div class=\"clearboth\"><\/div><style>#thegem-divider-69f9e852974fe {margin-top: 33px !important;}#thegem-divider-69f9e852974fe {margin-bottom: 66px !important;}<\/style><div id=\"thegem-divider-69f9e852974fe\" class=\"gem-divider  \" style=\"border-color: #dddddd;\" ><\/div>[\/vc_column][\/vc_row][vc_row full_width=&#8221;stretch_row&#8221; custom_css_code=&#8221;aDElMkMlMjBoMiUyQyUyMGgzJTJDJTIwaDQlMkMlMjBoNSUyQyUyMGg2JTJDJTIwcCUyQyUyMGxpJTIwJTdCY29sb3IlM0ElMjB3aGl0ZSUyMCUyMWltcG9ydGFudCUzQiU3RA==&#8221; css=&#8221;.vc_custom_1774877849069{margin-bottom: 0px !important;padding-top: 50px !important;padding-bottom: 50px !important;}&#8221;][vc_column][vc_btn title=&#8221;Wanderwee\u00ebr L\u00ebtzebuerg&#8221; color=&#8221;primary&#8221; align=&#8221;center&#8221; css=&#8221;&#8221; link=&#8221;url:https%3A%2F%2Fwww.wwl.lu%2Findex.php%2Fww-no-gemeng%2Fgemeng-greiwemaacher-grevenmacher|title:Wanderweer%20Letzebuerg|target:_blank&#8221;][vc_column_text css=&#8221;.vc_custom_1775551287193{background-color: #FFFFFF !important;}&#8221;]<\/p>\n<p class=\"p1\" style=\"text-align: center;\"><span style=\"color: #000000;\"><b>Plus d\u2019informations sur les sentiers de randonn\u00e9e \u00e0 Grevenmacher sont disponibles sur le site des Wanderwe\u00ebr L\u00ebtzebuerg.<\/b><\/span><\/p>\n<p>[\/vc_column_text][\/vc_column][\/vc_row]<\/p>\n<\/div>","protected":false},"excerpt":{"rendered":"<p>[vc_row css=&#8221;.vc_custom_1612360581128{padding-top: 100px !important;}&#8221;][vc_column width=&#8221;1\/3&#8243;][vc_gallery type=&#8221;flexslider_slide&#8221; interval=&#8221;3&#8243; images=&#8221;10417,3065,3067,3069,10416&#8243; img_size=&#8221;380&#215;260&#8243; css=&#8221;&#8221;][\/vc_column][vc_column width=&#8221;2\/3&#8243;][vc_column_text css=&#8221;&#8221;] AP Grevenmacher Point de d\u00e9part: Parking Quai Marie-Astrid&#8230;<\/p>\n","protected":false},"author":4,"featured_media":0,"parent":0,"menu_order":0,"comment_status":"closed","ping_status":"closed","template":"","meta":{"inline_featured_image":false,"footnotes":""},"class_list":["post-10107","page","type-page","status-publish"],"_links":{"self":[{"href":"https:\/\/visitmaacher.lu\/fr\/wp-json\/wp\/v2\/pages\/10107","targetHints":{"allow":["GET"]}}],"collection":[{"href":"https:\/\/visitmaacher.lu\/fr\/wp-json\/wp\/v2\/pages"}],"about":[{"href":"https:\/\/visitmaacher.lu\/fr\/wp-json\/wp\/v2\/types\/page"}],"author":[{"embeddable":true,"href":"https:\/\/visitmaacher.lu\/fr\/wp-json\/wp\/v2\/users\/4"}],"replies":[{"embeddable":true,"href":"https:\/\/visitmaacher.lu\/fr\/wp-json\/wp\/v2\/comments?post=10107"}],"version-history":[{"count":29,"href":"https:\/\/visitmaacher.lu\/fr\/wp-json\/wp\/v2\/pages\/10107\/revisions"}],"predecessor-version":[{"id":10472,"href":"https:\/\/visitmaacher.lu\/fr\/wp-json\/wp\/v2\/pages\/10107\/revisions\/10472"}],"wp:attachment":[{"href":"https:\/\/visitmaacher.lu\/fr\/wp-json\/wp\/v2\/media?parent=10107"}],"curies":[{"name":"wp","href":"https:\/\/api.w.org\/{rel}","templated":true}]}}